{"id":716,"date":"2024-05-22T09:12:53","date_gmt":"2024-05-22T09:12:53","guid":{"rendered":"https:\/\/fundacioesteve.mortensen.cat\/qui-som\/"},"modified":"2026-04-08T09:26:40","modified_gmt":"2026-04-08T09:26:40","slug":"about-us","status":"publish","type":"page","link":"https:\/\/fundacioesteve.mortensen.cat\/en\/about-us\/","title":{"rendered":"The Foundation"},"content":{"rendered":"<section class=\"flex flex-col py-4 container-fluid gap-y-3 lg:py-8\">\n        <h1 class=\"desk-h1 mbl-h1\">Legacy<\/h1>\n\n  <\/section>\n      <div class=\"sticky z-20 w-full h-auto !border-t-2 !border-b border-grey-100 sticky-top-space bg-grey-50 \">\n              <div class=\"menu-legacy-container\"><ul id=\"menu-legacy\" class=\"-mt-[2px] nav about-navigation flex  flex-row flex-nowrap text-xs max-md:justify-between gap-x-4 md:gap-x-6 container-fluid relative overflow-x-scroll\"><li id=\"menu-item-799\" class=\"menu-item menu-item-type-post_type menu-item-object-page menu-item-799\"><a href=\"https:\/\/fundacioesteve.mortensen.cat\/en\/about-us\/\">What we do<\/a><\/li>\n<li id=\"menu-item-801\" class=\"menu-item menu-item-type-post_type menu-item-object-page menu-item-801\"><a href=\"https:\/\/fundacioesteve.mortensen.cat\/en\/about-us\/vision-mission-and-values\/\">How we do it<\/a><\/li>\n<li id=\"menu-item-800\" class=\"menu-item menu-item-type-post_type menu-item-object-page menu-item-800\"><a href=\"https:\/\/fundacioesteve.mortensen.cat\/en\/about-us\/history\/\">Timeline<\/a><\/li>\n<\/ul><\/div>\n          <\/div>\n  \n  \n\n<section class=\"relative flex aspect-[188\/405] md:aspect-video\">\n    <div class=\"relative z-10 grid grid-cols-3 py-8 container-fluid gap-x-8 lg:py-16\">\n                        <div class=\"col-span-full md:col-span-2\">\n            <div class=\"text-white desk-h1 mbl-h1\">Promoting research in pharmacology for more than 40 years<\/div>\n          <\/div>\n                  <\/div>\n    <div class=\"absolute inset-0 z-0\">\n      <picture class=\"object-cover object-top w-full h-full\">\n        <source srcset=\"https:\/\/fundacioesteve.mortensen.cat\/app\/uploads\/2024\/06\/fundacio-esteve-patronat.jpg\" media=\"(min-width: 768px)\">\n        <source srcset=\"https:\/\/fundacioesteve.mortensen.cat\/app\/uploads\/2024\/06\/fundacio-esteve-patronat-vert.jpg\" media=\"(min-width: 0px)\">\n        <img decoding=\"async\" class=\"object-cover object-top w-full h-full\" src=\"https:\/\/fundacioesteve.mortensen.cat\/app\/uploads\/2024\/06\/fundacio-esteve-patronat.jpg\" alt=\"\" \/>\n      <\/picture>\n    <\/div>\n  <\/section>\n\n\n<section class=\"grid grid-cols-12 py-10 container-fluid gap-x-8 gap-y-6 lg:gap-y-10 \">\n    <div class=\"col-span-full\">\n      <h2 class=\"desk-h2 mbl-h2\">What we do<\/h2>\n    <\/div>\n    <div class=\"col-span-full md:col-span-6 md:col-start-5 lg:col-span-5 lg:col-start-6\">\n      <div class=\"prose-p:pb-4 prose-a:text-red-500 prose-a:transition prose-a:duration-150 prose-a:ease-in-out hover:prose-a:underline prose-a:underline-offset-2 prose-a:decoration-black\"><p>We seek to continue the scientific legacy of Dr. Antoni Esteve i Subirana, with the mission of generating and transferring knowledge in pharmacology through projects such as the\u00a0<strong>UB \u2013 Dr. Antoni Esteve i Subirana Chair of Research in Pharmacology<\/strong>, and the <strong>Research Awards<\/strong>.<\/p>\n<p>To this end, the actions developed within each project align with one or more of the following purposes:<\/p>\n<\/div>\n    <\/div>\n  <\/section>\n\n\n<section class=\"grid grid-cols-12 py-10 container-fluid gap-x-8 gap-y-6 lg:gap-y-10\">\n    <div class=\"col-span-full\">\n      <h2 class=\"desk-h2 mbl-h2\"><\/h2>\n    <\/div>\n    <div class=\"divide-y-2 col-span-full divide-grey-200 lg:col-span-10 lg:col-start-3\">\n              <div class=\"grid grid-cols-10 pt-10 pb-6 gap-x-8 gap-y-4 first-of-type:pt-0\">\n          <div class=\"grid col-span-full gap-y-4 md:col-span-3 lg:col-start-2 xl:col-span-2 xl:col-start-2\">\n            <h3 class=\"order-2 font-serif text-xl md:order-1\">We generate science<\/h3>\n            \n          <\/div>\n          <div class=\"flex flex-col col-span-full gap-y-4 md:col-span-6 lg:col-span-5 lg:gap-y-6\">\n            <p>We organize conferences, round tables, and meetings to create spaces for <strong>scientific debate<\/strong> where experts can share and contrast knowledge on relevant topics in pharmacology.<\/p>\n\n                      <\/div>\n        <\/div>\n              <div class=\"grid grid-cols-10 pt-10 pb-6 gap-x-8 gap-y-4 first-of-type:pt-0\">\n          <div class=\"grid col-span-full gap-y-4 md:col-span-3 lg:col-start-2 xl:col-span-2 xl:col-start-2\">\n            <h3 class=\"order-2 font-serif text-xl md:order-1\">We communicate science<\/h3>\n            \n          <\/div>\n          <div class=\"flex flex-col col-span-full gap-y-4 md:col-span-6 lg:col-span-5 lg:gap-y-6\">\n            <p>We develop initiatives to foster the communication of scientific knowledge in health through <strong>courses, workshops and training activities<\/strong> aimed at researchers, and we promote initiatives that connect science with journalism and the media in order to facilitate and enhance communicative practice and research knowledge transfer.<\/p>\n\n                      <\/div>\n        <\/div>\n              <div class=\"grid grid-cols-10 pt-10 pb-6 gap-x-8 gap-y-4 first-of-type:pt-0\">\n          <div class=\"grid col-span-full gap-y-4 md:col-span-3 lg:col-start-2 xl:col-span-2 xl:col-start-2\">\n            <h3 class=\"order-2 font-serif text-xl md:order-1\">We promote scientific culture<\/h3>\n            \n          <\/div>\n          <div class=\"flex flex-col col-span-full gap-y-4 md:col-span-6 lg:col-span-5 lg:gap-y-6\">\n            <p>We bring science closer to society through <strong>inclusive and educational activities<\/strong> where science and culture interact to disseminate scientific knowledge, with special attention to promote the use of scientific terminology in Catalan.<\/p>\n\n                      <\/div>\n        <\/div>\n          <\/div>\n\n  <\/section>\n\n\n<section class=\" bg-grey-100 \">\n          <div class=\"container-fluid\">\n            <div class=\"grid grid-cols-12 py-8 lg:py-20 gap-x-8 gap-y-6\">\n  <div class=\"flex flex-col col-span-full md:col-span-6 lg:col-span-5 gap-y-4\">\n        <h2 class=\"desk-h1 mbl-h1\">Dr. Antoni Esteve i Subirana<\/h2>\n            <div class=\"pb-2 lg:pb-8 default-text\"><p>His entrepreneurial spirit and his vocation for pharmacology led him to create the first original specialties on the second floor of the pharmacy that his family had had for five generations.<\/p>\n<\/div>\n            <a href=\"https:\/\/fundacioesteve.mortensen.cat\/en\/antoni-esteve-subirana\/\" class=\" text-lg text-red-500 hover:text-black underline underline-offset-4 decoration-black group-hover:text-white group-hover:decoration-white align wp-block-call-to-action-block\">\n  Learn more about Dr. Antoni Esteve i Subirana\n<\/a>\n      <\/div>\n  <div class=\"col-span-full md:col-span-5 md:col-end-13\">\n        <img loading=\"lazy\" decoding=\"async\" width=\"535\" height=\"401\" src=\"https:\/\/fundacioesteve.mortensen.cat\/app\/uploads\/2024\/05\/doctor-CTA.jpg\" class=\"w-full h-auto\" alt=\"\" srcset=\"https:\/\/fundacioesteve.mortensen.cat\/app\/uploads\/2024\/05\/doctor-CTA.jpg 535w, https:\/\/fundacioesteve.mortensen.cat\/app\/uploads\/2024\/05\/doctor-CTA-300x225.jpg 300w\" sizes=\"auto, (max-width: 535px) 100vw, 535px\" \/>\n      <\/div>\n<\/div>\n          <\/div>\n        <\/section>\n        \n\n<section class=\"w-full\">\n          <div class=\"container-fluid relative flex h-screen items-center justify-center gap-x-8 gap-y-6 py-8 lg:py-40 -mt-[1px]\">\n      <div class=\"absolute inset-0 z-0 w-full h-full\">\n      <img loading=\"lazy\" decoding=\"async\" width=\"1440\" height=\"810\" src=\"https:\/\/fundacioesteve.mortensen.cat\/app\/uploads\/2024\/05\/Farmacia-Esteve-CTA.jpg\" class=\"w-full h-full object-cover\" alt=\"\" srcset=\"https:\/\/fundacioesteve.mortensen.cat\/app\/uploads\/2024\/05\/Farmacia-Esteve-CTA.jpg 1440w, https:\/\/fundacioesteve.mortensen.cat\/app\/uploads\/2024\/05\/Farmacia-Esteve-CTA-300x169.jpg 300w, https:\/\/fundacioesteve.mortensen.cat\/app\/uploads\/2024\/05\/Farmacia-Esteve-CTA-1024x576.jpg 1024w, https:\/\/fundacioesteve.mortensen.cat\/app\/uploads\/2024\/05\/Farmacia-Esteve-CTA-768x432.jpg 768w\" sizes=\"auto, (max-width: 1440px) 100vw, 1440px\" \/>\n    <\/div>\n    <div class=\"relative z-10 flex flex-col col-span-full gap-y-4 md:col-span-6 lg:col-span-5\">\n          <h2 class=\"text-center text-white desk-h1 mbl-h1\">History<\/h2>\n              <div class=\"max-w-md pb-2 text-center text-white default-text lg:pb-8\"><p>For more than 40 years, the Dr. Antoni Esteve Foundation promoted scientific research and communication initiatives in the field of pharmacology, helping preserve and project the legacy of Dr. Antoni Esteve i Subirana.<br \/>\nToday, this legacy continues through Dr. Antoni Esteve i Subirana Ci\u00e8ncia, which carries the mission forward.<\/p>\n<\/div>\n              <a href=\"https:\/\/fundacioesteve.mortensen.cat\/en\/about-us\/history\/\" class=\" text-lg text-white hover:decoration-red-500 underline underline-offset-4 decoration-white  text-center\">\n  Learn more about our history\n<\/a>\n      <\/div>\n\n<\/div>\n        <\/section>\n        \n\n<section class=\"  bg-red-500 text-white \">\n    <div class=\" container-fluid\">\n      <div class=\"relative grid w-full h-full grid-cols-12 py-40 gap-x-8\">\n        <div class=\"flex flex-col items-center col-span-full md:col-span-6 md:col-start-4 gap-y-4\">\n                      <h2 class=\"font-serif text-xl italic text-center lg:text-2xl\">The tree we planted has grown, and its branches extend into human and veterinary medicine<\/h2>\n                                <div class=\"py-6 text-center desk-text-bold \">Dr. Antoni Esteve i Subirana<\/div>\n                  <\/div>\n        <div class=\"absolute left-0 -bottom-7  text-grey-50 \">\n          <svg class=\"w-40 h-40\" xmlns=\"http:\/\/www.w3.org\/2000\/svg\" fill=\"none\" viewBox=\"0 0 166 122\"><path fill=\"currentColor\" d=\"M24.695 44.566c0-10.628 8.385-19.325 18.895-19.851V5C22.218 5.527 5 23.077 5 44.566v72.754h66.982V50.318H24.695v-5.752ZM161.002 50.318h-47.288v-5.752c0-10.628 8.385-19.325 18.896-19.851V5C111.218 5.527 94 23.077 94 44.566v72.754h67.002V50.318Z\"\/><\/svg>\n        <\/div>\n        <div class=\"absolute right-0 -top-7  text-grey-50 \">\n          <svg class=\"w-40 h-40 rotate-180\" xmlns=\"http:\/\/www.w3.org\/2000\/svg\" fill=\"none\" viewBox=\"0 0 166 122\"><path fill=\"currentColor\" d=\"M24.695 44.566c0-10.628 8.385-19.325 18.895-19.851V5C22.218 5.527 5 23.077 5 44.566v72.754h66.982V50.318H24.695v-5.752ZM161.002 50.318h-47.288v-5.752c0-10.628 8.385-19.325 18.896-19.851V5C111.218 5.527 94 23.077 94 44.566v72.754h67.002V50.318Z\"\/><\/svg>\n        <\/div>\n      <\/div>\n    <\/div>\n\n  <\/section>\n","protected":false},"excerpt":{"rendered":"","protected":false},"author":1,"featured_media":0,"parent":0,"menu_order":0,"comment_status":"closed","ping_status":"closed","template":"","meta":{"_acf_changed":false,"footnotes":""},"basics_global_taxonomy":[],"class_list":["post-716","page","type-page","status-publish","hentry"],"acf":[],"yoast_head":"<!-- This site is optimized with the Yoast SEO plugin v27.5 - https:\/\/yoast.com\/product\/yoast-seo-wordpress\/ -->\n<title>Dr. Antoni Esteve i Subirana | CI\u00c8NCIA - The Foundation<\/title>\n<meta name=\"description\" content=\"La Fundaci\u00f3 Dr. Antoni Esteve \u00e9s la cohereva del comprom\u00eds que el doctor va manifestar vers la ci\u00e8ncia, concretament la farmacologia.\" \/>\n<meta name=\"robots\" content=\"noindex, follow, max-snippet:-1, max-image-preview:large, max-video-preview:-1\" \/>\n<meta property=\"og:locale\" content=\"en_US\" \/>\n<meta property=\"og:type\" content=\"article\" \/>\n<meta property=\"og:title\" content=\"Dr. Antoni Esteve i Subirana | CI\u00c8NCIA - The Foundation\" \/>\n<meta property=\"og:description\" content=\"La Fundaci\u00f3 Dr. Antoni Esteve \u00e9s la cohereva del comprom\u00eds que el doctor va manifestar vers la ci\u00e8ncia, concretament la farmacologia.\" \/>\n<meta property=\"og:url\" content=\"https:\/\/esteve.org\/en\/about-us\/\" \/>\n<meta property=\"og:site_name\" content=\"Dr. Antoni Esteve i Subirana | CI\u00c8NCIA\" \/>\n<meta property=\"article:modified_time\" content=\"2026-04-08T09:26:40+00:00\" \/>\n<meta name=\"twitter:card\" content=\"summary_large_image\" \/>\n<meta name=\"twitter:label1\" content=\"Est. reading time\" \/>\n\t<meta name=\"twitter:data1\" content=\"2 minutes\" \/>\n<script type=\"application\/ld+json\" class=\"yoast-schema-graph\">{\"@context\":\"https:\\\/\\\/schema.org\",\"@graph\":[{\"@type\":\"WebPage\",\"@id\":\"https:\\\/\\\/esteve.org\\\/en\\\/about-us\\\/\",\"url\":\"https:\\\/\\\/esteve.org\\\/en\\\/about-us\\\/\",\"name\":\"Dr. Antoni Esteve i Subirana | CI\u00c8NCIA - The Foundation\",\"isPartOf\":{\"@id\":\"https:\\\/\\\/esteve.org\\\/#website\"},\"datePublished\":\"2024-05-22T09:12:53+00:00\",\"dateModified\":\"2026-04-08T09:26:40+00:00\",\"description\":\"La Fundaci\u00f3 Dr. Antoni Esteve \u00e9s la cohereva del comprom\u00eds que el doctor va manifestar vers la ci\u00e8ncia, concretament la farmacologia.\",\"inLanguage\":\"en-US\",\"potentialAction\":[{\"@type\":\"ReadAction\",\"target\":[\"https:\\\/\\\/esteve.org\\\/en\\\/about-us\\\/\"]}]},{\"@type\":\"WebSite\",\"@id\":\"https:\\\/\\\/esteve.org\\\/#website\",\"url\":\"https:\\\/\\\/esteve.org\\\/\",\"name\":\"Fundaci\u00f3 Dr. Antoni Esteve\",\"description\":\"\",\"potentialAction\":[{\"@type\":\"SearchAction\",\"target\":{\"@type\":\"EntryPoint\",\"urlTemplate\":\"https:\\\/\\\/esteve.org\\\/?s={search_term_string}\"},\"query-input\":{\"@type\":\"PropertyValueSpecification\",\"valueRequired\":true,\"valueName\":\"search_term_string\"}}],\"inLanguage\":\"en-US\"}]}<\/script>\n<!-- \/ Yoast SEO plugin. -->","yoast_head_json":{"title":"Dr. Antoni Esteve i Subirana | CI\u00c8NCIA - The Foundation","description":"La Fundaci\u00f3 Dr. Antoni Esteve \u00e9s la cohereva del comprom\u00eds que el doctor va manifestar vers la ci\u00e8ncia, concretament la farmacologia.","robots":{"index":"noindex","follow":"follow","max-snippet":"max-snippet:-1","max-image-preview":"max-image-preview:large","max-video-preview":"max-video-preview:-1"},"og_locale":"en_US","og_type":"article","og_title":"Dr. Antoni Esteve i Subirana | CI\u00c8NCIA - The Foundation","og_description":"La Fundaci\u00f3 Dr. Antoni Esteve \u00e9s la cohereva del comprom\u00eds que el doctor va manifestar vers la ci\u00e8ncia, concretament la farmacologia.","og_url":"https:\/\/esteve.org\/en\/about-us\/","og_site_name":"Dr. Antoni Esteve i Subirana | CI\u00c8NCIA","article_modified_time":"2026-04-08T09:26:40+00:00","twitter_card":"summary_large_image","twitter_misc":{"Est. reading time":"2 minutes"},"schema":{"@context":"https:\/\/schema.org","@graph":[{"@type":"WebPage","@id":"https:\/\/esteve.org\/en\/about-us\/","url":"https:\/\/esteve.org\/en\/about-us\/","name":"Dr. Antoni Esteve i Subirana | CI\u00c8NCIA - The Foundation","isPartOf":{"@id":"https:\/\/esteve.org\/#website"},"datePublished":"2024-05-22T09:12:53+00:00","dateModified":"2026-04-08T09:26:40+00:00","description":"La Fundaci\u00f3 Dr. Antoni Esteve \u00e9s la cohereva del comprom\u00eds que el doctor va manifestar vers la ci\u00e8ncia, concretament la farmacologia.","inLanguage":"en-US","potentialAction":[{"@type":"ReadAction","target":["https:\/\/esteve.org\/en\/about-us\/"]}]},{"@type":"WebSite","@id":"https:\/\/esteve.org\/#website","url":"https:\/\/esteve.org\/","name":"Fundaci\u00f3 Dr. Antoni Esteve","description":"","potentialAction":[{"@type":"SearchAction","target":{"@type":"EntryPoint","urlTemplate":"https:\/\/esteve.org\/?s={search_term_string}"},"query-input":{"@type":"PropertyValueSpecification","valueRequired":true,"valueName":"search_term_string"}}],"inLanguage":"en-US"}]}},"_links":{"self":[{"href":"https:\/\/fundacioesteve.mortensen.cat\/en\/wp-json\/wp\/v2\/pages\/716","targetHints":{"allow":["GET"]}}],"collection":[{"href":"https:\/\/fundacioesteve.mortensen.cat\/en\/wp-json\/wp\/v2\/pages"}],"about":[{"href":"https:\/\/fundacioesteve.mortensen.cat\/en\/wp-json\/wp\/v2\/types\/page"}],"author":[{"embeddable":true,"href":"https:\/\/fundacioesteve.mortensen.cat\/en\/wp-json\/wp\/v2\/users\/1"}],"replies":[{"embeddable":true,"href":"https:\/\/fundacioesteve.mortensen.cat\/en\/wp-json\/wp\/v2\/comments?post=716"}],"version-history":[{"count":8,"href":"https:\/\/fundacioesteve.mortensen.cat\/en\/wp-json\/wp\/v2\/pages\/716\/revisions"}],"predecessor-version":[{"id":2338,"href":"https:\/\/fundacioesteve.mortensen.cat\/en\/wp-json\/wp\/v2\/pages\/716\/revisions\/2338"}],"wp:attachment":[{"href":"https:\/\/fundacioesteve.mortensen.cat\/en\/wp-json\/wp\/v2\/media?parent=716"}],"wp:term":[{"taxonomy":"basics_global_taxonomy","embeddable":true,"href":"https:\/\/fundacioesteve.mortensen.cat\/en\/wp-json\/wp\/v2\/basics_global_taxonomy?post=716"}],"curies":[{"name":"wp","href":"https:\/\/api.w.org\/{rel}","templated":true}]}}