{"id":745,"date":"2024-05-22T09:30:18","date_gmt":"2024-05-22T09:30:18","guid":{"rendered":"https:\/\/fundacioesteve.mortensen.cat\/about-us\/visio-missio-i-valors\/"},"modified":"2026-02-16T10:02:29","modified_gmt":"2026-02-16T10:02:29","slug":"vision-mission-and-values","status":"publish","type":"page","link":"https:\/\/fundacioesteve.mortensen.cat\/en\/about-us\/vision-mission-and-values\/","title":{"rendered":"Vision, mission and values"},"content":{"rendered":"<section class=\"flex flex-col py-4 container-fluid gap-y-3 lg:py-8\">\n          <div class=\"text-sm uppercase\">\n        Legacy\n      <\/div>\n        <h1 class=\"desk-h1 mbl-h1\">How we do it<\/h1>\n\n  <\/section>\n      <div class=\"sticky z-20 w-full h-auto !border-t-2 !border-b border-grey-100 sticky-top-space bg-grey-50 \">\n              <div class=\"menu-legacy-container\"><ul id=\"menu-legacy\" class=\"-mt-[2px] nav about-navigation flex  flex-row flex-nowrap text-xs max-md:justify-between gap-x-4 md:gap-x-6 container-fluid relative overflow-x-scroll\"><li id=\"menu-item-799\" class=\"menu-item menu-item-type-post_type menu-item-object-page menu-item-799\"><a href=\"https:\/\/fundacioesteve.mortensen.cat\/en\/about-us\/\">What we do<\/a><\/li>\n<li id=\"menu-item-801\" class=\"menu-item menu-item-type-post_type menu-item-object-page menu-item-801\"><a href=\"https:\/\/fundacioesteve.mortensen.cat\/en\/about-us\/vision-mission-and-values\/\">How we do it<\/a><\/li>\n<li id=\"menu-item-800\" class=\"menu-item menu-item-type-post_type menu-item-object-page menu-item-800\"><a href=\"https:\/\/fundacioesteve.mortensen.cat\/en\/about-us\/history\/\">Timeline<\/a><\/li>\n<\/ul><\/div>\n          <\/div>\n  \n  \n\n<section class=\"grid grid-cols-12 py-10 container-fluid gap-x-8 gap-y-6 lg:gap-y-10 \">\n    <div class=\"col-span-full\">\n      <h2 class=\"desk-h2 mbl-h2\">DR. ANTONI ESTEVE FOUNDATION (1982\u20132025)<\/h2>\n    <\/div>\n    <div class=\"col-span-full md:col-span-6 md:col-start-5 lg:col-span-5 lg:col-start-6\">\n      <div class=\"prose-p:pb-4 prose-a:text-red-500 prose-a:transition prose-a:duration-150 prose-a:ease-in-out hover:prose-a:underline prose-a:underline-offset-2 prose-a:decoration-black\"><p>Established in 1982, it was the earliest of the projects. For more than 40 years, it upheld the doctor\u2019s commitment to science, particularly pharmacology, and to his country.<\/p>\n<p>From the beginning, the Foundation was conceived as a laboratory, not for mixing chemical compounds, but for bringing together scientists and researchers.<br \/>\nThe expected \u201creaction\u201d was the generation and transfer of knowledge in pharmacology, a premise that defined the Foundation under the direction of Sergi Erill S\u00e1ez (1983\u20132009).<\/p>\n<\/div>\n    <\/div>\n  <\/section>\n\n\n<section class=\"grid grid-cols-12 py-10 container-fluid gap-x-8 gap-y-6 lg:gap-y-10 \">\n    <div class=\"col-span-full\">\n      <h2 class=\"desk-h2 mbl-h2\">UB \u2013 DR. ANTONI ESTEVE I SUBIRANA CHAIR OF RESEARCH IN PHARMACOLOGY<\/h2>\n    <\/div>\n    <div class=\"col-span-full md:col-span-6 md:col-start-5 lg:col-span-5 lg:col-start-6\">\n      <div class=\"prose-p:pb-4 prose-a:text-red-500 prose-a:transition prose-a:duration-150 prose-a:ease-in-out hover:prose-a:underline prose-a:underline-offset-2 prose-a:decoration-black\"><p>This collaborative framework with the Faculty of Pharmacy at the University of Barcelona serves as a scientific space for developing research and knowledge\u2011transfer activities aimed primarily at researchers and subject\u2011matter experts.<\/p>\n<p>The Chair continues the mission of <strong>promoting research and inherits the doctor\u2019s passion and commitment to science, particularly pharmacology<\/strong>. His dedication to the discipline led him to carry out various research projects and publish scientific works with the hope of leaving future generations all possible opportunities for continuing the work he had begun and contributing to the development of modern therapeutics for the benefit of society.<\/p>\n<p>This is the challenge embraced by the Chair, which is firmly committed to research and the transfer of knowledge.<\/p>\n<\/div>\n    <\/div>\n  <\/section>\n\n\n<section class=\"grid grid-cols-12 py-10 container-fluid gap-x-8 gap-y-6 lg:gap-y-10 \">\n    <div class=\"col-span-full\">\n      <h2 class=\"desk-h2 mbl-h2\">RESEARCH AWARD<\/h2>\n    <\/div>\n    <div class=\"col-span-full md:col-span-6 md:col-start-5 lg:col-span-5 lg:col-start-6\">\n      <div class=\"prose-p:pb-4 prose-a:text-red-500 prose-a:transition prose-a:duration-150 prose-a:ease-in-out hover:prose-a:underline prose-a:underline-offset-2 prose-a:decoration-black\"><p>An international and independent jury is responsible for selecting the <strong>best scientific article in pharmacological research<\/strong> published by a Spanish author in a prestigious international journal.<\/p>\n<p>The article may address any aspect of basic and\/or clinical pharmacology (design, synthesis, formulation development, clinical or laboratory evaluation, use&#8230;).<\/p>\n<\/div>\n    <\/div>\n  <\/section>\n\n\n<section class=\"grid grid-cols-12 py-10 container-fluid gap-x-8 gap-y-6 lg:gap-y-10 \">\n    <div class=\"col-span-full\">\n      <h2 class=\"desk-h2 mbl-h2\">PUBLICATIONS<\/h2>\n    <\/div>\n    <div class=\"col-span-full md:col-span-6 md:col-start-5 lg:col-span-5 lg:col-start-6\">\n      <div class=\"prose-p:pb-4 prose-a:text-red-500 prose-a:transition prose-a:duration-150 prose-a:ease-in-out hover:prose-a:underline prose-a:underline-offset-2 prose-a:decoration-black\"><p>We promote the creation of publications\u2014in various formats and collections\u2014and scientific articles, always in collaboration with experts. Since 1982, we have produced more than <strong>125 publications<\/strong> with the goal of contributing to the generation and dissemination of scientific knowledge.<\/p>\n<\/div>\n    <\/div>\n  <\/section>\n\n\n<section class=\"w-full\">\n          <div class=\"container-fluid relative flex h-screen items-center justify-center gap-x-8 gap-y-6 py-8 lg:py-40 -mt-[1px]\">\n      <div class=\"absolute inset-0 z-0 w-full h-full\">\n      <img loading=\"lazy\" decoding=\"async\" width=\"1440\" height=\"810\" src=\"https:\/\/fundacioesteve.mortensen.cat\/app\/uploads\/2024\/05\/Farmacia-Esteve-CTA.jpg\" class=\"w-full h-full object-cover\" alt=\"\" srcset=\"https:\/\/fundacioesteve.mortensen.cat\/app\/uploads\/2024\/05\/Farmacia-Esteve-CTA.jpg 1440w, https:\/\/fundacioesteve.mortensen.cat\/app\/uploads\/2024\/05\/Farmacia-Esteve-CTA-300x169.jpg 300w, https:\/\/fundacioesteve.mortensen.cat\/app\/uploads\/2024\/05\/Farmacia-Esteve-CTA-1024x576.jpg 1024w, https:\/\/fundacioesteve.mortensen.cat\/app\/uploads\/2024\/05\/Farmacia-Esteve-CTA-768x432.jpg 768w\" sizes=\"auto, (max-width: 1440px) 100vw, 1440px\" \/>\n    <\/div>\n    <div class=\"relative z-10 flex flex-col col-span-full gap-y-4 md:col-span-6 lg:col-span-5\">\n          <h2 class=\"text-center text-white desk-h1 mbl-h1\">History<\/h2>\n              <div class=\"max-w-md pb-2 text-center text-white default-text lg:pb-8\"><p>For more than 40 years, the Dr. Antoni Esteve Foundation promoted scientific research and communication initiatives in the field of pharmacology, helping preserve and project the legacy of Dr. Antoni Esteve i Subirana.<br \/>\nToday, this legacy continues through Dr. Antoni Esteve i Subirana Ci\u00e8ncia, which carries the mission forward.<\/p>\n<\/div>\n              <a href=\"https:\/\/fundacioesteve.mortensen.cat\/en\/about-us\/history\/\" class=\" text-lg text-white hover:decoration-red-500 underline underline-offset-4 decoration-white  text-center\">\n  Learn more about our history\n<\/a>\n      <\/div>\n\n<\/div>\n        <\/section>\n        \n\n<section class=\"  bg-red-500 text-white \">\n    <div class=\" container-fluid\">\n      <div class=\"relative grid w-full h-full grid-cols-12 py-40 gap-x-8\">\n        <div class=\"flex flex-col items-center col-span-full md:col-span-6 md:col-start-4 gap-y-4\">\n                      <h2 class=\"font-serif text-xl italic text-center lg:text-2xl\">Antoni Esteve i Subirana contributed very effectively to the consolidation of our country\u2019s scientific institutions, thanks to his remarkable organizational and entrepreneurial skills.<\/h2>\n                                <div class=\"py-6 text-center desk-text-bold \">Oriol Cassasses<\/div>\n                  <\/div>\n        <div class=\"absolute left-0 -bottom-7  text-grey-50 \">\n          <svg class=\"w-40 h-40\" xmlns=\"http:\/\/www.w3.org\/2000\/svg\" fill=\"none\" viewBox=\"0 0 166 122\"><path fill=\"currentColor\" d=\"M24.695 44.566c0-10.628 8.385-19.325 18.895-19.851V5C22.218 5.527 5 23.077 5 44.566v72.754h66.982V50.318H24.695v-5.752ZM161.002 50.318h-47.288v-5.752c0-10.628 8.385-19.325 18.896-19.851V5C111.218 5.527 94 23.077 94 44.566v72.754h67.002V50.318Z\"\/><\/svg>\n        <\/div>\n        <div class=\"absolute right-0 -top-7  text-grey-50 \">\n          <svg class=\"w-40 h-40 rotate-180\" xmlns=\"http:\/\/www.w3.org\/2000\/svg\" fill=\"none\" viewBox=\"0 0 166 122\"><path fill=\"currentColor\" d=\"M24.695 44.566c0-10.628 8.385-19.325 18.895-19.851V5C22.218 5.527 5 23.077 5 44.566v72.754h66.982V50.318H24.695v-5.752ZM161.002 50.318h-47.288v-5.752c0-10.628 8.385-19.325 18.896-19.851V5C111.218 5.527 94 23.077 94 44.566v72.754h67.002V50.318Z\"\/><\/svg>\n        <\/div>\n      <\/div>\n    <\/div>\n\n  <\/section>\n","protected":false},"excerpt":{"rendered":"","protected":false},"author":1,"featured_media":0,"parent":716,"menu_order":0,"comment_status":"closed","ping_status":"closed","template":"","meta":{"_acf_changed":false,"footnotes":""},"basics_global_taxonomy":[],"class_list":["post-745","page","type-page","status-publish","hentry"],"acf":[],"yoast_head":"<!-- This site is optimized with the Yoast SEO plugin v27.5 - https:\/\/yoast.com\/product\/yoast-seo-wordpress\/ -->\n<title>Dr. Antoni Esteve i Subirana | CI\u00c8NCIA - Vision, mission and values<\/title>\n<meta name=\"description\" content=\"Coneix la visi\u00f3, missi\u00f3 i valors de la Fundaci\u00f3 Dr. Antoni Esteve, punt de trobada de cient\u00edfics per generar coneixement en la farmacologia.\" \/>\n<meta name=\"robots\" content=\"noindex, follow, max-snippet:-1, max-image-preview:large, max-video-preview:-1\" \/>\n<meta property=\"og:locale\" content=\"en_US\" \/>\n<meta property=\"og:type\" content=\"article\" \/>\n<meta property=\"og:title\" content=\"Dr. Antoni Esteve i Subirana | CI\u00c8NCIA - Vision, mission and values\" \/>\n<meta property=\"og:description\" content=\"Coneix la visi\u00f3, missi\u00f3 i valors de la Fundaci\u00f3 Dr. Antoni Esteve, punt de trobada de cient\u00edfics per generar coneixement en la farmacologia.\" \/>\n<meta property=\"og:url\" content=\"https:\/\/esteve.org\/qui-som\/visio-missio-i-valors\/\" \/>\n<meta property=\"og:site_name\" content=\"Dr. Antoni Esteve i Subirana | CI\u00c8NCIA\" \/>\n<meta property=\"article:modified_time\" content=\"2026-02-16T10:02:29+00:00\" \/>\n<meta name=\"twitter:card\" content=\"summary_large_image\" \/>\n<meta name=\"twitter:label1\" content=\"Est. reading time\" \/>\n\t<meta name=\"twitter:data1\" content=\"2 minutes\" \/>\n<script type=\"application\/ld+json\" class=\"yoast-schema-graph\">{\"@context\":\"https:\\\/\\\/schema.org\",\"@graph\":[{\"@type\":\"WebPage\",\"@id\":\"https:\\\/\\\/esteve.org\\\/qui-som\\\/visio-missio-i-valors\\\/\",\"url\":\"https:\\\/\\\/esteve.org\\\/qui-som\\\/visio-missio-i-valors\\\/\",\"name\":\"Dr. Antoni Esteve i Subirana | CI\u00c8NCIA - Vision, mission and values\",\"isPartOf\":{\"@id\":\"https:\\\/\\\/esteve.org\\\/#website\"},\"datePublished\":\"2024-05-22T09:30:18+00:00\",\"dateModified\":\"2026-02-16T10:02:29+00:00\",\"description\":\"Coneix la visi\u00f3, missi\u00f3 i valors de la Fundaci\u00f3 Dr. Antoni Esteve, punt de trobada de cient\u00edfics per generar coneixement en la farmacologia.\",\"breadcrumb\":{\"@id\":\"https:\\\/\\\/esteve.org\\\/qui-som\\\/visio-missio-i-valors\\\/#breadcrumb\"},\"inLanguage\":\"en-US\",\"potentialAction\":[{\"@type\":\"ReadAction\",\"target\":[\"https:\\\/\\\/esteve.org\\\/qui-som\\\/visio-missio-i-valors\\\/\"]}]},{\"@type\":\"BreadcrumbList\",\"@id\":\"https:\\\/\\\/esteve.org\\\/qui-som\\\/visio-missio-i-valors\\\/#breadcrumb\",\"itemListElement\":[{\"@type\":\"ListItem\",\"position\":1,\"name\":\"The Foundation\",\"item\":\"https:\\\/\\\/esteve.org\\\/en\\\/about-us\\\/\"},{\"@type\":\"ListItem\",\"position\":2,\"name\":\"Vision, mission and values\"}]},{\"@type\":\"WebSite\",\"@id\":\"https:\\\/\\\/esteve.org\\\/#website\",\"url\":\"https:\\\/\\\/esteve.org\\\/\",\"name\":\"Fundaci\u00f3 Dr. Antoni Esteve\",\"description\":\"\",\"potentialAction\":[{\"@type\":\"SearchAction\",\"target\":{\"@type\":\"EntryPoint\",\"urlTemplate\":\"https:\\\/\\\/esteve.org\\\/?s={search_term_string}\"},\"query-input\":{\"@type\":\"PropertyValueSpecification\",\"valueRequired\":true,\"valueName\":\"search_term_string\"}}],\"inLanguage\":\"en-US\"}]}<\/script>\n<!-- \/ Yoast SEO plugin. -->","yoast_head_json":{"title":"Dr. Antoni Esteve i Subirana | CI\u00c8NCIA - Vision, mission and values","description":"Coneix la visi\u00f3, missi\u00f3 i valors de la Fundaci\u00f3 Dr. Antoni Esteve, punt de trobada de cient\u00edfics per generar coneixement en la farmacologia.","robots":{"index":"noindex","follow":"follow","max-snippet":"max-snippet:-1","max-image-preview":"max-image-preview:large","max-video-preview":"max-video-preview:-1"},"og_locale":"en_US","og_type":"article","og_title":"Dr. Antoni Esteve i Subirana | CI\u00c8NCIA - Vision, mission and values","og_description":"Coneix la visi\u00f3, missi\u00f3 i valors de la Fundaci\u00f3 Dr. Antoni Esteve, punt de trobada de cient\u00edfics per generar coneixement en la farmacologia.","og_url":"https:\/\/esteve.org\/qui-som\/visio-missio-i-valors\/","og_site_name":"Dr. Antoni Esteve i Subirana | CI\u00c8NCIA","article_modified_time":"2026-02-16T10:02:29+00:00","twitter_card":"summary_large_image","twitter_misc":{"Est. reading time":"2 minutes"},"schema":{"@context":"https:\/\/schema.org","@graph":[{"@type":"WebPage","@id":"https:\/\/esteve.org\/qui-som\/visio-missio-i-valors\/","url":"https:\/\/esteve.org\/qui-som\/visio-missio-i-valors\/","name":"Dr. Antoni Esteve i Subirana | CI\u00c8NCIA - Vision, mission and values","isPartOf":{"@id":"https:\/\/esteve.org\/#website"},"datePublished":"2024-05-22T09:30:18+00:00","dateModified":"2026-02-16T10:02:29+00:00","description":"Coneix la visi\u00f3, missi\u00f3 i valors de la Fundaci\u00f3 Dr. Antoni Esteve, punt de trobada de cient\u00edfics per generar coneixement en la farmacologia.","breadcrumb":{"@id":"https:\/\/esteve.org\/qui-som\/visio-missio-i-valors\/#breadcrumb"},"inLanguage":"en-US","potentialAction":[{"@type":"ReadAction","target":["https:\/\/esteve.org\/qui-som\/visio-missio-i-valors\/"]}]},{"@type":"BreadcrumbList","@id":"https:\/\/esteve.org\/qui-som\/visio-missio-i-valors\/#breadcrumb","itemListElement":[{"@type":"ListItem","position":1,"name":"The Foundation","item":"https:\/\/esteve.org\/en\/about-us\/"},{"@type":"ListItem","position":2,"name":"Vision, mission and values"}]},{"@type":"WebSite","@id":"https:\/\/esteve.org\/#website","url":"https:\/\/esteve.org\/","name":"Fundaci\u00f3 Dr. Antoni Esteve","description":"","potentialAction":[{"@type":"SearchAction","target":{"@type":"EntryPoint","urlTemplate":"https:\/\/esteve.org\/?s={search_term_string}"},"query-input":{"@type":"PropertyValueSpecification","valueRequired":true,"valueName":"search_term_string"}}],"inLanguage":"en-US"}]}},"_links":{"self":[{"href":"https:\/\/fundacioesteve.mortensen.cat\/en\/wp-json\/wp\/v2\/pages\/745","targetHints":{"allow":["GET"]}}],"collection":[{"href":"https:\/\/fundacioesteve.mortensen.cat\/en\/wp-json\/wp\/v2\/pages"}],"about":[{"href":"https:\/\/fundacioesteve.mortensen.cat\/en\/wp-json\/wp\/v2\/types\/page"}],"author":[{"embeddable":true,"href":"https:\/\/fundacioesteve.mortensen.cat\/en\/wp-json\/wp\/v2\/users\/1"}],"replies":[{"embeddable":true,"href":"https:\/\/fundacioesteve.mortensen.cat\/en\/wp-json\/wp\/v2\/comments?post=745"}],"version-history":[{"count":4,"href":"https:\/\/fundacioesteve.mortensen.cat\/en\/wp-json\/wp\/v2\/pages\/745\/revisions"}],"predecessor-version":[{"id":2268,"href":"https:\/\/fundacioesteve.mortensen.cat\/en\/wp-json\/wp\/v2\/pages\/745\/revisions\/2268"}],"up":[{"embeddable":true,"href":"https:\/\/fundacioesteve.mortensen.cat\/en\/wp-json\/wp\/v2\/pages\/716"}],"wp:attachment":[{"href":"https:\/\/fundacioesteve.mortensen.cat\/en\/wp-json\/wp\/v2\/media?parent=745"}],"wp:term":[{"taxonomy":"basics_global_taxonomy","embeddable":true,"href":"https:\/\/fundacioesteve.mortensen.cat\/en\/wp-json\/wp\/v2\/basics_global_taxonomy?post=745"}],"curies":[{"name":"wp","href":"https:\/\/api.w.org\/{rel}","templated":true}]}}