{"id":763,"date":"2024-05-15T09:34:03","date_gmt":"2024-05-15T09:34:03","guid":{"rendered":"https:\/\/fundacioesteve.mortensen.cat\/politica-de-privadesa\/"},"modified":"2026-03-19T10:47:34","modified_gmt":"2026-03-19T10:47:34","slug":"politica-de-privadesa","status":"publish","type":"page","link":"https:\/\/fundacioesteve.mortensen.cat\/en\/politica-de-privadesa\/","title":{"rendered":"Privacy Policy"},"content":{"rendered":"\n<p>La CORPORACION QUIMICO FARMACEUTICA ESTEVE, S.A. (en adelante, la <strong>\u201cCorporaci\u00f3n\u201d<\/strong>) le informa, a trav\u00e9s de la presente pol\u00edtica de privacidad (en adelante, \u201cPol\u00edtica de Privacidad\u201d), sobre el tratamiento de los datos personales que pueda llevar a cabo la Corporaci\u00f3n en el marco de la navegaci\u00f3n en el sitio web accesible a trav\u00e9s de <a href=\"http:\/\/www.antoniestevesubirana.com\">www.antoniestevesubirana.com<\/a> y de sus subdominios (en adelante, el \u201cSitio Web\u201d), incluyendo a trav\u00e9s de los perfiles de redes sociales donde la Corporaci\u00f3n tiene un perfil, de conformidad con el Reglamento (UE) 2016\/679 del Parlamento Europeo y del Consejo, de 27 de abril de 2016 (en adelante, \u201cRGPD\u201d) y la Ley Org\u00e1nica 3\/2018, de 5 de diciembre, de Protecci\u00f3n de Datos Personales y garant\u00eda de los derechos digitales (en adelante, la \u201cLOPDGDD\u201d).\u00a0<\/p>\n\n\n\n<p>A los efectos de la presente Pol\u00edtica de Privacidad, se entender\u00e1 como \u201cUsuario\u201d cualquier categor\u00eda de interesado incluida en este documento.<\/p>\n\n\n\n<p>La Corporaci\u00f3n tratar\u00e1, en calidad de Responsable del Tratamiento, y de conformidad con lo descrito en la presente Pol\u00edtica de Privacidad, los datos personales tratados al acceder al Sitio Web, interactuar con los perfiles de redes sociales de la Corporaci\u00f3n o ponerse en contacto con \u00e9sta \u00faltima.<\/p>\n\n\n\n<h2 class=\"wp-block-heading\">Responsable del tratamiento:<\/h2>\n\n\n\n<p>El Responsable del Tratamiento de los datos tratados en el Sitio Web es la CORPORACION QUIMICO FARMACEUTICA ESTEVE, S.A. (en adelante, la \u201cCorporaci\u00f3n\u201d) con NIF A58201914 y domicilio en Passeig de la Zona Franca, 109, Planta 4\u00aa, 08038, Barcelona, provista del tel\u00e9fono +34&nbsp;93&nbsp;446&nbsp;60&nbsp;00&nbsp;y de la direcci\u00f3n de correo electr\u00f3nico&nbsp;<a href=\"mailto:info@antoniestevesubirana.com\">info@antoniestevesubirana.com<\/a>. <a href=\"mailto:\"><\/a>&nbsp;<\/p>\n\n\n\n<h2 class=\"wp-block-heading\">Origen de los datos, tipolog\u00eda de datos tratados por la Corporaci\u00f3n y categor\u00eda de interesados: <\/h2>\n\n\n\n<p>La Corporaci\u00f3n recopila datos personales de los Usuarios a trav\u00e9s de la siguiente v\u00eda:<\/p>\n\n\n\n<ul class=\"wp-block-list\">\n<li>Los Usuarios navegan en el Sitio Web y se instalan cookies o tecnolog\u00edas de seguimiento que permiten identificar su navegador o dispositivo, para las finalidades descritas en la Pol\u00edtica de Cookies.<\/li>\n\n\n\n<li>Los Usuarios del Sitio Web que se pongan en contacto a trav\u00e9s del apartado &#8220;Contacto&#8221;. &nbsp;<br><br><\/li>\n<\/ul>\n\n\n\n<p>La tipolog\u00eda de datos personales objeto de tratamiento por parte de la Corporaci\u00f3n puede agruparse en las siguientes categor\u00edas:<\/p>\n\n\n\n<ul class=\"wp-block-list\">\n<li>Datos identificadores y de contacto: tales como, nombre y apellido o correo electr\u00f3nico obtenidos a trav\u00e9s de ponerse en contacto mediante el Sitio Web o los perfiles de redes sociales de la Corporaci\u00f3n;<\/li>\n<\/ul>\n\n\n\n<ul class=\"wp-block-list\">\n<li>Datos de navegaci\u00f3n y localizaci\u00f3n: como la direcci\u00f3n IP, obtenidos a trav\u00e9s de cookies y tecnolog\u00edas de seguimiento similares utilizadas en el Sitio Web.<br><br><\/li>\n<\/ul>\n\n\n\n<p>La tipolog\u00eda de interesados, considerados conjuntamente como Usuarios, sobre los cuales la Corporaci\u00f3n trata datos personales a trav\u00e9s del presente Sitio Web, puede agruparse en las siguientes categor\u00edas:<\/p>\n\n\n\n<ul class=\"wp-block-list\">\n<li>Usuarios del Sitio Web y redes sociales: datos personales de los Usuarios que contactan con la Corporaci\u00f3n a trav\u00e9s del Sitio Web o de sus perfiles en redes sociales.<\/li>\n<\/ul>\n\n\n\n<ul class=\"wp-block-list\">\n<li>Participantes en iniciativas de las cuales la Corporaci\u00f3n es colaboradora (por ejemplo, C\u00e1tedra UB): datos personales de titulares que cedan su imagen para publicarla en el Sitio Web o en el perfil de redes sociales de la Corporaci\u00f3n. <\/li>\n\n\n\n<li>Colaboradores o terceros: datos personales de las personas que, ya sea en calidad de prestadores de servicios, colaboradores o simplemente terceros, contacten con la Corporaci\u00f3n a trav\u00e9s del Sitio Web por cualquier tipo de consulta o interacci\u00f3n.<\/li>\n<\/ul>\n\n\n\n<p><\/p>\n\n\n\n<h2 class=\"wp-block-heading\"><strong>Finalidades del tratamiento, legitimaci\u00f3n y plazos de conservaci\u00f3n:<\/strong><\/h2>\n\n\n\n<p>La Corporaci\u00f3n trata solamente datos personales que son necesarios y con un objetivo espec\u00edfico para cumplir con determinadas finalidades:<\/p>\n\n\n\n<p>1. <strong>Atenci\u00f3n y resoluci\u00f3n a sus consultas<\/strong>: atender las solicitudes de informaci\u00f3n y\/o consultas que usted efect\u00fae a trav\u00e9s de los diversos medios de contacto (n\u00famero de tel\u00e9fono, correo electr\u00f3nico o correo postal) o perfiles de redes sociales que ponemos a su disposici\u00f3n.<\/p>\n\n\n\n<p>Base jur\u00eddica: La base jur\u00eddica para llevar a cabo dicho tratamiento es nuestro inter\u00e9s leg\u00edtimo en atender su consulta, proporcionando una respuesta adecuada acorde con las expectativas razonables de quienes contactan con la Corporaci\u00f3n . Este tratamiento se realiza de forma proporcional y no afecta negativamente sus derechos y libertades fundamentales.<\/p>\n\n\n\n<p>Plazo de conservaci\u00f3n: Trataremos sus datos durante el tiempo que sea necesario para atender su solicitud o consulta. Posteriormente, conservaremos sus datos bloqueados durante los plazos de prescripci\u00f3n de responsabilidades legalmente previstos.<\/p>\n\n\n\n<p>2. <strong>Actividades de C\u00e1tedra<\/strong>: con motivo de los convenios de colaboraci\u00f3n que la Corporaci\u00f3n suscriba con distintas instituciones educativas como, por ejemplo, la Universidad de Barcelona en virtud de los cuales se organicen diversas actividades, eventos y jornadas, sus datos podr\u00e1n ser tratados exclusivamente por las entidades educativas colaboradoras que ser\u00e1n las \u00fanicas responsables de gestionar y ejecutar las solicitudes o peticiones de los interesados asociadas a la C\u00e1tedra.<\/p>\n\n\n\n<p>Sin perjuicio de lo anterior, la Corporaci\u00f3n podr\u00e1 tratar los datos personales de aquellos interesados cuyas im\u00e1genes vayan a ser publicadas en el Sitio Web o en perfiles de redes sociales de la Corporaci\u00f3n a efectos de solicitar la correspondiente autorizaci\u00f3n.<\/p>\n\n\n\n<p>La base jur\u00eddica que legitimael tratamiento es el consentimiento de los interesados cuyos datos son tratados, que podr\u00e1 ser retirado en cualquier momento sin que ello perjudique la legitimidad de los tratamientos realizados con anterioridad.<\/p>\n\n\n\n<p>Plazo de conservaci\u00f3n: sus datos personales ser\u00e1n conservados durante el tiempo estrictamente necesario para cumplir con las finalidades mencionadas. Posteriormente, se mantendr\u00e1n bloqueados durante el plazo de prescripci\u00f3n de las posibles responsabilidades derivadas del tratamiento, tras lo cual ser\u00e1n eliminados.<\/p>\n\n\n\n<p>3. <strong>Otras actividades en las que participa la Corporaci\u00f3n<\/strong>: el Sitio Web podr\u00e1 incluir enlaces que dirigen a Sitios Web gestionados por terceros en los cuales se exponen actividades o proyectos en los cuales participa la Corporaci\u00f3n en virtud de acuerdos de colaboraci\u00f3n suscritos.<\/p>\n\n\n\n<p>En cualquier caso, debe tenerse en cuenta que, el tratamiento de datos que se lleve a cabo al acceder a dichos espacios no est\u00e1 controlado por la Corporaci\u00f3n, no siendo Responsable del Tratamiento de datos personales que estos terceros puedan realizar. Con car\u00e1cter previo a la incorporaci\u00f3n de enlaces externos tratamos de comprobar la existencia de garant\u00edas de que los datos personales ser\u00e1n recabados de forma adecuada. En cualquier caso, la responsabilidad del tratamiento recaer\u00e1 exclusivamente en el titular del Sitio enlazado.<\/p>\n\n\n\n<p>Se recomienda al Usuario revisar las Pol\u00edticas de Privacidad aplicables a los Sitios de terceros a los que acceda. La Corporaci\u00f3n queda exenta de responsabilidad respecto al uso o tratamiento de la informaci\u00f3n personal efectuado por dichos terceros.<\/p>\n\n\n\n<h2 class=\"wp-block-heading\">Destinatarios:<\/h2>\n\n\n\n<p>Sus datos personales no ser\u00e1n comunicados a terceros, excepto si obtenemos su consentimiento o cuando as\u00ed lo exija la ley.<\/p>\n\n\n\n<p>Sin perjuicio de lo anterior, podr\u00e1n acceder a sus datos los proveedores a los que recurrimos para la prestaci\u00f3n de servicios necesarios para el desarrollo de nuestra actividad y que, en cualquier caso, tendr\u00e1n la consideraci\u00f3n de Encargados del Tratamiento, con los que hemos suscrito el correspondiente Acuerdo de Encargo conforme a lo establecido en la normativa vigente aplicable.<\/p>\n\n\n\n<h2 class=\"wp-block-heading\">Transferencias internacionales:<\/h2>\n\n\n\n<p>Sus datos podr\u00edan ser transferidos y tratados fuera del Espacio Econ\u00f3mico Europeo (EEE) a pa\u00edses que no ofrecen un nivel equivalente de protecci\u00f3n de datos debido a la contrataci\u00f3n de proveedores tecnol\u00f3gicos ubicados en Estados Unidos (por ejemplo, Google). En estos casos, adoptaremos garant\u00edas adecuadas (esto es, suscripci\u00f3n de las cl\u00e1usulas contractuales tipo que puede consultar en el siguiente enlace https:\/\/eur-lex.europa.eu\/legal-content\/ES\/TXT\/PDF\/?uri=CELEX:32021D0914) junto con, en su caso, las medidas complementarias que pudieran requerirse para ofrecer acciones legales efectivas en materia de protecci\u00f3n de datos.<\/p>\n\n\n\n<p>Puede solicitar informaci\u00f3n adicional sobre las transferencias internacionales de datos en <a href=\"mailto:info@antoniestevesubirana.com\">info@antoniestevesubirana.com<\/a>.<\/p>\n\n\n\n<h2 class=\"wp-block-heading\">Derechos de los interesados:<\/h2>\n\n\n\n<p>Le informamos de que, como titular de los datos, podr\u00e1 ejercer en cualquier momento ante la Corporaci\u00f3n sus derechos de acceso, rectificaci\u00f3n, supresi\u00f3n, limitaci\u00f3n del tratamiento, portabilidad, oposici\u00f3n y a no ser objeto de decisiones individuales automatizadas, incluida la elaboraci\u00f3n de perfiles, sin coste alguno.<\/p>\n\n\n\n<p>De igual manera, en los tratamientos de datos basados en el consentimiento otorgado por el Usuario, este tiene derecho a retirar dicho consentimiento en cualquier momento, sin que ello afecte a la licitud del tratamiento realizado antes de su retirada.<\/p>\n\n\n\n<p>Para ejercer estos derechos, el interesado puede enviar su solicitud por escrito a la CORPORACION QUIMICO FARMACEUTICA ESTEVE, S.A., Passeig de la Zona Franca, 109, Planta 4\u00aa, 08038, Barcelona, o a la direcci\u00f3n de correo electr\u00f3nico <a href=\"mailto:info@antoniestevesubirana.com\">info@antoniestevesubirana.com<\/a>.<\/p>\n\n\n\n<p>La Corporaci\u00f3n se compromete a atender su solicitud dentro del plazo establecido por la normativa aplicable.<\/p>\n\n\n\n<p>En cualquier caso, tiene derecho a presentar una reclamaci\u00f3n ante la <strong>Agencia Espa\u00f1ola de Protecci\u00f3n de Datos<\/strong> si lo considera oportuno: <a href=\"https:\/\/www.aepd.es\/\">https:\/\/www.aepd.es\/<\/a><\/p>\n\n\n\n<h2 class=\"wp-block-heading\"><strong>Cambios o modificaciones en la Pol\u00edtica de Privacidad<\/strong><\/h2>\n\n\n\n<p>La presente Pol\u00edtica de Privacidad puede actualizarse peri\u00f3dicamente para reflejar cambios exigidos por la normativa aplicable o modificaciones en los tratamientos de datos personales realizados por la Corporaci\u00f3n. Por este motivo, le recomendamos revisar esta Pol\u00edtica de Privacidad cada vez que acceda al Sitio Web.<\/p>\n\n\n\n<p><strong>\u00daltima actualizaci\u00f3n: Marzo de 2026<\/strong><\/p>\n","protected":false},"excerpt":{"rendered":"<p>La CORPORACION QUIMICO FARMACEUTICA ESTEVE, S.A. (en adelante, la \u201cCorporaci\u00f3n\u201d) le informa, a trav\u00e9s de la presente pol\u00edtica de privacidad (en adelante, \u201cPol\u00edtica de Privacidad\u201d), sobre el tratamiento de los datos personales que pueda llevar a cabo la Corporaci\u00f3n en el marco de la navegaci\u00f3n en el sitio web accesible a trav\u00e9s de www.antoniestevesubirana.com y [&hellip;]<\/p>\n","protected":false},"author":1,"featured_media":0,"parent":0,"menu_order":0,"comment_status":"closed","ping_status":"closed","template":"template-legals.blade.php","meta":{"_acf_changed":false,"footnotes":""},"basics_global_taxonomy":[],"class_list":["post-763","page","type-page","status-publish","hentry"],"acf":[],"yoast_head":"<!-- This site is optimized with the Yoast SEO plugin v27.5 - https:\/\/yoast.com\/product\/yoast-seo-wordpress\/ -->\n<title>Dr. Antoni Esteve i Subirana | CI\u00c8NCIA - Privacy Policy<\/title>\n<meta name=\"robots\" content=\"noindex, follow, max-snippet:-1, max-image-preview:large, max-video-preview:-1\" \/>\n<meta property=\"og:locale\" content=\"en_US\" \/>\n<meta property=\"og:type\" content=\"article\" \/>\n<meta property=\"og:title\" content=\"Dr. Antoni Esteve i Subirana | CI\u00c8NCIA - Privacy Policy\" \/>\n<meta property=\"og:description\" content=\"La CORPORACION QUIMICO FARMACEUTICA ESTEVE, S.A. (en adelante, la \u201cCorporaci\u00f3n\u201d) le informa, a trav\u00e9s de la presente pol\u00edtica de privacidad (en adelante, \u201cPol\u00edtica de Privacidad\u201d), sobre el tratamiento de los datos personales que pueda llevar a cabo la Corporaci\u00f3n en el marco de la navegaci\u00f3n en el sitio web accesible a trav\u00e9s de www.antoniestevesubirana.com y [&hellip;]\" \/>\n<meta property=\"og:url\" content=\"https:\/\/esteve.org\/politica-de-privadesa\/\" \/>\n<meta property=\"og:site_name\" content=\"Dr. Antoni Esteve i Subirana | CI\u00c8NCIA\" \/>\n<meta property=\"article:modified_time\" content=\"2026-03-19T10:47:34+00:00\" \/>\n<meta name=\"twitter:card\" content=\"summary_large_image\" \/>\n<meta name=\"twitter:label1\" content=\"Est. reading time\" \/>\n\t<meta name=\"twitter:data1\" content=\"13 minutes\" \/>\n<script type=\"application\/ld+json\" class=\"yoast-schema-graph\">{\"@context\":\"https:\\\/\\\/schema.org\",\"@graph\":[{\"@type\":\"WebPage\",\"@id\":\"https:\\\/\\\/esteve.org\\\/politica-de-privadesa\\\/\",\"url\":\"https:\\\/\\\/esteve.org\\\/politica-de-privadesa\\\/\",\"name\":\"Dr. Antoni Esteve i Subirana | CI\u00c8NCIA - Privacy Policy\",\"isPartOf\":{\"@id\":\"https:\\\/\\\/esteve.org\\\/#website\"},\"datePublished\":\"2024-05-15T09:34:03+00:00\",\"dateModified\":\"2026-03-19T10:47:34+00:00\",\"inLanguage\":\"en-US\",\"potentialAction\":[{\"@type\":\"ReadAction\",\"target\":[\"https:\\\/\\\/esteve.org\\\/politica-de-privadesa\\\/\"]}]},{\"@type\":\"WebSite\",\"@id\":\"https:\\\/\\\/esteve.org\\\/#website\",\"url\":\"https:\\\/\\\/esteve.org\\\/\",\"name\":\"Fundaci\u00f3 Dr. Antoni Esteve\",\"description\":\"\",\"potentialAction\":[{\"@type\":\"SearchAction\",\"target\":{\"@type\":\"EntryPoint\",\"urlTemplate\":\"https:\\\/\\\/esteve.org\\\/?s={search_term_string}\"},\"query-input\":{\"@type\":\"PropertyValueSpecification\",\"valueRequired\":true,\"valueName\":\"search_term_string\"}}],\"inLanguage\":\"en-US\"}]}<\/script>\n<!-- \/ Yoast SEO plugin. -->","yoast_head_json":{"title":"Dr. Antoni Esteve i Subirana | CI\u00c8NCIA - Privacy Policy","robots":{"index":"noindex","follow":"follow","max-snippet":"max-snippet:-1","max-image-preview":"max-image-preview:large","max-video-preview":"max-video-preview:-1"},"og_locale":"en_US","og_type":"article","og_title":"Dr. Antoni Esteve i Subirana | CI\u00c8NCIA - Privacy Policy","og_description":"La CORPORACION QUIMICO FARMACEUTICA ESTEVE, S.A. (en adelante, la \u201cCorporaci\u00f3n\u201d) le informa, a trav\u00e9s de la presente pol\u00edtica de privacidad (en adelante, \u201cPol\u00edtica de Privacidad\u201d), sobre el tratamiento de los datos personales que pueda llevar a cabo la Corporaci\u00f3n en el marco de la navegaci\u00f3n en el sitio web accesible a trav\u00e9s de www.antoniestevesubirana.com y [&hellip;]","og_url":"https:\/\/esteve.org\/politica-de-privadesa\/","og_site_name":"Dr. Antoni Esteve i Subirana | CI\u00c8NCIA","article_modified_time":"2026-03-19T10:47:34+00:00","twitter_card":"summary_large_image","twitter_misc":{"Est. reading time":"13 minutes"},"schema":{"@context":"https:\/\/schema.org","@graph":[{"@type":"WebPage","@id":"https:\/\/esteve.org\/politica-de-privadesa\/","url":"https:\/\/esteve.org\/politica-de-privadesa\/","name":"Dr. Antoni Esteve i Subirana | CI\u00c8NCIA - Privacy Policy","isPartOf":{"@id":"https:\/\/esteve.org\/#website"},"datePublished":"2024-05-15T09:34:03+00:00","dateModified":"2026-03-19T10:47:34+00:00","inLanguage":"en-US","potentialAction":[{"@type":"ReadAction","target":["https:\/\/esteve.org\/politica-de-privadesa\/"]}]},{"@type":"WebSite","@id":"https:\/\/esteve.org\/#website","url":"https:\/\/esteve.org\/","name":"Fundaci\u00f3 Dr. Antoni Esteve","description":"","potentialAction":[{"@type":"SearchAction","target":{"@type":"EntryPoint","urlTemplate":"https:\/\/esteve.org\/?s={search_term_string}"},"query-input":{"@type":"PropertyValueSpecification","valueRequired":true,"valueName":"search_term_string"}}],"inLanguage":"en-US"}]}},"_links":{"self":[{"href":"https:\/\/fundacioesteve.mortensen.cat\/en\/wp-json\/wp\/v2\/pages\/763","targetHints":{"allow":["GET"]}}],"collection":[{"href":"https:\/\/fundacioesteve.mortensen.cat\/en\/wp-json\/wp\/v2\/pages"}],"about":[{"href":"https:\/\/fundacioesteve.mortensen.cat\/en\/wp-json\/wp\/v2\/types\/page"}],"author":[{"embeddable":true,"href":"https:\/\/fundacioesteve.mortensen.cat\/en\/wp-json\/wp\/v2\/users\/1"}],"replies":[{"embeddable":true,"href":"https:\/\/fundacioesteve.mortensen.cat\/en\/wp-json\/wp\/v2\/comments?post=763"}],"version-history":[{"count":3,"href":"https:\/\/fundacioesteve.mortensen.cat\/en\/wp-json\/wp\/v2\/pages\/763\/revisions"}],"predecessor-version":[{"id":2323,"href":"https:\/\/fundacioesteve.mortensen.cat\/en\/wp-json\/wp\/v2\/pages\/763\/revisions\/2323"}],"wp:attachment":[{"href":"https:\/\/fundacioesteve.mortensen.cat\/en\/wp-json\/wp\/v2\/media?parent=763"}],"wp:term":[{"taxonomy":"basics_global_taxonomy","embeddable":true,"href":"https:\/\/fundacioesteve.mortensen.cat\/en\/wp-json\/wp\/v2\/basics_global_taxonomy?post=763"}],"curies":[{"name":"wp","href":"https:\/\/api.w.org\/{rel}","templated":true}]}}