{"id":765,"date":"2024-05-28T15:14:18","date_gmt":"2024-05-28T15:14:18","guid":{"rendered":"https:\/\/fundacioesteve.mortensen.cat\/premis\/"},"modified":"2026-02-16T11:13:43","modified_gmt":"2026-02-16T11:13:43","slug":"awards","status":"publish","type":"page","link":"https:\/\/fundacioesteve.mortensen.cat\/en\/awards\/","title":{"rendered":"Awards"},"content":{"rendered":"<section class=\"flex flex-col py-4 container-fluid gap-y-3 lg:py-8\">\n        <h1 class=\"desk-h1 mbl-h1\">Awards<\/h1>\n\n  <\/section>\n  \n      <div class=\"  bg-white \">\n      <div class=\"flex py-6 container-fluid\">\n        <div class=\"w-full  md:w-2\/3 xl:w-1\/2 flex flex-col gap-y-4 prose-a:text-red-500 prose-a:transition prose-a:duration-150 prose-a:ease-in-out hover:prose-a:underline prose-a:underline-offset-2 prose-a:decoration-black\">\n          <p>The Dr. Antoni Esteve Foundation has promoted two types of awards:<\/p>\n\n        <\/div>\n      <\/div>\n    <\/div>\n  \n\n<section class=\"grid grid-cols-12 py-10 container-fluid gap-x-8 gap-y-6 lg:gap-y-10 \">\n    <div class=\"col-span-full\">\n      <h2 class=\"desk-h2 mbl-h2\">Research Award<\/h2>\n    <\/div>\n    <div class=\"col-span-full md:col-span-6 md:col-start-5 lg:col-span-5 lg:col-start-6\">\n      <div class=\"prose-p:pb-4 prose-a:text-red-500 prose-a:transition prose-a:duration-150 prose-a:ease-in-out hover:prose-a:underline prose-a:underline-offset-2 prose-a:decoration-black\"><p>The Research Award was created in 1989 to stimulate high\u2011quality research and recognize scientific excellence in pharmacology. Across its 18 editions, the prize honored the <strong>best scientific article in pharmacological research<\/strong> <strong>published by a spanish author in a prestigious international journal.<\/strong><\/p>\n<p>An international and independent jury selected the winning proposals and evaluated studies across all domains of basic and\/or clinical pharmacology, from drug design and synthesis to formulation development, clinical or laboratory evaluation, and therapeutic use. The award carried a \u20ac25,000 prize.<\/p>\n<p>Rooted in the scientific legacy of Dr. Antoni Esteve i Subirana, the award consistently upheld standards of excellence, rigor, and support for emerging research talent.<\/p>\n<\/div>\n    <\/div>\n  <\/section>\n\n\n<section class=\"grid grid-cols-12 py-10 container-fluid gap-x-8 gap-y-6 lg:gap-y-10  bg-white \">\n    <div class=\"col-span-full\">\n      <h2 class=\"desk-h2 mbl-h2\">Health Journalism Award<\/h2>\n    <\/div>\n    <div class=\"col-span-full md:col-span-6 md:col-start-5 lg:col-span-5 lg:col-start-6\">\n      <div class=\"prose-p:pb-4 prose-a:text-red-500 prose-a:transition prose-a:duration-150 prose-a:ease-in-out hover:prose-a:underline prose-a:underline-offset-2 prose-a:decoration-black\"><p>In 2022 and 2023, the Dr. Antoni Esteve Foundation promoted the Health Journalism Award, organized in partnership with the Catalan Association for Science Communication. The prize recognized <strong>outstanding health\u2011related journalistic articles written by journalists from the Ibero\u2011American region<\/strong>.<\/p>\n<\/div>\n    <\/div>\n  <\/section>\n","protected":false},"excerpt":{"rendered":"","protected":false},"author":1,"featured_media":0,"parent":0,"menu_order":0,"comment_status":"closed","ping_status":"closed","template":"","meta":{"_acf_changed":false,"footnotes":""},"basics_global_taxonomy":[],"class_list":["post-765","page","type-page","status-publish","hentry"],"acf":[],"yoast_head":"<!-- This site is optimized with the Yoast SEO plugin v27.5 - https:\/\/yoast.com\/product\/yoast-seo-wordpress\/ -->\n<title>Dr. Antoni Esteve i Subirana | CI\u00c8NCIA - Awards<\/title>\n<meta name=\"description\" content=\"La Fundaci\u00f3 Dr. Antoni Esteve estimula una recerca de qualitat en farmacologia a trav\u00e9s dels Premis de Recerca des de 1989.\" \/>\n<meta name=\"robots\" content=\"noindex, follow, max-snippet:-1, max-image-preview:large, max-video-preview:-1\" \/>\n<meta property=\"og:locale\" content=\"en_US\" \/>\n<meta property=\"og:type\" content=\"article\" \/>\n<meta property=\"og:title\" content=\"Dr. Antoni Esteve i Subirana | CI\u00c8NCIA - Awards\" \/>\n<meta property=\"og:description\" content=\"La Fundaci\u00f3 Dr. Antoni Esteve estimula una recerca de qualitat en farmacologia a trav\u00e9s dels Premis de Recerca des de 1989.\" \/>\n<meta property=\"og:url\" content=\"https:\/\/esteve.org\/premis\/\" \/>\n<meta property=\"og:site_name\" content=\"Dr. Antoni Esteve i Subirana | CI\u00c8NCIA\" \/>\n<meta property=\"article:modified_time\" content=\"2026-02-16T11:13:43+00:00\" \/>\n<meta name=\"twitter:card\" content=\"summary_large_image\" \/>\n<meta name=\"twitter:label1\" content=\"Est. reading time\" \/>\n\t<meta name=\"twitter:data1\" content=\"4 minutes\" \/>\n<script type=\"application\/ld+json\" class=\"yoast-schema-graph\">{\"@context\":\"https:\\\/\\\/schema.org\",\"@graph\":[{\"@type\":\"WebPage\",\"@id\":\"https:\\\/\\\/esteve.org\\\/premis\\\/\",\"url\":\"https:\\\/\\\/esteve.org\\\/premis\\\/\",\"name\":\"Dr. Antoni Esteve i Subirana | CI\u00c8NCIA - Awards\",\"isPartOf\":{\"@id\":\"https:\\\/\\\/esteve.org\\\/#website\"},\"datePublished\":\"2024-05-28T15:14:18+00:00\",\"dateModified\":\"2026-02-16T11:13:43+00:00\",\"description\":\"La Fundaci\u00f3 Dr. Antoni Esteve estimula una recerca de qualitat en farmacologia a trav\u00e9s dels Premis de Recerca des de 1989.\",\"inLanguage\":\"en-US\",\"potentialAction\":[{\"@type\":\"ReadAction\",\"target\":[\"https:\\\/\\\/esteve.org\\\/premis\\\/\"]}]},{\"@type\":\"WebSite\",\"@id\":\"https:\\\/\\\/esteve.org\\\/#website\",\"url\":\"https:\\\/\\\/esteve.org\\\/\",\"name\":\"Fundaci\u00f3 Dr. Antoni Esteve\",\"description\":\"\",\"potentialAction\":[{\"@type\":\"SearchAction\",\"target\":{\"@type\":\"EntryPoint\",\"urlTemplate\":\"https:\\\/\\\/esteve.org\\\/?s={search_term_string}\"},\"query-input\":{\"@type\":\"PropertyValueSpecification\",\"valueRequired\":true,\"valueName\":\"search_term_string\"}}],\"inLanguage\":\"en-US\"}]}<\/script>\n<!-- \/ Yoast SEO plugin. -->","yoast_head_json":{"title":"Dr. Antoni Esteve i Subirana | CI\u00c8NCIA - Awards","description":"La Fundaci\u00f3 Dr. Antoni Esteve estimula una recerca de qualitat en farmacologia a trav\u00e9s dels Premis de Recerca des de 1989.","robots":{"index":"noindex","follow":"follow","max-snippet":"max-snippet:-1","max-image-preview":"max-image-preview:large","max-video-preview":"max-video-preview:-1"},"og_locale":"en_US","og_type":"article","og_title":"Dr. Antoni Esteve i Subirana | CI\u00c8NCIA - Awards","og_description":"La Fundaci\u00f3 Dr. Antoni Esteve estimula una recerca de qualitat en farmacologia a trav\u00e9s dels Premis de Recerca des de 1989.","og_url":"https:\/\/esteve.org\/premis\/","og_site_name":"Dr. Antoni Esteve i Subirana | CI\u00c8NCIA","article_modified_time":"2026-02-16T11:13:43+00:00","twitter_card":"summary_large_image","twitter_misc":{"Est. reading time":"4 minutes"},"schema":{"@context":"https:\/\/schema.org","@graph":[{"@type":"WebPage","@id":"https:\/\/esteve.org\/premis\/","url":"https:\/\/esteve.org\/premis\/","name":"Dr. Antoni Esteve i Subirana | CI\u00c8NCIA - Awards","isPartOf":{"@id":"https:\/\/esteve.org\/#website"},"datePublished":"2024-05-28T15:14:18+00:00","dateModified":"2026-02-16T11:13:43+00:00","description":"La Fundaci\u00f3 Dr. Antoni Esteve estimula una recerca de qualitat en farmacologia a trav\u00e9s dels Premis de Recerca des de 1989.","inLanguage":"en-US","potentialAction":[{"@type":"ReadAction","target":["https:\/\/esteve.org\/premis\/"]}]},{"@type":"WebSite","@id":"https:\/\/esteve.org\/#website","url":"https:\/\/esteve.org\/","name":"Fundaci\u00f3 Dr. Antoni Esteve","description":"","potentialAction":[{"@type":"SearchAction","target":{"@type":"EntryPoint","urlTemplate":"https:\/\/esteve.org\/?s={search_term_string}"},"query-input":{"@type":"PropertyValueSpecification","valueRequired":true,"valueName":"search_term_string"}}],"inLanguage":"en-US"}]}},"_links":{"self":[{"href":"https:\/\/fundacioesteve.mortensen.cat\/en\/wp-json\/wp\/v2\/pages\/765","targetHints":{"allow":["GET"]}}],"collection":[{"href":"https:\/\/fundacioesteve.mortensen.cat\/en\/wp-json\/wp\/v2\/pages"}],"about":[{"href":"https:\/\/fundacioesteve.mortensen.cat\/en\/wp-json\/wp\/v2\/types\/page"}],"author":[{"embeddable":true,"href":"https:\/\/fundacioesteve.mortensen.cat\/en\/wp-json\/wp\/v2\/users\/1"}],"replies":[{"embeddable":true,"href":"https:\/\/fundacioesteve.mortensen.cat\/en\/wp-json\/wp\/v2\/comments?post=765"}],"version-history":[{"count":11,"href":"https:\/\/fundacioesteve.mortensen.cat\/en\/wp-json\/wp\/v2\/pages\/765\/revisions"}],"predecessor-version":[{"id":2272,"href":"https:\/\/fundacioesteve.mortensen.cat\/en\/wp-json\/wp\/v2\/pages\/765\/revisions\/2272"}],"wp:attachment":[{"href":"https:\/\/fundacioesteve.mortensen.cat\/en\/wp-json\/wp\/v2\/media?parent=765"}],"wp:term":[{"taxonomy":"basics_global_taxonomy","embeddable":true,"href":"https:\/\/fundacioesteve.mortensen.cat\/en\/wp-json\/wp\/v2\/basics_global_taxonomy?post=765"}],"curies":[{"name":"wp","href":"https:\/\/api.w.org\/{rel}","templated":true}]}}