{"id":774,"date":"2024-05-15T15:35:01","date_gmt":"2024-05-15T15:35:01","guid":{"rendered":"https:\/\/fundacioesteve.mortensen.cat\/portada-2\/"},"modified":"2026-02-16T07:14:53","modified_gmt":"2026-02-16T07:14:53","slug":"portada-2","status":"publish","type":"page","link":"https:\/\/fundacioesteve.mortensen.cat\/en\/","title":{"rendered":"Home"},"content":{"rendered":"<div class=\"container-fluid\">\n  <section\n    class=\"items-center justify-between hidden w-full wrap-hero lg:flex\">\n    <article class=\"relative grid w-full grid-flow-row gap-4 overflow-hidden hero-home md:grid-cols-12 md:gap-8\">\n      <div class=\"relative flex flex-col justify-center order-2 gap-y-6 col-span-full md:col-span-5 md:order-1\">\n\n        <div class=\"flex flex-col items-center justify-center h-[50%]\">\n\n                      \n            <div class=\"slider-home-text active\" data-index=\"0\">\n              <h2 class=\"order-1 font-serif text-xl text-balance md:text-2xl lg:text-3xl\">\n                UB \u2013 Dr. Antoni Esteve i Subirana Chair for Research in Pharmacology\n              <\/h2>\n              <div class=\"order-3 mt-1 text-base prose text-current md:order-2 lg:max-w-md lg:text-lg\">\n                \n              <\/div>\n                              <div class=\"order-2 mt-6 md:order-3\">\n                  <a href=\"https:\/\/fundacioesteve.mortensen.cat\/en\/catedra\/\" class=\" text-lg text-red-500 hover:text-black underline underline-offset-4 decoration-black group-hover:text-white group-hover:decoration-white align wp-block-hero-slider-block\">\n  More information\n<\/a>\n                <\/div>\n                          <\/div>\n                  <\/div>\n        <div class=\"relative flex justify-start w-full pt-6 gap-x-3\">\n          <div class=\"swiper-button-prev\">\n            <svg class=\"w-4 h-4 text-black\" xmlns=\"http:\/\/www.w3.org\/2000\/svg\" fill=\"none\" viewBox=\"0 0 25 25\">\n\n<path fill=\"#BB3E3E\" d=\"M8.325 11.5H20.5v2H8.325l5.6 5.6-1.425 1.4-8-8 8-8 1.425 1.4-5.6 5.6Z\"\/>\n\n<\/svg>\n          <\/div>\n          <div class=\"swiper-button-next\">\n            <svg class=\"w-4 h-4 text-black rotate-180\" xmlns=\"http:\/\/www.w3.org\/2000\/svg\" fill=\"none\" viewBox=\"0 0 25 25\">\n\n<path fill=\"#BB3E3E\" d=\"M8.325 11.5H20.5v2H8.325l5.6 5.6-1.425 1.4-8-8 8-8 1.425 1.4-5.6 5.6Z\"\/>\n\n<\/svg>\n          <\/div>\n        <\/div>\n        <div class=\"w-full\">\n          <div class=\"swiper-pagination\"><\/div>\n        <\/div>\n\n      <\/div>\n\n      <div class=\"order-1 col-span-full md:order-2 md:col-span-6 md:col-end-13 lg:col-span-7\">\n        <div class=\"swiper swiper-home\">\n          <div class=\"swiper-wrapper justify-stretch\">\n\n                          \n              <div class=\"h-auto swiper-slide\">\n                <div class=\"relative h-full overflow-hidden\">\n                  <img loading=\"lazy\" decoding=\"async\" width=\"1000\" height=\"662\" src=\"https:\/\/fundacioesteve.mortensen.cat\/app\/uploads\/2025\/09\/vestibul_principal_nou_2.jpg\" class=\"w-full h-full object-cover\" alt=\"\" srcset=\"https:\/\/fundacioesteve.mortensen.cat\/app\/uploads\/2025\/09\/vestibul_principal_nou_2.jpg 1000w, https:\/\/fundacioesteve.mortensen.cat\/app\/uploads\/2025\/09\/vestibul_principal_nou_2-300x199.jpg 300w, https:\/\/fundacioesteve.mortensen.cat\/app\/uploads\/2025\/09\/vestibul_principal_nou_2-768x508.jpg 768w\" sizes=\"auto, (max-width: 1000px) 100vw, 1000px\" \/>\n\n                                      <a class=\"inset\" href=\"https:\/\/fundacioesteve.mortensen.cat\/en\/catedra\/\"><\/a>\n                                  <\/div>\n              <\/div>\n                      <\/div>\n        <\/div>\n      <\/div>\n\n    <\/article>\n  <\/section>\n\n  <section\n    class=\"flex flex-col items-center justify-center overflow-x-hidden bg-white wrap-hero lg:hidden \">\n    <article class=\"w-full py-4 hero-home-mobile\">\n      <div class=\"w-full overflow-hidden swiper-home-mobile\">\n        <div class=\"items-stretch swiper-wrapper\">\n                                  <div class=\"swiper-slide relative !flex !h-auto flex-col overflow-hidden\">\n              <figure class=\"relative overflow-hidden bg-black group\">\n\n                <img loading=\"lazy\" decoding=\"async\" width=\"1000\" height=\"662\" src=\"https:\/\/fundacioesteve.mortensen.cat\/app\/uploads\/2025\/09\/vestibul_principal_nou_2.jpg\" class=\"cover group-hover:opacity-70\" alt=\"\" srcset=\"https:\/\/fundacioesteve.mortensen.cat\/app\/uploads\/2025\/09\/vestibul_principal_nou_2.jpg 1000w, https:\/\/fundacioesteve.mortensen.cat\/app\/uploads\/2025\/09\/vestibul_principal_nou_2-300x199.jpg 300w, https:\/\/fundacioesteve.mortensen.cat\/app\/uploads\/2025\/09\/vestibul_principal_nou_2-768x508.jpg 768w\" sizes=\"auto, (max-width: 1000px) 100vw, 1000px\" \/>\n                <div class=\"absolute inset-x-0 bottom-0 z-20 h-1\/3 bg-gradient-to-t from-white to-transparent\">\n                <\/div>\n              <\/figure>\n              <div class=\"flex-1 px-4 py-6\">\n                <h2 class=\"order-1 mt-4 font-serif text-2xl text-balance\">\n                  UB \u2013 Dr. Antoni Esteve i Subirana Chair for Research in Pharmacology\n                <\/h2>\n                <div class=\"order-3 mt-1 text-base text-current md:order-2\">\n                  <p>\n                    \n                  <\/p>\n                <\/div>\n              <\/div>\n                              <a class=\"inset\" href=\"https:\/\/fundacioesteve.mortensen.cat\/en\/catedra\/\"><\/a>\n                          <\/div>\n                  <\/div>\n\n        <div class=\"relative flex items-center justify-between order-3 w-full gap-8 pt-3 col-span-full\">\n          <div class=\"swiper-pagination\"><\/div>\n          <div class=\"flex items-center justify-center gap-8\">\n            <div class=\"swiper-button-prev\">\n              <svg class=\"w-auto h-4 text-black\" xmlns=\"http:\/\/www.w3.org\/2000\/svg\" fill=\"none\" viewBox=\"0 0 25 25\">\n\n<path fill=\"#BB3E3E\" d=\"M8.325 11.5H20.5v2H8.325l5.6 5.6-1.425 1.4-8-8 8-8 1.425 1.4-5.6 5.6Z\"\/>\n\n<\/svg>\n            <\/div>\n            <div class=\"swiper-button-next\">\n              <svg class=\"w-auto h-4 text-black rotate-180\" xmlns=\"http:\/\/www.w3.org\/2000\/svg\" fill=\"none\" viewBox=\"0 0 25 25\">\n\n<path fill=\"#BB3E3E\" d=\"M8.325 11.5H20.5v2H8.325l5.6 5.6-1.425 1.4-8-8 8-8 1.425 1.4-5.6 5.6Z\"\/>\n\n<\/svg>\n            <\/div>\n          <\/div>\n\n        <\/div>\n      <\/div>\n    <\/article>\n  <\/section>\n\n<\/div>\n\n\n<section class=\"\">\n          <div class=\"container-fluid\">\n            <div class=\"grid grid-cols-12 py-8 lg:py-20 gap-x-8 gap-y-6\">\n  <div class=\"flex flex-col col-span-full md:col-span-6 lg:col-span-5 gap-y-4\">\n        <h2 class=\"desk-h1 mbl-h1\">Dr. Antoni Esteve i Subirana<\/h2>\n            <div class=\"pb-2 lg:pb-8 default-text\"><p>His entrepreneurial spirit and his vocation for pharmacology led him to create the first original specialties on the second floor of the pharmacy that his family had had for five generations.<\/p>\n<\/div>\n            <a href=\"https:\/\/fundacioesteve.mortensen.cat\/en\/antoni-esteve-subirana\/\" class=\" text-lg text-red-500 hover:text-black underline underline-offset-4 decoration-black group-hover:text-white group-hover:decoration-white align wp-block-call-to-action-block\">\n  Learn more about Dr. Antoni Esteve i Subirana\n<\/a>\n      <\/div>\n  <div class=\"col-span-full md:col-span-5 md:col-end-13\">\n        <img loading=\"lazy\" decoding=\"async\" width=\"535\" height=\"401\" src=\"https:\/\/fundacioesteve.mortensen.cat\/app\/uploads\/2024\/05\/doctor-CTA.jpg\" class=\"w-full h-auto\" alt=\"\" srcset=\"https:\/\/fundacioesteve.mortensen.cat\/app\/uploads\/2024\/05\/doctor-CTA.jpg 535w, https:\/\/fundacioesteve.mortensen.cat\/app\/uploads\/2024\/05\/doctor-CTA-300x225.jpg 300w\" sizes=\"auto, (max-width: 535px) 100vw, 535px\" \/>\n      <\/div>\n<\/div>\n          <\/div>\n        <\/section>\n        \n\n<section class=\"grid grid-cols-12 py-4 container-fluid gap-x-8 categories-cards\">\n          <div class=\"flex items-center justify-between pb-4 col-span-full\">\n\n        <h2 class=\"uppercase desk-text mbl-text\">\n          Initiatives\n        <\/h2>\n\n                \n      <\/div>\n    \n                <div class=\"relative py-2 col-span-full md:col-span-6 lg:col-span-4 lg:py-8 group category-card\"  data-categoria=\"we-generate\">\n\n        <div class=\"relative flex flex-col justify-end w-full overflow-hidden bg-white aspect-square\">\n\n          <img loading=\"lazy\" decoding=\"async\" width=\"1269\" height=\"1326\" src=\"https:\/\/fundacioesteve.mortensen.cat\/app\/uploads\/2024\/06\/generem.jpg\" class=\"absolute w-full h-auto object-contain object-top\" alt=\"\" srcset=\"https:\/\/fundacioesteve.mortensen.cat\/app\/uploads\/2024\/06\/generem.jpg 1269w, https:\/\/fundacioesteve.mortensen.cat\/app\/uploads\/2024\/06\/generem-287x300.jpg 287w, https:\/\/fundacioesteve.mortensen.cat\/app\/uploads\/2024\/06\/generem-980x1024.jpg 980w, https:\/\/fundacioesteve.mortensen.cat\/app\/uploads\/2024\/06\/generem-768x802.jpg 768w\" sizes=\"auto, (max-width: 1269px) 100vw, 1269px\" \/>\n\n          <div class=\"card-content relative bottom-0 z-10 p-6 2xl:h-[43%] group-hover:text-white transition-all duration-300 ease-in-out pointer-events-none\">\n            <h3 class=\"mt-4 desk-h3 mbl-h3\">We Generate Science<\/h3>\n            <p class=\"mt-2 text-sm\">We organize conferences, symposia, round tables, and scientific meetings that offer a space for expert debate, where knowledge on key topics in pharmacology can be shared and contrasted.<\/p>\n          <\/div>\n          <div\n            class=\"card-gradient absolute inset-0 bg-gradient-to-t from-white from-35% lg:from-40% xl:from-35% 2xl:from-30% to-transparent group-hover:from-red-500 transition-all duration-300 ease-in-out\">\n          <\/div>\n        <\/div>\n        <a href=\"https:\/\/fundacioesteve.mortensen.cat\/en\/actions\/?categoria=we-generate&#038;page=1\" class=\"absolute inset-0\"><\/a>\n      <\/div>\n                <div class=\"relative py-2 col-span-full md:col-span-6 lg:col-span-4 lg:py-8 group category-card\"  data-categoria=\"we-communicate\">\n\n        <div class=\"relative flex flex-col justify-end w-full overflow-hidden bg-white aspect-square\">\n\n          <img loading=\"lazy\" decoding=\"async\" width=\"1269\" height=\"1326\" src=\"https:\/\/fundacioesteve.mortensen.cat\/app\/uploads\/2024\/06\/comuniquem.jpg\" class=\"absolute w-full h-auto object-contain object-top\" alt=\"\" srcset=\"https:\/\/fundacioesteve.mortensen.cat\/app\/uploads\/2024\/06\/comuniquem.jpg 1269w, https:\/\/fundacioesteve.mortensen.cat\/app\/uploads\/2024\/06\/comuniquem-287x300.jpg 287w, https:\/\/fundacioesteve.mortensen.cat\/app\/uploads\/2024\/06\/comuniquem-980x1024.jpg 980w, https:\/\/fundacioesteve.mortensen.cat\/app\/uploads\/2024\/06\/comuniquem-768x802.jpg 768w\" sizes=\"auto, (max-width: 1269px) 100vw, 1269px\" \/>\n\n          <div class=\"card-content relative bottom-0 z-10 p-6 2xl:h-[43%] group-hover:text-white transition-all duration-300 ease-in-out pointer-events-none\">\n            <h3 class=\"mt-4 desk-h3 mbl-h3\">We Communicate Science<\/h3>\n            <p class=\"mt-2 text-sm\">We deliver courses, debates, and workshops where science and journalism converge to improve scientific communication, knowledge transfer, and public engagement with science.<\/p>\n          <\/div>\n          <div\n            class=\"card-gradient absolute inset-0 bg-gradient-to-t from-white from-35% lg:from-40% xl:from-35% 2xl:from-30% to-transparent group-hover:from-red-500 transition-all duration-300 ease-in-out\">\n          <\/div>\n        <\/div>\n        <a href=\"https:\/\/fundacioesteve.mortensen.cat\/en\/actions\/?categoria=we-communicate&#038;page=1\" class=\"absolute inset-0\"><\/a>\n      <\/div>\n                <div class=\"relative py-2 col-span-full md:col-span-6 lg:col-span-4 lg:py-8 group category-card\"  data-categoria=\"we-acculturate\">\n\n        <div class=\"relative flex flex-col justify-end w-full overflow-hidden bg-white aspect-square\">\n\n          <img loading=\"lazy\" decoding=\"async\" width=\"1269\" height=\"1326\" src=\"https:\/\/fundacioesteve.mortensen.cat\/app\/uploads\/2024\/06\/culturitzem.jpg\" class=\"absolute w-full h-auto object-contain object-top\" alt=\"\" srcset=\"https:\/\/fundacioesteve.mortensen.cat\/app\/uploads\/2024\/06\/culturitzem.jpg 1269w, https:\/\/fundacioesteve.mortensen.cat\/app\/uploads\/2024\/06\/culturitzem-287x300.jpg 287w, https:\/\/fundacioesteve.mortensen.cat\/app\/uploads\/2024\/06\/culturitzem-980x1024.jpg 980w, https:\/\/fundacioesteve.mortensen.cat\/app\/uploads\/2024\/06\/culturitzem-768x802.jpg 768w\" sizes=\"auto, (max-width: 1269px) 100vw, 1269px\" \/>\n\n          <div class=\"card-content relative bottom-0 z-10 p-6 2xl:h-[43%] group-hover:text-white transition-all duration-300 ease-in-out pointer-events-none\">\n            <h3 class=\"mt-4 desk-h3 mbl-h3\">We promote scientific culture<\/h3>\n            <p class=\"mt-2 text-sm\">We bring science closer to society through inclusive, outreach-focused initiatives that connect science and culture, with special emphasis on using scientific terminology in Catalan.<\/p>\n          <\/div>\n          <div\n            class=\"card-gradient absolute inset-0 bg-gradient-to-t from-white from-35% lg:from-40% xl:from-35% 2xl:from-30% to-transparent group-hover:from-red-500 transition-all duration-300 ease-in-out\">\n          <\/div>\n        <\/div>\n        <a href=\"https:\/\/fundacioesteve.mortensen.cat\/en\/actions\/?categoria=we-acculturate&#038;page=1\" class=\"absolute inset-0\"><\/a>\n      <\/div>\n      <\/section>\n\n\n<section class=\"  bg-red-500 text-white \">\n    <div class=\" container-fluid\">\n      <div class=\"relative grid w-full h-full grid-cols-12 py-40 gap-x-8\">\n        <div class=\"flex flex-col items-center col-span-full md:col-span-6 md:col-start-4 gap-y-4\">\n                      <h2 class=\"font-serif text-xl italic text-center lg:text-2xl\">Two vocationally felt desires, research and quality, have always presided over our professional activity<\/h2>\n                                <div class=\"py-6 text-center desk-text-bold \">Dr. Antoni Esteve i Subirana<\/div>\n                  <\/div>\n        <div class=\"absolute left-0 -bottom-7  text-grey-50 \">\n          <svg class=\"w-40 h-40\" xmlns=\"http:\/\/www.w3.org\/2000\/svg\" fill=\"none\" viewBox=\"0 0 166 122\"><path fill=\"currentColor\" d=\"M24.695 44.566c0-10.628 8.385-19.325 18.895-19.851V5C22.218 5.527 5 23.077 5 44.566v72.754h66.982V50.318H24.695v-5.752ZM161.002 50.318h-47.288v-5.752c0-10.628 8.385-19.325 18.896-19.851V5C111.218 5.527 94 23.077 94 44.566v72.754h67.002V50.318Z\"\/><\/svg>\n        <\/div>\n        <div class=\"absolute right-0 -top-7  text-grey-50 \">\n          <svg class=\"w-40 h-40 rotate-180\" xmlns=\"http:\/\/www.w3.org\/2000\/svg\" fill=\"none\" viewBox=\"0 0 166 122\"><path fill=\"currentColor\" d=\"M24.695 44.566c0-10.628 8.385-19.325 18.895-19.851V5C22.218 5.527 5 23.077 5 44.566v72.754h66.982V50.318H24.695v-5.752ZM161.002 50.318h-47.288v-5.752c0-10.628 8.385-19.325 18.896-19.851V5C111.218 5.527 94 23.077 94 44.566v72.754h67.002V50.318Z\"\/><\/svg>\n        <\/div>\n      <\/div>\n    <\/div>\n\n  <\/section>\n\n\n<section class=\"w-full\">\n          <div class=\"container-fluid relative flex h-screen items-center justify-center gap-x-8 gap-y-6 py-8 lg:py-40 -mt-[1px]\">\n      <div class=\"absolute inset-0 z-0 w-full h-full\">\n      <img loading=\"lazy\" decoding=\"async\" width=\"1440\" height=\"810\" src=\"https:\/\/fundacioesteve.mortensen.cat\/app\/uploads\/2024\/05\/Farmacia-Esteve-CTA.jpg\" class=\"w-full h-full object-cover\" alt=\"\" srcset=\"https:\/\/fundacioesteve.mortensen.cat\/app\/uploads\/2024\/05\/Farmacia-Esteve-CTA.jpg 1440w, https:\/\/fundacioesteve.mortensen.cat\/app\/uploads\/2024\/05\/Farmacia-Esteve-CTA-300x169.jpg 300w, https:\/\/fundacioesteve.mortensen.cat\/app\/uploads\/2024\/05\/Farmacia-Esteve-CTA-1024x576.jpg 1024w, https:\/\/fundacioesteve.mortensen.cat\/app\/uploads\/2024\/05\/Farmacia-Esteve-CTA-768x432.jpg 768w\" sizes=\"auto, (max-width: 1440px) 100vw, 1440px\" \/>\n    <\/div>\n    <div class=\"relative z-10 flex flex-col col-span-full gap-y-4 md:col-span-6 lg:col-span-5\">\n          <h2 class=\"text-center text-white desk-h1 mbl-h1\">History<\/h2>\n              <div class=\"max-w-md pb-2 text-center text-white default-text lg:pb-8\"><p>For more than 40 years, the Dr. Antoni Esteve Foundation promoted scientific research and communication initiatives in the field of pharmacology, helping preserve and project the legacy of Dr. Antoni Esteve i Subirana.<br \/>\nToday, this legacy continues through Dr. Antoni Esteve i Subirana Ci\u00e8ncia, which carries the mission forward.<\/p>\n<\/div>\n              <a href=\"https:\/\/fundacioesteve.mortensen.cat\/en\/about-us\/history\/\" class=\" text-lg text-white hover:decoration-red-500 underline underline-offset-4 decoration-white  text-center\">\n  Learn more about our history\n<\/a>\n      <\/div>\n\n<\/div>\n        <\/section>\n        ","protected":false},"excerpt":{"rendered":"","protected":false},"author":1,"featured_media":0,"parent":0,"menu_order":0,"comment_status":"closed","ping_status":"closed","template":"","meta":{"_acf_changed":false,"footnotes":""},"basics_global_taxonomy":[],"class_list":["post-774","page","type-page","status-publish","hentry"],"acf":[],"yoast_head":"<!-- This site is optimized with the Yoast SEO plugin v27.5 - https:\/\/yoast.com\/product\/yoast-seo-wordpress\/ -->\n<title>Dr. Antoni Esteve i Subirana | CI\u00c8NCIA - Inici<\/title>\n<meta name=\"description\" content=\"La Fundaci\u00f3 Dr. Antoni Esteve treballa per promoure la recerca farmacol\u00f2gica tant a nivell nacional com internacional.\" \/>\n<meta name=\"robots\" content=\"noindex, follow, max-snippet:-1, max-image-preview:large, max-video-preview:-1\" \/>\n<meta property=\"og:locale\" content=\"en_US\" \/>\n<meta property=\"og:type\" content=\"article\" \/>\n<meta property=\"og:title\" content=\"Dr. Antoni Esteve i Subirana | CI\u00c8NCIA - Inici\" \/>\n<meta property=\"og:description\" content=\"La Fundaci\u00f3 Dr. Antoni Esteve treballa per promoure la recerca farmacol\u00f2gica tant a nivell nacional com internacional.\" \/>\n<meta property=\"og:url\" content=\"https:\/\/esteve.org\/en\/\" \/>\n<meta property=\"og:site_name\" content=\"Dr. Antoni Esteve i Subirana | CI\u00c8NCIA\" \/>\n<meta property=\"article:modified_time\" content=\"2026-02-16T07:14:53+00:00\" \/>\n<meta name=\"twitter:card\" content=\"summary_large_image\" \/>\n<meta name=\"twitter:label1\" content=\"Est. reading time\" \/>\n\t<meta name=\"twitter:data1\" content=\"2 minutes\" \/>\n<script type=\"application\/ld+json\" class=\"yoast-schema-graph\">{\"@context\":\"https:\\\/\\\/schema.org\",\"@graph\":[{\"@type\":\"WebPage\",\"@id\":\"https:\\\/\\\/esteve.org\\\/en\\\/\",\"url\":\"https:\\\/\\\/esteve.org\\\/en\\\/\",\"name\":\"Dr. Antoni Esteve i Subirana | CI\u00c8NCIA - Inici\",\"isPartOf\":{\"@id\":\"https:\\\/\\\/esteve.org\\\/#website\"},\"datePublished\":\"2024-05-15T15:35:01+00:00\",\"dateModified\":\"2026-02-16T07:14:53+00:00\",\"description\":\"La Fundaci\u00f3 Dr. Antoni Esteve treballa per promoure la recerca farmacol\u00f2gica tant a nivell nacional com internacional.\",\"inLanguage\":\"en-US\",\"potentialAction\":[{\"@type\":\"ReadAction\",\"target\":[\"https:\\\/\\\/esteve.org\\\/en\\\/\"]}]},{\"@type\":\"WebSite\",\"@id\":\"https:\\\/\\\/esteve.org\\\/#website\",\"url\":\"https:\\\/\\\/esteve.org\\\/\",\"name\":\"Fundaci\u00f3 Dr. Antoni Esteve\",\"description\":\"\",\"potentialAction\":[{\"@type\":\"SearchAction\",\"target\":{\"@type\":\"EntryPoint\",\"urlTemplate\":\"https:\\\/\\\/esteve.org\\\/?s={search_term_string}\"},\"query-input\":{\"@type\":\"PropertyValueSpecification\",\"valueRequired\":true,\"valueName\":\"search_term_string\"}}],\"inLanguage\":\"en-US\"}]}<\/script>\n<!-- \/ Yoast SEO plugin. -->","yoast_head_json":{"title":"Dr. Antoni Esteve i Subirana | CI\u00c8NCIA - Inici","description":"La Fundaci\u00f3 Dr. Antoni Esteve treballa per promoure la recerca farmacol\u00f2gica tant a nivell nacional com internacional.","robots":{"index":"noindex","follow":"follow","max-snippet":"max-snippet:-1","max-image-preview":"max-image-preview:large","max-video-preview":"max-video-preview:-1"},"og_locale":"en_US","og_type":"article","og_title":"Dr. Antoni Esteve i Subirana | CI\u00c8NCIA - Inici","og_description":"La Fundaci\u00f3 Dr. Antoni Esteve treballa per promoure la recerca farmacol\u00f2gica tant a nivell nacional com internacional.","og_url":"https:\/\/esteve.org\/en\/","og_site_name":"Dr. Antoni Esteve i Subirana | CI\u00c8NCIA","article_modified_time":"2026-02-16T07:14:53+00:00","twitter_card":"summary_large_image","twitter_misc":{"Est. reading time":"2 minutes"},"schema":{"@context":"https:\/\/schema.org","@graph":[{"@type":"WebPage","@id":"https:\/\/esteve.org\/en\/","url":"https:\/\/esteve.org\/en\/","name":"Dr. Antoni Esteve i Subirana | CI\u00c8NCIA - Inici","isPartOf":{"@id":"https:\/\/esteve.org\/#website"},"datePublished":"2024-05-15T15:35:01+00:00","dateModified":"2026-02-16T07:14:53+00:00","description":"La Fundaci\u00f3 Dr. Antoni Esteve treballa per promoure la recerca farmacol\u00f2gica tant a nivell nacional com internacional.","inLanguage":"en-US","potentialAction":[{"@type":"ReadAction","target":["https:\/\/esteve.org\/en\/"]}]},{"@type":"WebSite","@id":"https:\/\/esteve.org\/#website","url":"https:\/\/esteve.org\/","name":"Fundaci\u00f3 Dr. Antoni Esteve","description":"","potentialAction":[{"@type":"SearchAction","target":{"@type":"EntryPoint","urlTemplate":"https:\/\/esteve.org\/?s={search_term_string}"},"query-input":{"@type":"PropertyValueSpecification","valueRequired":true,"valueName":"search_term_string"}}],"inLanguage":"en-US"}]}},"_links":{"self":[{"href":"https:\/\/fundacioesteve.mortensen.cat\/en\/wp-json\/wp\/v2\/pages\/774","targetHints":{"allow":["GET"]}}],"collection":[{"href":"https:\/\/fundacioesteve.mortensen.cat\/en\/wp-json\/wp\/v2\/pages"}],"about":[{"href":"https:\/\/fundacioesteve.mortensen.cat\/en\/wp-json\/wp\/v2\/types\/page"}],"author":[{"embeddable":true,"href":"https:\/\/fundacioesteve.mortensen.cat\/en\/wp-json\/wp\/v2\/users\/1"}],"replies":[{"embeddable":true,"href":"https:\/\/fundacioesteve.mortensen.cat\/en\/wp-json\/wp\/v2\/comments?post=774"}],"version-history":[{"count":19,"href":"https:\/\/fundacioesteve.mortensen.cat\/en\/wp-json\/wp\/v2\/pages\/774\/revisions"}],"predecessor-version":[{"id":2260,"href":"https:\/\/fundacioesteve.mortensen.cat\/en\/wp-json\/wp\/v2\/pages\/774\/revisions\/2260"}],"wp:attachment":[{"href":"https:\/\/fundacioesteve.mortensen.cat\/en\/wp-json\/wp\/v2\/media?parent=774"}],"wp:term":[{"taxonomy":"basics_global_taxonomy","embeddable":true,"href":"https:\/\/fundacioesteve.mortensen.cat\/en\/wp-json\/wp\/v2\/basics_global_taxonomy?post=774"}],"curies":[{"name":"wp","href":"https:\/\/api.w.org\/{rel}","templated":true}]}}