{"id":1022,"date":"2024-11-13T18:15:04","date_gmt":"2024-11-13T18:15:04","guid":{"rendered":"https:\/\/fundacioesteve.mortensen.cat\/transparencia\/"},"modified":"2026-02-05T15:00:41","modified_gmt":"2026-02-05T15:00:41","slug":"transparencia","status":"publish","type":"page","link":"https:\/\/fundacioesteve.mortensen.cat\/es\/transparencia\/","title":{"rendered":"Transparencia"},"content":{"rendered":"<section class=\"flex flex-col py-4 container-fluid gap-y-3 lg:py-8\">\n        <h1 class=\"desk-h1 mbl-h1\">Transparencia<\/h1>\n\n  <\/section>\n  \n  \n\n<section class=\"grid grid-cols-12 py-10 container-fluid gap-x-8 gap-y-6 lg:gap-y-10 \">\n    <div class=\"col-span-full\">\n      <h2 class=\"desk-h2 mbl-h2\"><\/h2>\n    <\/div>\n    <div class=\"col-span-full md:col-span-6 md:col-start-5 lg:col-span-5 lg:col-start-6\">\n      <div class=\"prose-p:pb-4 prose-a:text-red-500 prose-a:transition prose-a:duration-150 prose-a:ease-in-out hover:prose-a:underline prose-a:underline-offset-2 prose-a:decoration-black\"><p>Creemos en la transparencia como un instrumento para mejorar la gesti\u00f3n interna y alcanzar buenos resultados. Por ello, queremos informar a la ciudadan\u00eda, a las personas beneficiarias y a los grupos de inter\u00e9s, dando a conocer nuestro funcionamiento, nuestra misi\u00f3n y nuestras actuaciones, as\u00ed como el impacto social que generamos.<\/p>\n<p>Esta p\u00e1gina web es una iniciativa de los descendientes del Dr. Antoni Esteve i Subirana, que han querido preservar su legado y compartir los valores que guiaron su trayectoria profesional y humana.<\/p>\n<p>Canalizamos esta misi\u00f3n a trav\u00e9s de los proyectos actualmente en marcha: la <a href=\"https:\/\/fundacioesteve.mortensen.cat\/es\/catedra\/\"><strong>C\u00e1tedra UB \u2013 Dr. Antoni Esteve i Subirana de Investigaci\u00f3n en Farmacolog\u00eda<\/strong><\/a> y los <a href=\"https:\/\/fundacioesteve.mortensen.cat\/es\/premios\/\"><strong>Premios.<\/strong><\/a><\/p>\n<\/div>\n    <\/div>\n  <\/section>\n","protected":false},"excerpt":{"rendered":"","protected":false},"author":1,"featured_media":0,"parent":0,"menu_order":0,"comment_status":"closed","ping_status":"closed","template":"","meta":{"_acf_changed":false,"footnotes":""},"basics_global_taxonomy":[],"class_list":["post-1022","page","type-page","status-publish","hentry"],"acf":[],"yoast_head":"<!-- This site is optimized with the Yoast SEO plugin v27.5 - https:\/\/yoast.com\/product\/yoast-seo-wordpress\/ -->\n<title>Dr. Antoni Esteve i Subirana | CI\u00c8NCIA - Transparencia<\/title>\n<meta name=\"robots\" content=\"noindex, follow, max-snippet:-1, max-image-preview:large, max-video-preview:-1\" \/>\n<meta property=\"og:locale\" content=\"es_ES\" \/>\n<meta property=\"og:type\" content=\"article\" \/>\n<meta property=\"og:title\" content=\"Dr. Antoni Esteve i Subirana | CI\u00c8NCIA - Transparencia\" \/>\n<meta property=\"og:url\" content=\"https:\/\/esteve.org\/transparencia\/\" \/>\n<meta property=\"og:site_name\" content=\"Dr. Antoni Esteve i Subirana | CI\u00c8NCIA\" \/>\n<meta property=\"article:modified_time\" content=\"2026-02-05T15:00:41+00:00\" \/>\n<meta name=\"twitter:card\" content=\"summary_large_image\" \/>\n<meta name=\"twitter:label1\" content=\"Est. reading time\" \/>\n\t<meta name=\"twitter:data1\" content=\"2 minutes\" \/>\n<script type=\"application\/ld+json\" class=\"yoast-schema-graph\">{\"@context\":\"https:\\\/\\\/schema.org\",\"@graph\":[{\"@type\":\"WebPage\",\"@id\":\"https:\\\/\\\/esteve.org\\\/transparencia\\\/\",\"url\":\"https:\\\/\\\/esteve.org\\\/transparencia\\\/\",\"name\":\"Dr. Antoni Esteve i Subirana | CI\u00c8NCIA - Transparencia\",\"isPartOf\":{\"@id\":\"https:\\\/\\\/esteve.org\\\/#website\"},\"datePublished\":\"2024-11-13T18:15:04+00:00\",\"dateModified\":\"2026-02-05T15:00:41+00:00\",\"inLanguage\":\"es-ES\",\"potentialAction\":[{\"@type\":\"ReadAction\",\"target\":[\"https:\\\/\\\/esteve.org\\\/transparencia\\\/\"]}]},{\"@type\":\"WebSite\",\"@id\":\"https:\\\/\\\/esteve.org\\\/#website\",\"url\":\"https:\\\/\\\/esteve.org\\\/\",\"name\":\"Fundaci\u00f3 Dr. Antoni Esteve\",\"description\":\"\",\"potentialAction\":[{\"@type\":\"SearchAction\",\"target\":{\"@type\":\"EntryPoint\",\"urlTemplate\":\"https:\\\/\\\/esteve.org\\\/?s={search_term_string}\"},\"query-input\":{\"@type\":\"PropertyValueSpecification\",\"valueRequired\":true,\"valueName\":\"search_term_string\"}}],\"inLanguage\":\"es-ES\"}]}<\/script>\n<!-- \/ Yoast SEO plugin. -->","yoast_head_json":{"title":"Dr. Antoni Esteve i Subirana | CI\u00c8NCIA - Transparencia","robots":{"index":"noindex","follow":"follow","max-snippet":"max-snippet:-1","max-image-preview":"max-image-preview:large","max-video-preview":"max-video-preview:-1"},"og_locale":"es_ES","og_type":"article","og_title":"Dr. Antoni Esteve i Subirana | CI\u00c8NCIA - Transparencia","og_url":"https:\/\/esteve.org\/transparencia\/","og_site_name":"Dr. Antoni Esteve i Subirana | CI\u00c8NCIA","article_modified_time":"2026-02-05T15:00:41+00:00","twitter_card":"summary_large_image","twitter_misc":{"Est. reading time":"2 minutes"},"schema":{"@context":"https:\/\/schema.org","@graph":[{"@type":"WebPage","@id":"https:\/\/esteve.org\/transparencia\/","url":"https:\/\/esteve.org\/transparencia\/","name":"Dr. Antoni Esteve i Subirana | CI\u00c8NCIA - Transparencia","isPartOf":{"@id":"https:\/\/esteve.org\/#website"},"datePublished":"2024-11-13T18:15:04+00:00","dateModified":"2026-02-05T15:00:41+00:00","inLanguage":"es-ES","potentialAction":[{"@type":"ReadAction","target":["https:\/\/esteve.org\/transparencia\/"]}]},{"@type":"WebSite","@id":"https:\/\/esteve.org\/#website","url":"https:\/\/esteve.org\/","name":"Fundaci\u00f3 Dr. Antoni Esteve","description":"","potentialAction":[{"@type":"SearchAction","target":{"@type":"EntryPoint","urlTemplate":"https:\/\/esteve.org\/?s={search_term_string}"},"query-input":{"@type":"PropertyValueSpecification","valueRequired":true,"valueName":"search_term_string"}}],"inLanguage":"es-ES"}]}},"_links":{"self":[{"href":"https:\/\/fundacioesteve.mortensen.cat\/es\/wp-json\/wp\/v2\/pages\/1022","targetHints":{"allow":["GET"]}}],"collection":[{"href":"https:\/\/fundacioesteve.mortensen.cat\/es\/wp-json\/wp\/v2\/pages"}],"about":[{"href":"https:\/\/fundacioesteve.mortensen.cat\/es\/wp-json\/wp\/v2\/types\/page"}],"author":[{"embeddable":true,"href":"https:\/\/fundacioesteve.mortensen.cat\/es\/wp-json\/wp\/v2\/users\/1"}],"replies":[{"embeddable":true,"href":"https:\/\/fundacioesteve.mortensen.cat\/es\/wp-json\/wp\/v2\/comments?post=1022"}],"version-history":[{"count":3,"href":"https:\/\/fundacioesteve.mortensen.cat\/es\/wp-json\/wp\/v2\/pages\/1022\/revisions"}],"predecessor-version":[{"id":2177,"href":"https:\/\/fundacioesteve.mortensen.cat\/es\/wp-json\/wp\/v2\/pages\/1022\/revisions\/2177"}],"wp:attachment":[{"href":"https:\/\/fundacioesteve.mortensen.cat\/es\/wp-json\/wp\/v2\/media?parent=1022"}],"wp:term":[{"taxonomy":"basics_global_taxonomy","embeddable":true,"href":"https:\/\/fundacioesteve.mortensen.cat\/es\/wp-json\/wp\/v2\/basics_global_taxonomy?post=1022"}],"curies":[{"name":"wp","href":"https:\/\/api.w.org\/{rel}","templated":true}]}}