{"id":1025,"date":"2024-11-14T14:44:52","date_gmt":"2024-11-14T14:44:52","guid":{"rendered":"https:\/\/fundacioesteve.mortensen.cat\/catedra\/"},"modified":"2026-02-16T11:52:19","modified_gmt":"2026-02-16T11:52:19","slug":"catedra","status":"publish","type":"page","link":"https:\/\/fundacioesteve.mortensen.cat\/es\/catedra\/","title":{"rendered":"C\u00e1tedra"},"content":{"rendered":"<section class=\"flex flex-col py-4 container-fluid gap-y-3 lg:py-8\">\n        <h1 class=\"desk-h1 mbl-h1\">C\u00e1tedra<\/h1>\n\n  <\/section>\n  \n  \n\n<section class=\"grid grid-cols-12 py-10 bg-white container-fluid gap-x-8 gap-y-6 lg:gap-y-10\">\n    <div class=\"col-span-full\">\n      <h2 class=\"desk-h2 mbl-h2\">C\u00c1TEDRA UB &#8211; Dr. Antoni Esteve i Subirana de Investigaci\u00f3n en Farmacolog\u00eda<\/h2>\n    <\/div>\n    <div class=\"col-span-full md:col-span-6 \">\n      <div class=\"prose-p:pb-4\"><p>Antoni Esteve i Subirana Ci\u00e8ncia tiene por misi\u00f3n la promoci\u00f3n de la <strong>investigaci\u00f3n en farmacolog\u00eda<\/strong> en memoria del Dr. Antoni Esteve i Subirana, quien contribuy\u00f3 a la terap\u00e9utica moderna mediante la investigaci\u00f3n, la discusi\u00f3n cient\u00edfica y varias publicaciones en el \u00e1mbito de la farmacolog\u00eda.<\/p>\n<p>Este compromiso est\u00e1 en consonancia con la visi\u00f3n estrat\u00e9gica y la trayectoria en investigaci\u00f3n de la Facultad de Farmacia de la Universidad de Barcelona (UB), entidad de referencia en investigaci\u00f3n en farmacolog\u00eda y ciencias farmac\u00e9uticas.<\/p>\n<p>Esta confluencia fue un factor determinante en la creaci\u00f3n, en 2024, de la C\u00e1tedra UB \u2013 Dr. Antoni Esteve i Subirana, un proyecto en el que ambas entidades se unen para crear un espacio cient\u00edfico de colaboraci\u00f3n donde se desarrollan actividades de investigaci\u00f3n y transferencia de conocimiento dirigidas a investigadoras e investigadores.<\/p>\n<\/div>\n    <\/div>\n    <div class=\"col-span-full md:col-span-4 md:col-start-8\">\n      <img loading=\"lazy\" decoding=\"async\" width=\"512\" height=\"151\" src=\"https:\/\/fundacioesteve.mortensen.cat\/app\/uploads\/2025\/09\/Logo.png\" class=\" w-full h-auto\" alt=\"\" srcset=\"https:\/\/fundacioesteve.mortensen.cat\/app\/uploads\/2025\/09\/Logo.png 512w, https:\/\/fundacioesteve.mortensen.cat\/app\/uploads\/2025\/09\/Logo-300x88.png 300w\" sizes=\"auto, (max-width: 512px) 100vw, 512px\" \/>\n    <\/div>\n  <\/section>\n\n\n<section class=\"grid grid-cols-12 py-10 container-fluid gap-x-8 gap-y-6 lg:gap-y-10 \">\n    <div class=\"col-span-full\">\n      <h2 class=\"desk-h2 mbl-h2\">Objetivo de la C\u00e1tedra<\/h2>\n    <\/div>\n    <div class=\"col-span-full md:col-span-6 md:col-start-5 lg:col-span-5 lg:col-start-6\">\n      <div class=\"prose-p:pb-4 prose-a:text-red-500 prose-a:transition prose-a:duration-150 prose-a:ease-in-out hover:prose-a:underline prose-a:underline-offset-2 prose-a:decoration-black\"><p>La C\u00e1tedra UB \u2013 Dr. Antoni Esteve i Subirana de Investigaci\u00f3n en Farmacolog\u00eda promueve la investigaci\u00f3n y act\u00faa como un polo de atracci\u00f3n para investigadores e investigadoras.<\/p>\n<p>Su finalidad es convertirse en un punto de encuentro donde se estimule un debate cient\u00edfico abierto e innovador mediante la organizaci\u00f3n de distintos eventos cient\u00edficos, como jornadas, congresos, mesas redondas o workshops.<\/p>\n<p>Otra de sus metas es ofrecer oportunidades para la captaci\u00f3n de talento joven a trav\u00e9s del apoyo a proyectos de investigaci\u00f3n y el reconocimiento a la excelencia cient\u00edfica.<\/p>\n<p>Finalmente, la C\u00e1tedra promueve publicaciones dirigidas a expertos en farmacolog\u00eda.<\/p>\n<\/div>\n    <\/div>\n  <\/section>\n\n\n<section class=\"relative flex aspect-[188\/405] md:aspect-video\">\n  <div class=\"absolute inset-0 z-0\">\n    <picture class=\"object-cover object-top w-full h-full\">\n      <source srcset=\"https:\/\/fundacioesteve.mortensen.cat\/app\/uploads\/2025\/09\/vestibul_principal_nou_2.jpg\" media=\"(min-width: 768px)\">\n      <source srcset=\"https:\/\/fundacioesteve.mortensen.cat\/app\/uploads\/2025\/09\/vestibul_principal_nou_2.jpg\" media=\"(min-width: 0px)\">\n      <img decoding=\"async\" class=\"object-cover object-top w-full h-full\" src=\"https:\/\/fundacioesteve.mortensen.cat\/app\/uploads\/2025\/09\/vestibul_principal_nou_2.jpg\" alt=\"\" \/>\n    <\/picture>\n  <\/div>\n<\/section>\n","protected":false},"excerpt":{"rendered":"","protected":false},"author":1,"featured_media":0,"parent":0,"menu_order":0,"comment_status":"closed","ping_status":"closed","template":"","meta":{"_acf_changed":false,"footnotes":""},"basics_global_taxonomy":[],"class_list":["post-1025","page","type-page","status-publish","hentry"],"acf":[],"yoast_head":"<!-- This site is optimized with the Yoast SEO plugin v27.5 - https:\/\/yoast.com\/product\/yoast-seo-wordpress\/ -->\n<title>Dr. Antoni Esteve i Subirana | CI\u00c8NCIA - C\u00e1tedra<\/title>\n<meta name=\"robots\" content=\"noindex, follow, max-snippet:-1, max-image-preview:large, max-video-preview:-1\" \/>\n<meta property=\"og:locale\" content=\"es_ES\" \/>\n<meta property=\"og:type\" content=\"article\" \/>\n<meta property=\"og:title\" content=\"Dr. Antoni Esteve i Subirana | CI\u00c8NCIA - C\u00e1tedra\" \/>\n<meta property=\"og:url\" content=\"https:\/\/esteve.org\/catedra\/\" \/>\n<meta property=\"og:site_name\" content=\"Dr. Antoni Esteve i Subirana | CI\u00c8NCIA\" \/>\n<meta property=\"article:modified_time\" content=\"2026-02-16T11:52:19+00:00\" \/>\n<meta name=\"twitter:card\" content=\"summary_large_image\" \/>\n<meta name=\"twitter:label1\" content=\"Est. reading time\" \/>\n\t<meta name=\"twitter:data1\" content=\"2 minutes\" \/>\n<script type=\"application\/ld+json\" class=\"yoast-schema-graph\">{\"@context\":\"https:\\\/\\\/schema.org\",\"@graph\":[{\"@type\":\"WebPage\",\"@id\":\"https:\\\/\\\/esteve.org\\\/catedra\\\/\",\"url\":\"https:\\\/\\\/esteve.org\\\/catedra\\\/\",\"name\":\"Dr. Antoni Esteve i Subirana | CI\u00c8NCIA - C\u00e1tedra\",\"isPartOf\":{\"@id\":\"https:\\\/\\\/esteve.org\\\/#website\"},\"datePublished\":\"2024-11-14T14:44:52+00:00\",\"dateModified\":\"2026-02-16T11:52:19+00:00\",\"inLanguage\":\"es-ES\",\"potentialAction\":[{\"@type\":\"ReadAction\",\"target\":[\"https:\\\/\\\/esteve.org\\\/catedra\\\/\"]}]},{\"@type\":\"WebSite\",\"@id\":\"https:\\\/\\\/esteve.org\\\/#website\",\"url\":\"https:\\\/\\\/esteve.org\\\/\",\"name\":\"Fundaci\u00f3 Dr. Antoni Esteve\",\"description\":\"\",\"potentialAction\":[{\"@type\":\"SearchAction\",\"target\":{\"@type\":\"EntryPoint\",\"urlTemplate\":\"https:\\\/\\\/esteve.org\\\/?s={search_term_string}\"},\"query-input\":{\"@type\":\"PropertyValueSpecification\",\"valueRequired\":true,\"valueName\":\"search_term_string\"}}],\"inLanguage\":\"es-ES\"}]}<\/script>\n<!-- \/ Yoast SEO plugin. -->","yoast_head_json":{"title":"Dr. Antoni Esteve i Subirana | CI\u00c8NCIA - C\u00e1tedra","robots":{"index":"noindex","follow":"follow","max-snippet":"max-snippet:-1","max-image-preview":"max-image-preview:large","max-video-preview":"max-video-preview:-1"},"og_locale":"es_ES","og_type":"article","og_title":"Dr. Antoni Esteve i Subirana | CI\u00c8NCIA - C\u00e1tedra","og_url":"https:\/\/esteve.org\/catedra\/","og_site_name":"Dr. Antoni Esteve i Subirana | CI\u00c8NCIA","article_modified_time":"2026-02-16T11:52:19+00:00","twitter_card":"summary_large_image","twitter_misc":{"Est. reading time":"2 minutes"},"schema":{"@context":"https:\/\/schema.org","@graph":[{"@type":"WebPage","@id":"https:\/\/esteve.org\/catedra\/","url":"https:\/\/esteve.org\/catedra\/","name":"Dr. Antoni Esteve i Subirana | CI\u00c8NCIA - C\u00e1tedra","isPartOf":{"@id":"https:\/\/esteve.org\/#website"},"datePublished":"2024-11-14T14:44:52+00:00","dateModified":"2026-02-16T11:52:19+00:00","inLanguage":"es-ES","potentialAction":[{"@type":"ReadAction","target":["https:\/\/esteve.org\/catedra\/"]}]},{"@type":"WebSite","@id":"https:\/\/esteve.org\/#website","url":"https:\/\/esteve.org\/","name":"Fundaci\u00f3 Dr. Antoni Esteve","description":"","potentialAction":[{"@type":"SearchAction","target":{"@type":"EntryPoint","urlTemplate":"https:\/\/esteve.org\/?s={search_term_string}"},"query-input":{"@type":"PropertyValueSpecification","valueRequired":true,"valueName":"search_term_string"}}],"inLanguage":"es-ES"}]}},"_links":{"self":[{"href":"https:\/\/fundacioesteve.mortensen.cat\/es\/wp-json\/wp\/v2\/pages\/1025","targetHints":{"allow":["GET"]}}],"collection":[{"href":"https:\/\/fundacioesteve.mortensen.cat\/es\/wp-json\/wp\/v2\/pages"}],"about":[{"href":"https:\/\/fundacioesteve.mortensen.cat\/es\/wp-json\/wp\/v2\/types\/page"}],"author":[{"embeddable":true,"href":"https:\/\/fundacioesteve.mortensen.cat\/es\/wp-json\/wp\/v2\/users\/1"}],"replies":[{"embeddable":true,"href":"https:\/\/fundacioesteve.mortensen.cat\/es\/wp-json\/wp\/v2\/comments?post=1025"}],"version-history":[{"count":14,"href":"https:\/\/fundacioesteve.mortensen.cat\/es\/wp-json\/wp\/v2\/pages\/1025\/revisions"}],"predecessor-version":[{"id":2292,"href":"https:\/\/fundacioesteve.mortensen.cat\/es\/wp-json\/wp\/v2\/pages\/1025\/revisions\/2292"}],"wp:attachment":[{"href":"https:\/\/fundacioesteve.mortensen.cat\/es\/wp-json\/wp\/v2\/media?parent=1025"}],"wp:term":[{"taxonomy":"basics_global_taxonomy","embeddable":true,"href":"https:\/\/fundacioesteve.mortensen.cat\/es\/wp-json\/wp\/v2\/basics_global_taxonomy?post=1025"}],"curies":[{"name":"wp","href":"https:\/\/api.w.org\/{rel}","templated":true}]}}