{"id":639,"date":"2024-05-22T09:12:53","date_gmt":"2024-05-22T09:12:53","guid":{"rendered":"https:\/\/fundacioesteve.mortensen.cat\/qui-som\/"},"modified":"2026-04-08T09:35:25","modified_gmt":"2026-04-08T09:35:25","slug":"quienes-somos","status":"publish","type":"page","link":"https:\/\/fundacioesteve.mortensen.cat\/es\/quienes-somos\/","title":{"rendered":"Legado"},"content":{"rendered":"<section class=\"flex flex-col py-4 container-fluid gap-y-3 lg:py-8\">\n        <h1 class=\"desk-h1 mbl-h1\">Legado<\/h1>\n\n  <\/section>\n      <div class=\"sticky z-20 w-full h-auto !border-t-2 !border-b border-grey-100 sticky-top-space bg-grey-50 \">\n              <div class=\"menu-qui-som-es-container\"><ul id=\"menu-qui-som-es\" class=\"-mt-[2px] nav about-navigation flex  flex-row flex-nowrap text-xs max-md:justify-between gap-x-4 md:gap-x-6 container-fluid relative overflow-x-scroll\"><li id=\"menu-item-707\" class=\"menu-item menu-item-type-post_type menu-item-object-page menu-item-707\"><a href=\"https:\/\/fundacioesteve.mortensen.cat\/es\/quienes-somos\/\">Qu\u00e9 hacemos<\/a><\/li>\n<li id=\"menu-item-708\" class=\"menu-item menu-item-type-post_type menu-item-object-page menu-item-708\"><a href=\"https:\/\/fundacioesteve.mortensen.cat\/es\/quienes-somos\/visio-missio-i-valors\/\">C\u00f3mo lo hacemos<\/a><\/li>\n<li id=\"menu-item-709\" class=\"menu-item menu-item-type-post_type menu-item-object-page menu-item-709\"><a href=\"https:\/\/fundacioesteve.mortensen.cat\/es\/quienes-somos\/historia\/\">Cronolog\u00eda<\/a><\/li>\n<\/ul><\/div>\n          <\/div>\n  \n  \n\n<section class=\"relative flex aspect-[188\/405] md:aspect-video\">\n    <div class=\"relative z-10 grid grid-cols-3 py-8 container-fluid gap-x-8 lg:py-16\">\n                        <div class=\"col-span-full md:col-span-2\">\n            <div class=\"text-white desk-h1 mbl-h1\">M\u00e1s de 40 a\u00f1os promoviendo la investigaci\u00f3n en farmacolog\u00eda<\/div>\n          <\/div>\n                  <\/div>\n    <div class=\"absolute inset-0 z-0\">\n      <picture class=\"object-cover object-top w-full h-full\">\n        <source srcset=\"https:\/\/fundacioesteve.mortensen.cat\/app\/uploads\/2024\/06\/fundacio-esteve-patronat.jpg\" media=\"(min-width: 768px)\">\n        <source srcset=\"https:\/\/fundacioesteve.mortensen.cat\/app\/uploads\/2024\/06\/fundacio-esteve-patronat-vert.jpg\" media=\"(min-width: 0px)\">\n        <img decoding=\"async\" class=\"object-cover object-top w-full h-full\" src=\"https:\/\/fundacioesteve.mortensen.cat\/app\/uploads\/2024\/06\/fundacio-esteve-patronat.jpg\" alt=\"\" \/>\n      <\/picture>\n    <\/div>\n  <\/section>\n\n\n<section class=\"grid grid-cols-12 py-10 container-fluid gap-x-8 gap-y-6 lg:gap-y-10 \">\n    <div class=\"col-span-full\">\n      <h2 class=\"desk-h2 mbl-h2\">Qu\u00e9 hacemos<\/h2>\n    <\/div>\n    <div class=\"col-span-full md:col-span-6 md:col-start-5 lg:col-span-5 lg:col-start-6\">\n      <div class=\"prose-p:pb-4 prose-a:text-red-500 prose-a:transition prose-a:duration-150 prose-a:ease-in-out hover:prose-a:underline prose-a:underline-offset-2 prose-a:decoration-black\"><p>Queremos continuar el legado cient\u00edfico del Dr. Antoni Esteve i Subirana con la misi\u00f3n de generar y transferir conocimiento en farmacolog\u00eda a trav\u00e9s de proyectos tan relevantes como la <strong>C\u00e1tedra UB \u2013 Dr. Antoni Esteve i Subirana de Investigaci\u00f3n en Farmacolog\u00eda <\/strong>y los<strong> Premios de Investigaci\u00f3n Dr. Antoni Esteve<\/strong>. Con este fin, las diversas actuaciones de cada proyecto encajan en uno u otro de los siguientes prop\u00f3sitos:<\/p>\n<\/div>\n    <\/div>\n  <\/section>\n\n\n<section class=\"grid grid-cols-12 py-10 container-fluid gap-x-8 gap-y-6 lg:gap-y-10\">\n    <div class=\"col-span-full\">\n      <h2 class=\"desk-h2 mbl-h2\"><\/h2>\n    <\/div>\n    <div class=\"divide-y-2 col-span-full divide-grey-200 lg:col-span-10 lg:col-start-3\">\n              <div class=\"grid grid-cols-10 pt-10 pb-6 gap-x-8 gap-y-4 first-of-type:pt-0\">\n          <div class=\"grid col-span-full gap-y-4 md:col-span-3 lg:col-start-2 xl:col-span-2 xl:col-start-2\">\n            <h3 class=\"order-2 font-serif text-xl md:order-1\">Generamos ciencia<\/h3>\n            \n          <\/div>\n          <div class=\"flex flex-col col-span-full gap-y-4 md:col-span-6 lg:col-span-5 lg:gap-y-6\">\n            <p>Organizamos conferencias, mesas redondas y celebramos jornadas para ofrecer un espacio de <strong>debate cient\u00edfico<\/strong> donde compartir y contrastar conocimientos sobre temas relevantes de la farmacolog\u00eda.<\/p>\n\n                      <\/div>\n        <\/div>\n              <div class=\"grid grid-cols-10 pt-10 pb-6 gap-x-8 gap-y-4 first-of-type:pt-0\">\n          <div class=\"grid col-span-full gap-y-4 md:col-span-3 lg:col-start-2 xl:col-span-2 xl:col-start-2\">\n            <h3 class=\"order-2 font-serif text-xl md:order-1\">Comunicamos ciencia<\/h3>\n            \n          <\/div>\n          <div class=\"flex flex-col col-span-full gap-y-4 md:col-span-6 lg:col-span-5 lg:gap-y-6\">\n            <p>Desarrollamos iniciativas para impulsar la comunicaci\u00f3n del conocimiento cient\u00edfico en salud mediante <strong>cursos, talleres y acciones formativas<\/strong> dirigidas a investigadores, e impulsamos propuestas que conectan la ciencia con el periodismo y los medios de comunicaci\u00f3n con el objetivo de facilitar y mejorar la pr\u00e1ctica comunicativa y la transferencia de la investigaci\u00f3n.<\/p>\n\n                      <\/div>\n        <\/div>\n              <div class=\"grid grid-cols-10 pt-10 pb-6 gap-x-8 gap-y-4 first-of-type:pt-0\">\n          <div class=\"grid col-span-full gap-y-4 md:col-span-3 lg:col-start-2 xl:col-span-2 xl:col-start-2\">\n            <h3 class=\"order-2 font-serif text-xl md:order-1\">Culturizamos ciencia<\/h3>\n            \n          <\/div>\n          <div class=\"flex flex-col col-span-full gap-y-4 md:col-span-6 lg:col-span-5 lg:gap-y-6\">\n            <p>Acercamos la ciencia a la sociedad a trav\u00e9s de <strong>acciones inclusivas y divulgativas<\/strong> donde la ciencia y la cultura interact\u00faan, con un especial cuidado por el lenguaje cient\u00edfico en catal\u00e1n.<span class=\"Apple-converted-space\">\u00a0<\/span><\/p>\n\n                      <\/div>\n        <\/div>\n          <\/div>\n\n  <\/section>\n\n\n<section class=\" bg-grey-100 \">\n          <div class=\"container-fluid\">\n            <div class=\"grid grid-cols-12 py-8 lg:py-20 gap-x-8 gap-y-6\">\n  <div class=\"flex flex-col col-span-full md:col-span-6 lg:col-span-5 gap-y-4\">\n        <h2 class=\"desk-h1 mbl-h1\">Dr. Antoni Esteve Subirana<\/h2>\n            <div class=\"pb-2 lg:pb-8 default-text\"><p>Su esp\u00edritu emprendedor y su vocaci\u00f3n por la farmacolog\u00eda lo llevaron a crear las primeras especialidades originales en la segunda planta de la farmacia que su familia ten\u00eda desde hac\u00eda cinco generaciones.<\/p>\n<\/div>\n            <a href=\"https:\/\/fundacioesteve.mortensen.cat\/es\/antoni-esteve-subirana\/\" class=\" text-lg text-red-500 hover:text-black underline underline-offset-4 decoration-black group-hover:text-white group-hover:decoration-white align wp-block-call-to-action-block\">\n  Conoce al doctor Antoni Esteve Subirana\n<\/a>\n      <\/div>\n  <div class=\"col-span-full md:col-span-5 md:col-end-13\">\n        <img loading=\"lazy\" decoding=\"async\" width=\"535\" height=\"401\" src=\"https:\/\/fundacioesteve.mortensen.cat\/app\/uploads\/2024\/05\/doctor-CTA.jpg\" class=\"w-full h-auto\" alt=\"\" srcset=\"https:\/\/fundacioesteve.mortensen.cat\/app\/uploads\/2024\/05\/doctor-CTA.jpg 535w, https:\/\/fundacioesteve.mortensen.cat\/app\/uploads\/2024\/05\/doctor-CTA-300x225.jpg 300w\" sizes=\"auto, (max-width: 535px) 100vw, 535px\" \/>\n      <\/div>\n<\/div>\n          <\/div>\n        <\/section>\n        \n\n<section class=\"w-full\">\n          <div class=\"container-fluid relative flex h-screen items-center justify-center gap-x-8 gap-y-6 py-8 lg:py-40 -mt-[1px]\">\n      <div class=\"absolute inset-0 z-0 w-full h-full\">\n      <img loading=\"lazy\" decoding=\"async\" width=\"1440\" height=\"810\" src=\"https:\/\/fundacioesteve.mortensen.cat\/app\/uploads\/2024\/05\/Farmacia-Esteve-CTA.jpg\" class=\"w-full h-full object-cover\" alt=\"\" srcset=\"https:\/\/fundacioesteve.mortensen.cat\/app\/uploads\/2024\/05\/Farmacia-Esteve-CTA.jpg 1440w, https:\/\/fundacioesteve.mortensen.cat\/app\/uploads\/2024\/05\/Farmacia-Esteve-CTA-300x169.jpg 300w, https:\/\/fundacioesteve.mortensen.cat\/app\/uploads\/2024\/05\/Farmacia-Esteve-CTA-1024x576.jpg 1024w, https:\/\/fundacioesteve.mortensen.cat\/app\/uploads\/2024\/05\/Farmacia-Esteve-CTA-768x432.jpg 768w\" sizes=\"auto, (max-width: 1440px) 100vw, 1440px\" \/>\n    <\/div>\n    <div class=\"relative z-10 flex flex-col col-span-full gap-y-4 md:col-span-6 lg:col-span-5\">\n          <h2 class=\"text-center text-white desk-h1 mbl-h1\">Historia<\/h2>\n              <div class=\"max-w-md pb-2 text-center text-white default-text lg:pb-8\"><p>Durante m\u00e1s de 40 a\u00f1os, la Fundaci\u00f3n Dr. Antoni Esteve impuls\u00f3 iniciativas de investigaci\u00f3n y divulgaci\u00f3n cient\u00edfica en el \u00e1mbito de la farmacolog\u00eda, contribuyendo a preservar y proyectar el legado del Dr. Antoni Esteve Subirana.<\/p>\n<p>&nbsp;<\/p>\n<p>Hoy, este legado pervive a trav\u00e9s de <em>Dr. Antoni Esteve i Subirana Ci\u00e8ncia<\/em>, que da continuidad al proyecto.<\/p>\n<\/div>\n              <a href=\"https:\/\/fundacioesteve.mortensen.cat\/es\/quienes-somos\/historia\/\" class=\" text-lg text-white hover:decoration-red-500 underline underline-offset-4 decoration-white  text-center\">\n  Conoce nuestra historia\n<\/a>\n      <\/div>\n\n<\/div>\n        <\/section>\n        \n\n<section class=\"  bg-red-500 text-white \">\n    <div class=\" container-fluid\">\n      <div class=\"relative grid w-full h-full grid-cols-12 py-40 gap-x-8\">\n        <div class=\"flex flex-col items-center col-span-full md:col-span-6 md:col-start-4 gap-y-4\">\n                      <h2 class=\"font-serif text-xl italic text-center lg:text-2xl\">El \u00e1rbol plantado ha crecido y ha extendido sus ramas hacia la medicina humana y veterinaria.<\/h2>\n                                <div class=\"py-6 text-center desk-text-bold \">Dr. Antoni Esteve i Subirana<\/div>\n                  <\/div>\n        <div class=\"absolute left-0 -bottom-7  text-grey-50 \">\n          <svg class=\"w-40 h-40\" xmlns=\"http:\/\/www.w3.org\/2000\/svg\" fill=\"none\" viewBox=\"0 0 166 122\"><path fill=\"currentColor\" d=\"M24.695 44.566c0-10.628 8.385-19.325 18.895-19.851V5C22.218 5.527 5 23.077 5 44.566v72.754h66.982V50.318H24.695v-5.752ZM161.002 50.318h-47.288v-5.752c0-10.628 8.385-19.325 18.896-19.851V5C111.218 5.527 94 23.077 94 44.566v72.754h67.002V50.318Z\"\/><\/svg>\n        <\/div>\n        <div class=\"absolute right-0 -top-7  text-grey-50 \">\n          <svg class=\"w-40 h-40 rotate-180\" xmlns=\"http:\/\/www.w3.org\/2000\/svg\" fill=\"none\" viewBox=\"0 0 166 122\"><path fill=\"currentColor\" d=\"M24.695 44.566c0-10.628 8.385-19.325 18.895-19.851V5C22.218 5.527 5 23.077 5 44.566v72.754h66.982V50.318H24.695v-5.752ZM161.002 50.318h-47.288v-5.752c0-10.628 8.385-19.325 18.896-19.851V5C111.218 5.527 94 23.077 94 44.566v72.754h67.002V50.318Z\"\/><\/svg>\n        <\/div>\n      <\/div>\n    <\/div>\n\n  <\/section>\n","protected":false},"excerpt":{"rendered":"","protected":false},"author":1,"featured_media":0,"parent":0,"menu_order":0,"comment_status":"closed","ping_status":"closed","template":"","meta":{"_acf_changed":false,"footnotes":""},"basics_global_taxonomy":[],"class_list":["post-639","page","type-page","status-publish","hentry"],"acf":[],"yoast_head":"<!-- This site is optimized with the Yoast SEO plugin v27.5 - https:\/\/yoast.com\/product\/yoast-seo-wordpress\/ -->\n<title>Dr. Antoni Esteve i Subirana | CI\u00c8NCIA - Legado<\/title>\n<meta name=\"description\" content=\"La Fundaci\u00f3 Dr. Antoni Esteve \u00e9s la cohereva del comprom\u00eds que el doctor va manifestar vers la ci\u00e8ncia, concretament la farmacologia.\" \/>\n<meta name=\"robots\" content=\"noindex, follow, max-snippet:-1, max-image-preview:large, max-video-preview:-1\" \/>\n<meta property=\"og:locale\" content=\"es_ES\" \/>\n<meta property=\"og:type\" content=\"article\" \/>\n<meta property=\"og:title\" content=\"Dr. Antoni Esteve i Subirana | CI\u00c8NCIA - Legado\" \/>\n<meta property=\"og:description\" content=\"La Fundaci\u00f3 Dr. Antoni Esteve \u00e9s la cohereva del comprom\u00eds que el doctor va manifestar vers la ci\u00e8ncia, concretament la farmacologia.\" \/>\n<meta property=\"og:url\" content=\"https:\/\/esteve.org\/es\/quienes-somos\/\" \/>\n<meta property=\"og:site_name\" content=\"Dr. Antoni Esteve i Subirana | CI\u00c8NCIA\" \/>\n<meta property=\"article:modified_time\" content=\"2026-04-08T09:35:25+00:00\" \/>\n<meta name=\"twitter:card\" content=\"summary_large_image\" \/>\n<meta name=\"twitter:label1\" content=\"Est. reading time\" \/>\n\t<meta name=\"twitter:data1\" content=\"2 minutes\" \/>\n<script type=\"application\/ld+json\" class=\"yoast-schema-graph\">{\"@context\":\"https:\\\/\\\/schema.org\",\"@graph\":[{\"@type\":\"WebPage\",\"@id\":\"https:\\\/\\\/esteve.org\\\/es\\\/quienes-somos\\\/\",\"url\":\"https:\\\/\\\/esteve.org\\\/es\\\/quienes-somos\\\/\",\"name\":\"Dr. Antoni Esteve i Subirana | CI\u00c8NCIA - Legado\",\"isPartOf\":{\"@id\":\"https:\\\/\\\/esteve.org\\\/#website\"},\"datePublished\":\"2024-05-22T09:12:53+00:00\",\"dateModified\":\"2026-04-08T09:35:25+00:00\",\"description\":\"La Fundaci\u00f3 Dr. Antoni Esteve \u00e9s la cohereva del comprom\u00eds que el doctor va manifestar vers la ci\u00e8ncia, concretament la farmacologia.\",\"inLanguage\":\"es-ES\",\"potentialAction\":[{\"@type\":\"ReadAction\",\"target\":[\"https:\\\/\\\/esteve.org\\\/es\\\/quienes-somos\\\/\"]}]},{\"@type\":\"WebSite\",\"@id\":\"https:\\\/\\\/esteve.org\\\/#website\",\"url\":\"https:\\\/\\\/esteve.org\\\/\",\"name\":\"Fundaci\u00f3 Dr. Antoni Esteve\",\"description\":\"\",\"potentialAction\":[{\"@type\":\"SearchAction\",\"target\":{\"@type\":\"EntryPoint\",\"urlTemplate\":\"https:\\\/\\\/esteve.org\\\/?s={search_term_string}\"},\"query-input\":{\"@type\":\"PropertyValueSpecification\",\"valueRequired\":true,\"valueName\":\"search_term_string\"}}],\"inLanguage\":\"es-ES\"}]}<\/script>\n<!-- \/ Yoast SEO plugin. -->","yoast_head_json":{"title":"Dr. Antoni Esteve i Subirana | CI\u00c8NCIA - Legado","description":"La Fundaci\u00f3 Dr. Antoni Esteve \u00e9s la cohereva del comprom\u00eds que el doctor va manifestar vers la ci\u00e8ncia, concretament la farmacologia.","robots":{"index":"noindex","follow":"follow","max-snippet":"max-snippet:-1","max-image-preview":"max-image-preview:large","max-video-preview":"max-video-preview:-1"},"og_locale":"es_ES","og_type":"article","og_title":"Dr. Antoni Esteve i Subirana | CI\u00c8NCIA - Legado","og_description":"La Fundaci\u00f3 Dr. Antoni Esteve \u00e9s la cohereva del comprom\u00eds que el doctor va manifestar vers la ci\u00e8ncia, concretament la farmacologia.","og_url":"https:\/\/esteve.org\/es\/quienes-somos\/","og_site_name":"Dr. Antoni Esteve i Subirana | CI\u00c8NCIA","article_modified_time":"2026-04-08T09:35:25+00:00","twitter_card":"summary_large_image","twitter_misc":{"Est. reading time":"2 minutes"},"schema":{"@context":"https:\/\/schema.org","@graph":[{"@type":"WebPage","@id":"https:\/\/esteve.org\/es\/quienes-somos\/","url":"https:\/\/esteve.org\/es\/quienes-somos\/","name":"Dr. Antoni Esteve i Subirana | CI\u00c8NCIA - Legado","isPartOf":{"@id":"https:\/\/esteve.org\/#website"},"datePublished":"2024-05-22T09:12:53+00:00","dateModified":"2026-04-08T09:35:25+00:00","description":"La Fundaci\u00f3 Dr. Antoni Esteve \u00e9s la cohereva del comprom\u00eds que el doctor va manifestar vers la ci\u00e8ncia, concretament la farmacologia.","inLanguage":"es-ES","potentialAction":[{"@type":"ReadAction","target":["https:\/\/esteve.org\/es\/quienes-somos\/"]}]},{"@type":"WebSite","@id":"https:\/\/esteve.org\/#website","url":"https:\/\/esteve.org\/","name":"Fundaci\u00f3 Dr. Antoni Esteve","description":"","potentialAction":[{"@type":"SearchAction","target":{"@type":"EntryPoint","urlTemplate":"https:\/\/esteve.org\/?s={search_term_string}"},"query-input":{"@type":"PropertyValueSpecification","valueRequired":true,"valueName":"search_term_string"}}],"inLanguage":"es-ES"}]}},"_links":{"self":[{"href":"https:\/\/fundacioesteve.mortensen.cat\/es\/wp-json\/wp\/v2\/pages\/639","targetHints":{"allow":["GET"]}}],"collection":[{"href":"https:\/\/fundacioesteve.mortensen.cat\/es\/wp-json\/wp\/v2\/pages"}],"about":[{"href":"https:\/\/fundacioesteve.mortensen.cat\/es\/wp-json\/wp\/v2\/types\/page"}],"author":[{"embeddable":true,"href":"https:\/\/fundacioesteve.mortensen.cat\/es\/wp-json\/wp\/v2\/users\/1"}],"replies":[{"embeddable":true,"href":"https:\/\/fundacioesteve.mortensen.cat\/es\/wp-json\/wp\/v2\/comments?post=639"}],"version-history":[{"count":5,"href":"https:\/\/fundacioesteve.mortensen.cat\/es\/wp-json\/wp\/v2\/pages\/639\/revisions"}],"predecessor-version":[{"id":2339,"href":"https:\/\/fundacioesteve.mortensen.cat\/es\/wp-json\/wp\/v2\/pages\/639\/revisions\/2339"}],"wp:attachment":[{"href":"https:\/\/fundacioesteve.mortensen.cat\/es\/wp-json\/wp\/v2\/media?parent=639"}],"wp:term":[{"taxonomy":"basics_global_taxonomy","embeddable":true,"href":"https:\/\/fundacioesteve.mortensen.cat\/es\/wp-json\/wp\/v2\/basics_global_taxonomy?post=639"}],"curies":[{"name":"wp","href":"https:\/\/api.w.org\/{rel}","templated":true}]}}