{"id":648,"date":"2024-05-22T09:30:18","date_gmt":"2024-05-22T09:30:18","guid":{"rendered":"https:\/\/fundacioesteve.mortensen.cat\/qui-som\/visio-missio-i-valors\/"},"modified":"2026-02-16T14:47:53","modified_gmt":"2026-02-16T14:47:53","slug":"visio-missio-i-valors","status":"publish","type":"page","link":"https:\/\/fundacioesteve.mortensen.cat\/es\/quienes-somos\/visio-missio-i-valors\/","title":{"rendered":"Visi\u00f3n, misi\u00f3n y valores"},"content":{"rendered":"<section class=\"flex flex-col py-4 container-fluid gap-y-3 lg:py-8\">\n          <div class=\"text-sm uppercase\">\n        Legado\n      <\/div>\n        <h1 class=\"desk-h1 mbl-h1\">C\u00f3mo lo hacemos<\/h1>\n\n  <\/section>\n      <div class=\"sticky z-20 w-full h-auto !border-t-2 !border-b border-grey-100 sticky-top-space bg-grey-50 \">\n              <div class=\"menu-qui-som-es-container\"><ul id=\"menu-qui-som-es\" class=\"-mt-[2px] nav about-navigation flex  flex-row flex-nowrap text-xs max-md:justify-between gap-x-4 md:gap-x-6 container-fluid relative overflow-x-scroll\"><li id=\"menu-item-707\" class=\"menu-item menu-item-type-post_type menu-item-object-page menu-item-707\"><a href=\"https:\/\/fundacioesteve.mortensen.cat\/es\/quienes-somos\/\">Qu\u00e9 hacemos<\/a><\/li>\n<li id=\"menu-item-708\" class=\"menu-item menu-item-type-post_type menu-item-object-page menu-item-708\"><a href=\"https:\/\/fundacioesteve.mortensen.cat\/es\/quienes-somos\/visio-missio-i-valors\/\">C\u00f3mo lo hacemos<\/a><\/li>\n<li id=\"menu-item-709\" class=\"menu-item menu-item-type-post_type menu-item-object-page menu-item-709\"><a href=\"https:\/\/fundacioesteve.mortensen.cat\/es\/quienes-somos\/historia\/\">Cronolog\u00eda<\/a><\/li>\n<\/ul><\/div>\n          <\/div>\n  \n  \n\n<section class=\"grid grid-cols-12 py-10 container-fluid gap-x-8 gap-y-6 lg:gap-y-10 \">\n    <div class=\"col-span-full\">\n      <h2 class=\"desk-h2 mbl-h2\">FUNDACI\u00d3N DR. ANTONI ESTEVE (1982-2025)<\/h2>\n    <\/div>\n    <div class=\"col-span-full md:col-span-6 md:col-start-5 lg:col-span-5 lg:col-start-6\">\n      <div class=\"prose-p:pb-4 prose-a:text-red-500 prose-a:transition prose-a:duration-150 prose-a:ease-in-out hover:prose-a:underline prose-a:underline-offset-2 prose-a:decoration-black\"><p>Constituida en 1982, fue el primer proyecto en el tiempo. Durante m\u00e1s de 40 a\u00f1os, continu\u00f3 el compromiso que el doctor manifest\u00f3 hacia la ciencia, en concreto, la farmacolog\u00eda, y hacia su pa\u00eds.<\/p>\n<p>Desde sus inicios, la Fundaci\u00f3n fue concebida como un laboratorio, pero en lugar de mezclar compuestos, mezclaba cient\u00edficos e investigadores. La reacci\u00f3n esperada era la generaci\u00f3n y transferencia de conocimiento en farmacolog\u00eda. Esta es la premisa con la que se inici\u00f3 la Fundaci\u00f3n bajo la direcci\u00f3n de Sergi Erill S\u00e1ez (1983\u20132009).<\/p>\n<\/div>\n    <\/div>\n  <\/section>\n\n\n<section class=\"grid grid-cols-12 py-10 container-fluid gap-x-8 gap-y-6 lg:gap-y-10 \">\n    <div class=\"col-span-full\">\n      <h2 class=\"desk-h2 mbl-h2\">C\u00c1TEDRA UB &#8211; DR. ANTONI ESTEVE I SUBIRANA DE INVESTIGACI\u00d3N EN FARMACOLOG\u00cdA<\/h2>\n    <\/div>\n    <div class=\"col-span-full md:col-span-6 md:col-start-5 lg:col-span-5 lg:col-start-6\">\n      <div class=\"prose-p:pb-4 prose-a:text-red-500 prose-a:transition prose-a:duration-150 prose-a:ease-in-out hover:prose-a:underline prose-a:underline-offset-2 prose-a:decoration-black\"><p>Este marco de colaboraci\u00f3n con la Facultad de Farmacia de la Universidad de Barcelona se convierte en un espacio cient\u00edfico donde se desarrollan actividades de investigaci\u00f3n y transferencia de conocimiento dirigidas, principalmente, a investigadoras e investigadores, as\u00ed como a expertas y expertos.<\/p>\n<p>La C\u00e1tedra contin\u00faa la misi\u00f3n de <strong>promover la investigaci\u00f3n<\/strong> y hereda la vocaci\u00f3n y el compromiso que el doctor manifest\u00f3 hacia la ciencia y, en particular, hacia la investigaci\u00f3n en farmacolog\u00eda. Su vocaci\u00f3n por esta disciplina lo llev\u00f3 a realizar diversos trabajos de investigaci\u00f3n y publicaciones con la esperanza de dejar abiertas al futuro todas las posibilidades para que el trabajo iniciado pudiera perdurar y contribuir al desarrollo de la terap\u00e9utica moderna en beneficio del bienestar y el progreso. Este es el reto que asume la C\u00e1tedra, apostando de forma decidida por la investigaci\u00f3n y la transferencia de conocimiento.<\/p>\n<\/div>\n    <\/div>\n  <\/section>\n\n\n<section class=\"grid grid-cols-12 py-10 container-fluid gap-x-8 gap-y-6 lg:gap-y-10 \">\n    <div class=\"col-span-full\">\n      <h2 class=\"desk-h2 mbl-h2\">PREMIO DE INVESTIGACI\u00d3N<\/h2>\n    <\/div>\n    <div class=\"col-span-full md:col-span-6 md:col-start-5 lg:col-span-5 lg:col-start-6\">\n      <div class=\"prose-p:pb-4 prose-a:text-red-500 prose-a:transition prose-a:duration-150 prose-a:ease-in-out hover:prose-a:underline prose-a:underline-offset-2 prose-a:decoration-black\"><p>Un jurado internacional e independiente es el encargado de destacar el <strong>mejor art\u00edculo cient\u00edfico de investigaci\u00f3n farmacol\u00f3gica<\/strong> publicado por un autor o autora de nacionalidad espa\u00f1ola en una revista internacional de prestigio. El art\u00edculo puede abordar cualquiera de los aspectos de la farmacolog\u00eda b\u00e1sica y\/o cl\u00ednica (dise\u00f1o, s\u00edntesis, desarrollo gal\u00e9nico, evaluaci\u00f3n cl\u00ednica o de laboratorio, uso, etc.).<\/p>\n<\/div>\n    <\/div>\n  <\/section>\n\n\n<section class=\"grid grid-cols-12 py-10 container-fluid gap-x-8 gap-y-6 lg:gap-y-10 \">\n    <div class=\"col-span-full\">\n      <h2 class=\"desk-h2 mbl-h2\">PUBLICACIONES<\/h2>\n    <\/div>\n    <div class=\"col-span-full md:col-span-6 md:col-start-5 lg:col-span-5 lg:col-start-6\">\n      <div class=\"prose-p:pb-4 prose-a:text-red-500 prose-a:transition prose-a:duration-150 prose-a:ease-in-out hover:prose-a:underline prose-a:underline-offset-2 prose-a:decoration-black\"><p>Impulsamos la elaboraci\u00f3n de publicaciones, en distintos formatos y colecciones, y de art\u00edculos cient\u00edficos, siempre en colaboraci\u00f3n con expertos y expertas. Desde 1982, hemos generado <strong>m\u00e1s de 125 publicaciones<\/strong> con el objetivo de contribuir a la producci\u00f3n de conocimiento cient\u00edfico.<\/p>\n<\/div>\n    <\/div>\n  <\/section>\n\n\n<section class=\"w-full\">\n          <div class=\"container-fluid relative flex h-screen items-center justify-center gap-x-8 gap-y-6 py-8 lg:py-40 -mt-[1px]\">\n      <div class=\"absolute inset-0 z-0 w-full h-full\">\n      <img loading=\"lazy\" decoding=\"async\" width=\"1440\" height=\"810\" src=\"https:\/\/fundacioesteve.mortensen.cat\/app\/uploads\/2024\/05\/Farmacia-Esteve-CTA.jpg\" class=\"w-full h-full object-cover\" alt=\"\" srcset=\"https:\/\/fundacioesteve.mortensen.cat\/app\/uploads\/2024\/05\/Farmacia-Esteve-CTA.jpg 1440w, https:\/\/fundacioesteve.mortensen.cat\/app\/uploads\/2024\/05\/Farmacia-Esteve-CTA-300x169.jpg 300w, https:\/\/fundacioesteve.mortensen.cat\/app\/uploads\/2024\/05\/Farmacia-Esteve-CTA-1024x576.jpg 1024w, https:\/\/fundacioesteve.mortensen.cat\/app\/uploads\/2024\/05\/Farmacia-Esteve-CTA-768x432.jpg 768w\" sizes=\"auto, (max-width: 1440px) 100vw, 1440px\" \/>\n    <\/div>\n    <div class=\"relative z-10 flex flex-col col-span-full gap-y-4 md:col-span-6 lg:col-span-5\">\n          <h2 class=\"text-center text-white desk-h1 mbl-h1\">Historia<\/h2>\n              <div class=\"max-w-md pb-2 text-center text-white default-text lg:pb-8\"><p>Durante m\u00e1s de 40 a\u00f1os, la Fundaci\u00f3n Dr. Antoni Esteve impuls\u00f3 iniciativas de investigaci\u00f3n y divulgaci\u00f3n cient\u00edfica en el \u00e1mbito de la farmacolog\u00eda, contribuyendo a preservar y proyectar el legado del Dr. Antoni Esteve Subirana.<\/p>\n<p>&nbsp;<\/p>\n<p>Hoy, este legado pervive a trav\u00e9s de <em>Dr. Antoni Esteve i Subirana Ci\u00e8ncia<\/em>, que da continuidad al proyecto.<\/p>\n<\/div>\n              <a href=\"https:\/\/fundacioesteve.mortensen.cat\/es\/quienes-somos\/historia\/\" class=\" text-lg text-white hover:decoration-red-500 underline underline-offset-4 decoration-white  text-center\">\n  Conoce nuestra historia\n<\/a>\n      <\/div>\n\n<\/div>\n        <\/section>\n        \n\n<section class=\"  bg-red-500 text-white \">\n    <div class=\" container-fluid\">\n      <div class=\"relative grid w-full h-full grid-cols-12 py-40 gap-x-8\">\n        <div class=\"flex flex-col items-center col-span-full md:col-span-6 md:col-start-4 gap-y-4\">\n                      <h2 class=\"font-serif text-xl italic text-center lg:text-2xl\">Antoni Esteve i Subirana contribuy\u00f3 de manera muy eficaz a la consolidaci\u00f3n de las instituciones cient\u00edficas de nuestro pa\u00eds, gracias a sus grandes dotes de organizador y emprendedor.<\/h2>\n                                <div class=\"py-6 text-center desk-text-bold \">Oriol Cassasses<\/div>\n                  <\/div>\n        <div class=\"absolute left-0 -bottom-7  text-grey-50 \">\n          <svg class=\"w-40 h-40\" xmlns=\"http:\/\/www.w3.org\/2000\/svg\" fill=\"none\" viewBox=\"0 0 166 122\"><path fill=\"currentColor\" d=\"M24.695 44.566c0-10.628 8.385-19.325 18.895-19.851V5C22.218 5.527 5 23.077 5 44.566v72.754h66.982V50.318H24.695v-5.752ZM161.002 50.318h-47.288v-5.752c0-10.628 8.385-19.325 18.896-19.851V5C111.218 5.527 94 23.077 94 44.566v72.754h67.002V50.318Z\"\/><\/svg>\n        <\/div>\n        <div class=\"absolute right-0 -top-7  text-grey-50 \">\n          <svg class=\"w-40 h-40 rotate-180\" xmlns=\"http:\/\/www.w3.org\/2000\/svg\" fill=\"none\" viewBox=\"0 0 166 122\"><path fill=\"currentColor\" d=\"M24.695 44.566c0-10.628 8.385-19.325 18.895-19.851V5C22.218 5.527 5 23.077 5 44.566v72.754h66.982V50.318H24.695v-5.752ZM161.002 50.318h-47.288v-5.752c0-10.628 8.385-19.325 18.896-19.851V5C111.218 5.527 94 23.077 94 44.566v72.754h67.002V50.318Z\"\/><\/svg>\n        <\/div>\n      <\/div>\n    <\/div>\n\n  <\/section>\n","protected":false},"excerpt":{"rendered":"","protected":false},"author":1,"featured_media":0,"parent":639,"menu_order":0,"comment_status":"closed","ping_status":"closed","template":"","meta":{"_acf_changed":false,"footnotes":""},"basics_global_taxonomy":[],"class_list":["post-648","page","type-page","status-publish","hentry"],"acf":[],"yoast_head":"<!-- This site is optimized with the Yoast SEO plugin v27.5 - https:\/\/yoast.com\/product\/yoast-seo-wordpress\/ -->\n<title>Dr. Antoni Esteve i Subirana | CI\u00c8NCIA - Visi\u00f3n, misi\u00f3n y valores<\/title>\n<meta name=\"description\" content=\"Coneix la visi\u00f3, missi\u00f3 i valors de la Fundaci\u00f3 Dr. Antoni Esteve, punt de trobada de cient\u00edfics per generar coneixement en la farmacologia.\" \/>\n<meta name=\"robots\" content=\"noindex, follow, max-snippet:-1, max-image-preview:large, max-video-preview:-1\" \/>\n<meta property=\"og:locale\" content=\"es_ES\" \/>\n<meta property=\"og:type\" content=\"article\" \/>\n<meta property=\"og:title\" content=\"Dr. Antoni Esteve i Subirana | CI\u00c8NCIA - Visi\u00f3n, misi\u00f3n y valores\" \/>\n<meta property=\"og:description\" content=\"Coneix la visi\u00f3, missi\u00f3 i valors de la Fundaci\u00f3 Dr. Antoni Esteve, punt de trobada de cient\u00edfics per generar coneixement en la farmacologia.\" \/>\n<meta property=\"og:url\" content=\"https:\/\/esteve.org\/qui-som\/visio-missio-i-valors\/\" \/>\n<meta property=\"og:site_name\" content=\"Dr. Antoni Esteve i Subirana | CI\u00c8NCIA\" \/>\n<meta property=\"article:modified_time\" content=\"2026-02-16T14:47:53+00:00\" \/>\n<meta name=\"twitter:card\" content=\"summary_large_image\" \/>\n<meta name=\"twitter:label1\" content=\"Est. reading time\" \/>\n\t<meta name=\"twitter:data1\" content=\"2 minutes\" \/>\n<script type=\"application\/ld+json\" class=\"yoast-schema-graph\">{\"@context\":\"https:\\\/\\\/schema.org\",\"@graph\":[{\"@type\":\"WebPage\",\"@id\":\"https:\\\/\\\/esteve.org\\\/qui-som\\\/visio-missio-i-valors\\\/\",\"url\":\"https:\\\/\\\/esteve.org\\\/qui-som\\\/visio-missio-i-valors\\\/\",\"name\":\"Dr. Antoni Esteve i Subirana | CI\u00c8NCIA - Visi\u00f3n, misi\u00f3n y valores\",\"isPartOf\":{\"@id\":\"https:\\\/\\\/esteve.org\\\/#website\"},\"datePublished\":\"2024-05-22T09:30:18+00:00\",\"dateModified\":\"2026-02-16T14:47:53+00:00\",\"description\":\"Coneix la visi\u00f3, missi\u00f3 i valors de la Fundaci\u00f3 Dr. Antoni Esteve, punt de trobada de cient\u00edfics per generar coneixement en la farmacologia.\",\"breadcrumb\":{\"@id\":\"https:\\\/\\\/esteve.org\\\/qui-som\\\/visio-missio-i-valors\\\/#breadcrumb\"},\"inLanguage\":\"es-ES\",\"potentialAction\":[{\"@type\":\"ReadAction\",\"target\":[\"https:\\\/\\\/esteve.org\\\/qui-som\\\/visio-missio-i-valors\\\/\"]}]},{\"@type\":\"BreadcrumbList\",\"@id\":\"https:\\\/\\\/esteve.org\\\/qui-som\\\/visio-missio-i-valors\\\/#breadcrumb\",\"itemListElement\":[{\"@type\":\"ListItem\",\"position\":1,\"name\":\"La Fundaci\u00f3n\",\"item\":\"https:\\\/\\\/esteve.org\\\/es\\\/quienes-somos\\\/\"},{\"@type\":\"ListItem\",\"position\":2,\"name\":\"Visi\u00f3n, misi\u00f3n y valores\"}]},{\"@type\":\"WebSite\",\"@id\":\"https:\\\/\\\/esteve.org\\\/#website\",\"url\":\"https:\\\/\\\/esteve.org\\\/\",\"name\":\"Fundaci\u00f3 Dr. Antoni Esteve\",\"description\":\"\",\"potentialAction\":[{\"@type\":\"SearchAction\",\"target\":{\"@type\":\"EntryPoint\",\"urlTemplate\":\"https:\\\/\\\/esteve.org\\\/?s={search_term_string}\"},\"query-input\":{\"@type\":\"PropertyValueSpecification\",\"valueRequired\":true,\"valueName\":\"search_term_string\"}}],\"inLanguage\":\"es-ES\"}]}<\/script>\n<!-- \/ Yoast SEO plugin. -->","yoast_head_json":{"title":"Dr. Antoni Esteve i Subirana | CI\u00c8NCIA - Visi\u00f3n, misi\u00f3n y valores","description":"Coneix la visi\u00f3, missi\u00f3 i valors de la Fundaci\u00f3 Dr. Antoni Esteve, punt de trobada de cient\u00edfics per generar coneixement en la farmacologia.","robots":{"index":"noindex","follow":"follow","max-snippet":"max-snippet:-1","max-image-preview":"max-image-preview:large","max-video-preview":"max-video-preview:-1"},"og_locale":"es_ES","og_type":"article","og_title":"Dr. Antoni Esteve i Subirana | CI\u00c8NCIA - Visi\u00f3n, misi\u00f3n y valores","og_description":"Coneix la visi\u00f3, missi\u00f3 i valors de la Fundaci\u00f3 Dr. Antoni Esteve, punt de trobada de cient\u00edfics per generar coneixement en la farmacologia.","og_url":"https:\/\/esteve.org\/qui-som\/visio-missio-i-valors\/","og_site_name":"Dr. Antoni Esteve i Subirana | CI\u00c8NCIA","article_modified_time":"2026-02-16T14:47:53+00:00","twitter_card":"summary_large_image","twitter_misc":{"Est. reading time":"2 minutes"},"schema":{"@context":"https:\/\/schema.org","@graph":[{"@type":"WebPage","@id":"https:\/\/esteve.org\/qui-som\/visio-missio-i-valors\/","url":"https:\/\/esteve.org\/qui-som\/visio-missio-i-valors\/","name":"Dr. Antoni Esteve i Subirana | CI\u00c8NCIA - Visi\u00f3n, misi\u00f3n y valores","isPartOf":{"@id":"https:\/\/esteve.org\/#website"},"datePublished":"2024-05-22T09:30:18+00:00","dateModified":"2026-02-16T14:47:53+00:00","description":"Coneix la visi\u00f3, missi\u00f3 i valors de la Fundaci\u00f3 Dr. Antoni Esteve, punt de trobada de cient\u00edfics per generar coneixement en la farmacologia.","breadcrumb":{"@id":"https:\/\/esteve.org\/qui-som\/visio-missio-i-valors\/#breadcrumb"},"inLanguage":"es-ES","potentialAction":[{"@type":"ReadAction","target":["https:\/\/esteve.org\/qui-som\/visio-missio-i-valors\/"]}]},{"@type":"BreadcrumbList","@id":"https:\/\/esteve.org\/qui-som\/visio-missio-i-valors\/#breadcrumb","itemListElement":[{"@type":"ListItem","position":1,"name":"La Fundaci\u00f3n","item":"https:\/\/esteve.org\/es\/quienes-somos\/"},{"@type":"ListItem","position":2,"name":"Visi\u00f3n, misi\u00f3n y valores"}]},{"@type":"WebSite","@id":"https:\/\/esteve.org\/#website","url":"https:\/\/esteve.org\/","name":"Fundaci\u00f3 Dr. Antoni Esteve","description":"","potentialAction":[{"@type":"SearchAction","target":{"@type":"EntryPoint","urlTemplate":"https:\/\/esteve.org\/?s={search_term_string}"},"query-input":{"@type":"PropertyValueSpecification","valueRequired":true,"valueName":"search_term_string"}}],"inLanguage":"es-ES"}]}},"_links":{"self":[{"href":"https:\/\/fundacioesteve.mortensen.cat\/es\/wp-json\/wp\/v2\/pages\/648","targetHints":{"allow":["GET"]}}],"collection":[{"href":"https:\/\/fundacioesteve.mortensen.cat\/es\/wp-json\/wp\/v2\/pages"}],"about":[{"href":"https:\/\/fundacioesteve.mortensen.cat\/es\/wp-json\/wp\/v2\/types\/page"}],"author":[{"embeddable":true,"href":"https:\/\/fundacioesteve.mortensen.cat\/es\/wp-json\/wp\/v2\/users\/1"}],"replies":[{"embeddable":true,"href":"https:\/\/fundacioesteve.mortensen.cat\/es\/wp-json\/wp\/v2\/comments?post=648"}],"version-history":[{"count":4,"href":"https:\/\/fundacioesteve.mortensen.cat\/es\/wp-json\/wp\/v2\/pages\/648\/revisions"}],"predecessor-version":[{"id":2284,"href":"https:\/\/fundacioesteve.mortensen.cat\/es\/wp-json\/wp\/v2\/pages\/648\/revisions\/2284"}],"up":[{"embeddable":true,"href":"https:\/\/fundacioesteve.mortensen.cat\/es\/wp-json\/wp\/v2\/pages\/639"}],"wp:attachment":[{"href":"https:\/\/fundacioesteve.mortensen.cat\/es\/wp-json\/wp\/v2\/media?parent=648"}],"wp:term":[{"taxonomy":"basics_global_taxonomy","embeddable":true,"href":"https:\/\/fundacioesteve.mortensen.cat\/es\/wp-json\/wp\/v2\/basics_global_taxonomy?post=648"}],"curies":[{"name":"wp","href":"https:\/\/api.w.org\/{rel}","templated":true}]}}