{"id":651,"date":"2024-05-15T09:33:43","date_gmt":"2024-05-15T09:33:43","guid":{"rendered":"https:\/\/fundacioesteve.mortensen.cat\/politica-de-cookies\/"},"modified":"2026-03-09T13:45:33","modified_gmt":"2026-03-09T13:45:33","slug":"politica-de-cookies","status":"publish","type":"page","link":"https:\/\/fundacioesteve.mortensen.cat\/es\/politica-de-cookies\/","title":{"rendered":"Pol\u00edtica de cookies"},"content":{"rendered":"\n<p>Esta Pol\u00edtica de cookies (\u201cPol\u00edtica de Cookies\u201d) tiene como finalidad informar de forma clara y precisa sobre las cookies utilizadas en el presente sitio web (\u201cSitio Web\u201d) operado por la CORPORACION QUIMICO FARMACEUTICA ESTEVE, S.A. (en adelante, la \u201cCorporaci\u00f3n\u201d).<\/p>\n\n\n\n<p>El presente Sitio Web utiliza cookies propias y de terceros para personalizar su experiencia de navegaci\u00f3n y analizar las visitas en el Sitio Web con finalidades estad\u00edsticas.<\/p>\n\n\n\n<p>Solamente utilizaremos cookies en su dispositivo siempre que usted haya otorgado su consentimiento, salvo en los supuestos en los cuales las cookies sean estrictamente necesarias para el correcto funcionamiento del Sitio Web. <\/p>\n\n\n\n<p>En caso de que nos otorgue su consentimiento, podemos utilizar las cookies descritas a continuaci\u00f3n para las correspondientes finalidades descritas, en funci\u00f3n de su selecci\u00f3n.<\/p>\n\n\n\n<h2 class=\"wp-block-heading\">1. Qu\u00e9 es una cookie?<\/h2>\n\n\n\n<p>Una cookie es un fichero que se descarga en el ordenador del usuario cuando acceda a determinados Sitios Web y que permite almacenar y recuperar informaci\u00f3n sobre los h\u00e1bitos de navegaci\u00f3n del Usuario o los de su equipo y, dependiendo de la informaci\u00f3n que contengan y de la forma en que se utilice en su equipo, pueden utilizarse para reconocer al Usuario.<\/p>\n\n\n\n<h2 class=\"wp-block-heading\">2. Tipos de cookies<\/h2>\n\n\n\n<p>Tipos de cookies seg\u00fan el plazo durante el cual est\u00e1n activas:<\/p>\n\n\n\n<ul class=\"wp-block-list\">\n<li><strong>Cookies de sesi\u00f3n<\/strong>: cookies dise\u00f1adas para recabar y almacenar datos mientras el Usuario accede al Sitio Web. Se utilizan para almacenar informaci\u00f3n que solo interesa conservar para la prestaci\u00f3n del servicio solicitado por el usuario en una ocasi\u00f3n (por ejemplo, lista de productos adquiridos) y desaparecen al finalizar la sesi\u00f3n.<\/li>\n<\/ul>\n\n\n\n<ul class=\"wp-block-list\">\n<li><strong>Cookies persistentes<\/strong>: cookies en las que los datos siguen almacenados en el terminal y pueden ser accedidos y tratados durante un plazo determinado, que puede ir de unos minutos a diversos a\u00f1os, por el responsable de la cookie.<\/li>\n<\/ul>\n\n\n\n<p><\/p>\n\n\n\n<p>Tipos de cookies seg\u00fan la entidad que gestiona:<\/p>\n\n\n\n<ul class=\"wp-block-list\">\n<li><strong>Cookies propias<\/strong>: cookies enviadas al dispositivo del Usuario desde un equipo o terminal gestionado por el titular del Sitio Web y desde la que se presta el servicio solicitado por el usuario.<\/li>\n<\/ul>\n\n\n\n<ul class=\"wp-block-list\">\n<li><strong>Cookies de terceros<\/strong>: cookies que se env\u00edan al dispositivo del usuario desde un equipo o dominio que no es gestionado por el titular del Sitio Web desde la que se presta el servicio solicitado por el usuario, sino por otra entidad que trata datos obtenidos a trav\u00e9s de las cookies. Asimismo, en el caso de que las cookies sean instaladas desde un equipo o dominio gestionado por el propio titular del Sitio Web, pero la informaci\u00f3n se recoja mediante las cookies gestionadas por terceros, ser\u00e1n consideradas cookies de terceros.<\/li>\n<\/ul>\n\n\n\n<p><\/p>\n\n\n\n<p>Tipos de cookies seg\u00fan la finalidad:<\/p>\n\n\n\n<ul class=\"wp-block-list\">\n<li><strong>Cookies t\u00e9cnicas<\/strong>: permiten al usuario la navegaci\u00f3n a trav\u00e9s de un sitio web, plataforma o aplicativo, incluyendo aquellas que el editor utiliza para permitir la gesti\u00f3n y operativa del sitio web.<\/li>\n\n\n\n<li><strong>Cookies de preferencia o personalizaci\u00f3n<\/strong>: permiten recordar informaci\u00f3n para que el usuario acceda al sitio web con determinadas caracter\u00edsticas que puedan diferenciar su experiencia de la de otros usuarios.<\/li>\n\n\n\n<li><strong>Cookies de an\u00e1lisis o medida<\/strong>: permiten al responsable de las cookies realizar un seguimiento y an\u00e1lisis del comportamiento del usuario en los sitios web a los que est\u00e1n vinculados. La informaci\u00f3n recogida mediante esta tipolog\u00eda de cookies se utiliza para medir la actividad del sitio web con el fin de introducir mejoras en funci\u00f3n del an\u00e1lisis de los datos de uso que realizan los usuarios.<\/li>\n\n\n\n<li><strong>Cookies de publicidad comportamental<\/strong>: almacenan informaci\u00f3n del comportamiento de los usuarios obtenida a trav\u00e9s de la observaci\u00f3n continuada de sus h\u00e1bitos de navegaci\u00f3n, lo que permite desarrollar un perfil espec\u00edfico para mostrar publicidad en funci\u00f3n del mismo.<\/li>\n<\/ul>\n\n\n\n<p><\/p>\n\n\n\n<h2 class=\"wp-block-heading\"><strong>3. Tipos de cookies utilizadas en el Sitio Web<\/strong><\/h2>\n\n\n\n<figure class=\"wp-block-table\"><table class=\"has-fixed-layout\"><tbody><tr><td>Nombre de la cookie<\/td><td>Duraci\u00f3n<\/td><td>Descripci\u00f3n<\/td><td>Tipos de cookie<\/td><td>Propia o de terceros<\/td><\/tr><tr><td>CookieConsent<\/td><td>1 a\u00f1o<\/td><td>Almacena el estado de consentimiento de cookies del Usuario para el dominio actual.<\/td><td>T\u00e9cnica<\/td><td>Terceros (Cookiebot)<\/td><\/tr><tr><td>wpEmojiSettingsSupports<\/td><td>Durante la sesi\u00f3n<\/td><td>Permite la entrega y presentaci\u00f3n de los contenidos en el Sitio Web. Estas cookies mantienen el estado correcto de la fuente, los deslizadores de blog\/im\u00e1genes, los colores y otros ajustes del Sitio Web.<\/td><td>T\u00e9cnica<\/td><td>Propia<\/td><\/tr><tr><td>wp-wpml_current_language<\/td><td>Durante la sesi\u00f3n<\/td><td>Designa el c\u00f3digo del pa\u00eds que se calcula a partir de la direcci\u00f3n IP del Usuario y se utiliza para determinar el idioma que debe utilizarse por cada visitante.<\/td><td>Preferencia<\/td><td>Propia<\/td><\/tr><tr><td>cookiesession1<\/td><td>1 a\u00f1o<\/td><td>Establece un IP para el visitante y sirve para contabilizar el n\u00famero de visitantes en el Sitio Web.<\/td><td>De an\u00e1lisis<\/td><td>Propia<\/td><\/tr><tr><td>_ga<\/td><td>2 a\u00f1os<\/td><td>Env\u00eda informaci\u00f3n a Google\u00a0Analytics\u00a0sobre el dispositivo y el comportamiento del visitante.<\/td><td>De an\u00e1lisis<\/td><td>Terceros (Google Analytics)<\/td><\/tr><tr><td>_ga_#<br><\/td><td>2 a\u00f1os<\/td><td>Env\u00eda informaci\u00f3n a Google\u00a0Analytics\u00a0sobre el dispositivo y el comportamiento del visitante.<\/td><td>De an\u00e1lisis<\/td><td>Terceros (Google Analytics)<\/td><\/tr><\/tbody><\/table><\/figure>\n\n\n\n<h2 class=\"wp-block-heading\"><strong>4. Desactivaci\u00f3n de las cookies en el Sitio Web<\/strong><\/h2>\n\n\n\n<p>En cualquier momento el Usuario puede permitir, bloquear o eliminar las cookies instaladas en su equipo mediante la configuraci\u00f3n de las opciones del navegador instalado en su ordenador:<\/p>\n\n\n\n<ul class=\"wp-block-list\">\n<li>Para m\u00e1s informaci\u00f3n sobre Internet Explorer clique <a href=\"https:\/\/support.microsoft.com\/es-es\/help\/17442\/windows-internet-explorer-delete-manage-cookies\">aqu\u00ed<\/a><\/li>\n\n\n\n<li>Para m\u00e1s informaci\u00f3n sobre Google Chrome clique <a href=\"https:\/\/support.google.com\/chrome\/answer\/95647\">aqu\u00ed<\/a><\/li>\n\n\n\n<li>Para m\u00e1s informaci\u00f3n sobre Firefox clique <a href=\"https:\/\/support.mozilla.org\/es\/kb\/Borrar%20cookies\" target=\"_blank\" rel=\"noreferrer noopener\">aqu\u00ed<\/a><\/li>\n\n\n\n<li>Para m\u00e1s informaci\u00f3n sobre Safari clique <a href=\"https:\/\/support.apple.com\/es-es\/HT201265\" target=\"_blank\" rel=\"noreferrer noopener\">aqu\u00ed<\/a><\/li>\n<\/ul>\n\n\n\n<p><\/p>\n\n\n\n<p>En cualquier caso, nuestra recomendaci\u00f3n es que acceda a la informaci\u00f3n de soporte actualizada de los diferentes navegadores para saber c\u00f3mo gestionar y eliminar las cookies. En caso de que utilice otros navegadores, acceda a la informaci\u00f3n puesta a disposici\u00f3n por el correspondiente navegador.<\/p>\n\n\n\n<p>Por favor, tenga en cuenta que su selecci\u00f3n de cookies es espec\u00edfica para cada navegador a trav\u00e9s del cual ha accedido al Sitio Web, por lo que, deber\u00e1 replicar su decisi\u00f3n de elecci\u00f3n en los diferentes navegadores a trav\u00e9s de los cuales haya accedido al Sitio Web.<\/p>\n\n\n\n<p>Si no desea que sus datos se recopilen en Google Analytics, puede instalar un complemento de inhabilitaci\u00f3n para navegadores. M\u00e1s informaci\u00f3n <a href=\"https:\/\/support.google.com\/analytics\/answer\/181881?hl=es&amp;ref_topic=2919631\" target=\"_blank\" rel=\"noreferrer noopener\">aqu\u00ed<\/a>.<\/p>\n\n\n\n<p>En caso de que no se permita la instalaci\u00f3n de cookies t\u00e9cnicas en su navegador, es posible que no pueda acceder a alguna de las secciones del Sitio Web o que \u00e9ste funcione incorrectamente, no obstante, bloquear la instalaci\u00f3n de las cookies de an\u00e1lisis descritas en esta pol\u00edtica no impide la utilizaci\u00f3n efectiva del Sitio Web.<\/p>\n\n\n\n<h2 class=\"wp-block-heading\"><strong>5. Retirada del consentimiento<\/strong><\/h2>\n\n\n\n<p>El usuario podr\u00e1 retirar, en cualquier momento, el consentimiento otorgado por la instalaci\u00f3n de cookies en su dispositivo y podr\u00e1 eliminar las cookies almacenadas en su dispositivo, a trav\u00e9s de los ajustes y configuraciones del navegador de internet indicados en la secci\u00f3n cuarta \u201cDesactivaci\u00f3n de las cookies en el Sitio Web\u201d de la presente Pol\u00edtica de Cookies, a trav\u00e9s del panel de configuraci\u00f3n de cookies accesible en todo momento.<\/p>\n\n\n\n<p>En su primera visita al Sitio Web a trav\u00e9s del presente panel de configuraci\u00f3n de cookies podr\u00e1 escoger si rechaza o acepta la instalaci\u00f3n de cookies y, en su caso, cu\u00e1les.<\/p>\n\n\n\n<h2 class=\"wp-block-heading\"><strong>6. Protecci\u00f3n de datos<\/strong><\/h2>\n\n\n\n<p>En determinados casos, la utilizaci\u00f3n de cookies implicar\u00e1 el tratamiento de datos personales de los Usuarios de los dispositivos al visitar el Sitio Web (por ejemplo, historial de navegaci\u00f3n, ID del dispositivo o direcci\u00f3n IP) por parte de la Corporaci\u00f3n, cuando las cookies son propias, o por parte de terceros identificados, cuando las cookies son de terceros, siendo cada uno Responsable del Tratamiento de la informaci\u00f3n.<\/p>\n\n\n\n<p>El tratamiento de los datos derivado de la utilizaci\u00f3n de cookies que no son necesarias para el funcionamiento del Sitio Web se legitima por el consentimiento otorgado por usted en la aceptaci\u00f3n, que podr\u00e1 retirarse, a trav\u00e9s del gestor de cookies habilitado a tal efecto, seg\u00fan descrito en el apartado quinto \u201c<em>Retirada del consentimiento<\/em>\u201d de la presente Pol\u00edtica de Cookies. En ning\u00fan caso, la retirada de su consentimiento afectar\u00e1 a la licitud de los tratamientos realizados con car\u00e1cter previo a su retirada.<\/p>\n\n\n\n<p>La Corporaci\u00f3n llevar\u00e1 a cabo transferencias internacionales de datos a entidades ubicadas fuera del Espacio Econ\u00f3mico Europeo (EEE), en concreto, en Estados Unidos, debido a la contrataci\u00f3n de un proveedor tecnol\u00f3gico ubicado en dicho territorio (Google). En cualquier caso, ofreceremos las garant\u00edas adecuadas (suscripci\u00f3n de las cl\u00e1usulas contractuales tipo que puede consultar en el siguiente enlace https:\/\/eur-lex.europa.eu\/legal-content\/ES\/TXT\/PDF\/?uri=CELEX:32021D0914) junto con, en su caso, las medidas complementarias que pudieran requerirse para ofrecer acciones legales efectivas en materia de protecci\u00f3n de datos. Podr\u00e1 obtener informaci\u00f3n adicional respecto a las garant\u00edas adecuadas poni\u00e9ndose en contacto a trav\u00e9s de <a href=\"mailto:info@antoniestevesubirana.com\">info@antoniestevesubirana.com<\/a>.<\/p>\n\n\n\n<p>El plazo de conservaci\u00f3n durante el cual sus datos personales ser\u00e1n conservados est\u00e1 indicado en la secci\u00f3n tercera de la presente Pol\u00edtica de Cookies \u201c<em>Cookies utilizadas en el Sitio Web\u201d.<\/em> Asimismo, podr\u00e1 encontrar m\u00e1s informaci\u00f3n sobre el tratamiento de datos personales por parte de terceros en las respectivas Pol\u00edticas de Privacidad.<br>Puede encontrar informaci\u00f3n adicional sobre el tratamiento de sus datos, as\u00ed como ejercitar los derechos conferidos en materia de protecci\u00f3n de datos en la <a href=\"https:\/\/fundacioesteve.mortensen.cat\/es\/politica-de-privacidad\/\">Pol\u00edtica de Privacidad<\/a>.<\/p>\n\n\n\n<h2 class=\"wp-block-heading\"><strong>7. Modificaci\u00f3n y actualizaci\u00f3n de la Pol\u00edtica de Cookies<\/strong><\/h2>\n\n\n\n<p>La Corporaci\u00f3n podr\u00e1 modificar total o parcialmente la presente Pol\u00edtica de Cookies en caso de requerirlo la normativa aplicable o con el fin de ajustarla a las cookies realmente utilizadas en el Sitio Web y en cualquier comunicaci\u00f3n electr\u00f3nica relacionada. Por eso, le recomendamos que revise la presente Pol\u00edtica cada vez que acceda al Sitio Web con el objetivo de estar debidamente informado sobre c\u00f3mo y para que utilicemos las cookies.<\/p>\n\n\n\n<p><em>\u00daltima actualizaci\u00f3n: Marzo de 202<\/em>6<\/p>\n","protected":false},"excerpt":{"rendered":"<p>Esta Pol\u00edtica de cookies (\u201cPol\u00edtica de Cookies\u201d) tiene como finalidad informar de forma clara y precisa sobre las cookies utilizadas en el presente sitio web (\u201cSitio Web\u201d) operado por la CORPORACION QUIMICO FARMACEUTICA ESTEVE, S.A. (en adelante, la \u201cCorporaci\u00f3n\u201d). El presente Sitio Web utiliza cookies propias y de terceros para personalizar su experiencia de navegaci\u00f3n [&hellip;]<\/p>\n","protected":false},"author":1,"featured_media":0,"parent":0,"menu_order":0,"comment_status":"closed","ping_status":"closed","template":"template-legals.blade.php","meta":{"_acf_changed":false,"footnotes":""},"basics_global_taxonomy":[],"class_list":["post-651","page","type-page","status-publish","hentry"],"acf":[],"yoast_head":"<!-- This site is optimized with the Yoast SEO plugin v27.5 - https:\/\/yoast.com\/product\/yoast-seo-wordpress\/ -->\n<title>Dr. Antoni Esteve i Subirana | CI\u00c8NCIA - Pol\u00edtica de cookies<\/title>\n<meta name=\"robots\" content=\"noindex, follow, max-snippet:-1, max-image-preview:large, max-video-preview:-1\" \/>\n<meta property=\"og:locale\" content=\"es_ES\" \/>\n<meta property=\"og:type\" content=\"article\" \/>\n<meta property=\"og:title\" content=\"Dr. Antoni Esteve i Subirana | CI\u00c8NCIA - Pol\u00edtica de cookies\" \/>\n<meta property=\"og:description\" content=\"Esta Pol\u00edtica de cookies (\u201cPol\u00edtica de Cookies\u201d) tiene como finalidad informar de forma clara y precisa sobre las cookies utilizadas en el presente sitio web (\u201cSitio Web\u201d) operado por la CORPORACION QUIMICO FARMACEUTICA ESTEVE, S.A. (en adelante, la \u201cCorporaci\u00f3n\u201d). El presente Sitio Web utiliza cookies propias y de terceros para personalizar su experiencia de navegaci\u00f3n [&hellip;]\" \/>\n<meta property=\"og:url\" content=\"https:\/\/esteve.org\/es\/politica-de-cookies\/\" \/>\n<meta property=\"og:site_name\" content=\"Dr. Antoni Esteve i Subirana | CI\u00c8NCIA\" \/>\n<meta property=\"article:modified_time\" content=\"2026-03-09T13:45:33+00:00\" \/>\n<meta name=\"twitter:card\" content=\"summary_large_image\" \/>\n<meta name=\"twitter:label1\" content=\"Est. reading time\" \/>\n\t<meta name=\"twitter:data1\" content=\"11 minutes\" \/>\n<script type=\"application\/ld+json\" class=\"yoast-schema-graph\">{\"@context\":\"https:\\\/\\\/schema.org\",\"@graph\":[{\"@type\":\"WebPage\",\"@id\":\"https:\\\/\\\/esteve.org\\\/es\\\/politica-de-cookies\\\/\",\"url\":\"https:\\\/\\\/esteve.org\\\/es\\\/politica-de-cookies\\\/\",\"name\":\"Dr. Antoni Esteve i Subirana | CI\u00c8NCIA - Pol\u00edtica de cookies\",\"isPartOf\":{\"@id\":\"https:\\\/\\\/esteve.org\\\/#website\"},\"datePublished\":\"2024-05-15T09:33:43+00:00\",\"dateModified\":\"2026-03-09T13:45:33+00:00\",\"inLanguage\":\"es-ES\",\"potentialAction\":[{\"@type\":\"ReadAction\",\"target\":[\"https:\\\/\\\/esteve.org\\\/es\\\/politica-de-cookies\\\/\"]}]},{\"@type\":\"WebSite\",\"@id\":\"https:\\\/\\\/esteve.org\\\/#website\",\"url\":\"https:\\\/\\\/esteve.org\\\/\",\"name\":\"Fundaci\u00f3 Dr. Antoni Esteve\",\"description\":\"\",\"potentialAction\":[{\"@type\":\"SearchAction\",\"target\":{\"@type\":\"EntryPoint\",\"urlTemplate\":\"https:\\\/\\\/esteve.org\\\/?s={search_term_string}\"},\"query-input\":{\"@type\":\"PropertyValueSpecification\",\"valueRequired\":true,\"valueName\":\"search_term_string\"}}],\"inLanguage\":\"es-ES\"}]}<\/script>\n<!-- \/ Yoast SEO plugin. -->","yoast_head_json":{"title":"Dr. Antoni Esteve i Subirana | CI\u00c8NCIA - Pol\u00edtica de cookies","robots":{"index":"noindex","follow":"follow","max-snippet":"max-snippet:-1","max-image-preview":"max-image-preview:large","max-video-preview":"max-video-preview:-1"},"og_locale":"es_ES","og_type":"article","og_title":"Dr. Antoni Esteve i Subirana | CI\u00c8NCIA - Pol\u00edtica de cookies","og_description":"Esta Pol\u00edtica de cookies (\u201cPol\u00edtica de Cookies\u201d) tiene como finalidad informar de forma clara y precisa sobre las cookies utilizadas en el presente sitio web (\u201cSitio Web\u201d) operado por la CORPORACION QUIMICO FARMACEUTICA ESTEVE, S.A. (en adelante, la \u201cCorporaci\u00f3n\u201d). El presente Sitio Web utiliza cookies propias y de terceros para personalizar su experiencia de navegaci\u00f3n [&hellip;]","og_url":"https:\/\/esteve.org\/es\/politica-de-cookies\/","og_site_name":"Dr. Antoni Esteve i Subirana | CI\u00c8NCIA","article_modified_time":"2026-03-09T13:45:33+00:00","twitter_card":"summary_large_image","twitter_misc":{"Est. reading time":"11 minutes"},"schema":{"@context":"https:\/\/schema.org","@graph":[{"@type":"WebPage","@id":"https:\/\/esteve.org\/es\/politica-de-cookies\/","url":"https:\/\/esteve.org\/es\/politica-de-cookies\/","name":"Dr. Antoni Esteve i Subirana | CI\u00c8NCIA - Pol\u00edtica de cookies","isPartOf":{"@id":"https:\/\/esteve.org\/#website"},"datePublished":"2024-05-15T09:33:43+00:00","dateModified":"2026-03-09T13:45:33+00:00","inLanguage":"es-ES","potentialAction":[{"@type":"ReadAction","target":["https:\/\/esteve.org\/es\/politica-de-cookies\/"]}]},{"@type":"WebSite","@id":"https:\/\/esteve.org\/#website","url":"https:\/\/esteve.org\/","name":"Fundaci\u00f3 Dr. Antoni Esteve","description":"","potentialAction":[{"@type":"SearchAction","target":{"@type":"EntryPoint","urlTemplate":"https:\/\/esteve.org\/?s={search_term_string}"},"query-input":{"@type":"PropertyValueSpecification","valueRequired":true,"valueName":"search_term_string"}}],"inLanguage":"es-ES"}]}},"_links":{"self":[{"href":"https:\/\/fundacioesteve.mortensen.cat\/es\/wp-json\/wp\/v2\/pages\/651","targetHints":{"allow":["GET"]}}],"collection":[{"href":"https:\/\/fundacioesteve.mortensen.cat\/es\/wp-json\/wp\/v2\/pages"}],"about":[{"href":"https:\/\/fundacioesteve.mortensen.cat\/es\/wp-json\/wp\/v2\/types\/page"}],"author":[{"embeddable":true,"href":"https:\/\/fundacioesteve.mortensen.cat\/es\/wp-json\/wp\/v2\/users\/1"}],"replies":[{"embeddable":true,"href":"https:\/\/fundacioesteve.mortensen.cat\/es\/wp-json\/wp\/v2\/comments?post=651"}],"version-history":[{"count":8,"href":"https:\/\/fundacioesteve.mortensen.cat\/es\/wp-json\/wp\/v2\/pages\/651\/revisions"}],"predecessor-version":[{"id":2300,"href":"https:\/\/fundacioesteve.mortensen.cat\/es\/wp-json\/wp\/v2\/pages\/651\/revisions\/2300"}],"wp:attachment":[{"href":"https:\/\/fundacioesteve.mortensen.cat\/es\/wp-json\/wp\/v2\/media?parent=651"}],"wp:term":[{"taxonomy":"basics_global_taxonomy","embeddable":true,"href":"https:\/\/fundacioesteve.mortensen.cat\/es\/wp-json\/wp\/v2\/basics_global_taxonomy?post=651"}],"curies":[{"name":"wp","href":"https:\/\/api.w.org\/{rel}","templated":true}]}}