{"id":663,"date":"2024-05-15T09:33:26","date_gmt":"2024-05-15T09:33:26","guid":{"rendered":"https:\/\/fundacioesteve.mortensen.cat\/avis-legal\/"},"modified":"2026-03-09T14:17:45","modified_gmt":"2026-03-09T14:17:45","slug":"avis-legal","status":"publish","type":"page","link":"https:\/\/fundacioesteve.mortensen.cat\/es\/avis-legal\/","title":{"rendered":"Aviso legal"},"content":{"rendered":"\n<p>Este Aviso Legal (en adelante, \u201cel Aviso Legal\u201d) rige el acceso y la utilizaci\u00f3n del sitio web accesible a trav\u00e9s del nombre de dominio www.fundacioesteve.mortensen.cat y sus subdominios (en adelante, \u201cel Sitio Web\u201d). El simple acceso al Sitio Web atribuye a quien lo realiza la condici\u00f3n de usuario del mismo (en adelante, \u201cel Usuario\u201d). En caso de no estar de acuerdo con este Aviso Legal, el Usuario debe abandonar inmediatamente el Sitio Web sin utilizarlo.<\/p>\n\n\n\n<p>Por medio de la aceptaci\u00f3n de este Aviso Legal el Usuario manifiesta:<\/p>\n\n\n\n<ol style=\"list-style-type:lower-alpha\" class=\"wp-block-list\">\n<li>Que ha le\u00eddo, entiende y acepta lo aqu\u00ed expuesto.<\/li>\n\n\n\n<li>Que es mayor de edad.<\/li>\n<\/ol>\n\n\n\n<p><\/p>\n\n\n\n<h2 class=\"wp-block-heading\">1. Informaci\u00f3n general del Sitio Web<\/h2>\n\n\n\n<p>En cumplimiento de la Ley 34\/2002, de Servicios de la Sociedad de la Informaci\u00f3n y de Comercio Electr\u00f3nico, le informamos de los siguientes datos:<\/p>\n\n\n\n<p><strong>Titular: <\/strong>CORPORACION QUIMICO FARMACEUTICA ESTEVE, S.A. (en adelante, la \u201cCorporaci\u00f3n\u201d)<\/p>\n\n\n\n<p><strong>Domicilio<\/strong>: Passeig de la Zona Franca, 109, planta 4\u00aa, 08038- Barcelona<\/p>\n\n\n\n<p><strong>Tel\u00e9fono<\/strong>: +34 &nbsp;93&nbsp;446&nbsp;60&nbsp;00<\/p>\n\n\n\n<p><strong>Correo electr\u00f3nico<\/strong>:&nbsp;<a href=\"mailto:info@antoniestevesubirana.com\">info@antoniestevesubirana.com<\/a><\/p>\n\n\n\n<p><strong>NIF<\/strong>: A58201914<\/p>\n\n\n\n<h2 class=\"wp-block-heading\"><strong><strong>2. Condiciones de uso del Sitio Web<\/strong><\/strong><\/h2>\n\n\n\n<h3 class=\"wp-block-heading\">2.1 Acceso al Sitio Web<\/h3>\n\n\n\n<p>El simple acceso al Sitio Web es gratuito salvo en lo relativo al coste de la conexi\u00f3n a trav\u00e9s de la red de telecomunicaciones suministrada por el proveedor de acceso contratado por el Usuario.<\/p>\n\n\n\n<h3 class=\"wp-block-heading\"><strong><strong><strong>2.2 Normas de utilizaci\u00f3n del Sitio Web<\/strong><\/strong><\/strong><\/h3>\n\n\n\n<p>El Usuario se compromete a utilizar el Sitio Web, sus contenidos y servicios de conformidad con la Ley, el presente Aviso Legal, los buenos usos y el orden p\u00fablico. Del mismo modo, el Usuario se obliga a no utilizar el Sitio Web, sus contenidos o los servicios que se presenten a trav\u00e9s de este Sitio Web con fines o efectos il\u00edcitos o contrarios a la citada normativa mencionada, lesivos para los intereses o derechos de terceros, o que, de cualquier modo, puedan da\u00f1ar, inutilizar, hacer inaccesible o deteriorar el Sitio Web, sus contenidos o sus servicios, o impedir el normal disfrute de este por otros Usuarios.<\/p>\n\n\n\n<p>Asimismo, el Usuario se compromete a no destruir, alterar, inutilizar o, de cualquier otra forma, da\u00f1ar los datos, programas o documentos electr\u00f3nicos que se encuentren en el Sitio Web y a no obstaculizar el acceso de otros Usuarios mediante el consumo masivo de los recursos inform\u00e1ticos a trav\u00e9s de los cuales la Corporaci\u00f3n presta el servicio, as\u00ed como a no realizar acciones que da\u00f1en, interrumpan o generen errores en dichos sistemas o servicios.<\/p>\n\n\n\n<p>Del mismo modo, el Usuario se compromete a no introducir programas, virus, macros, applets, controles \u201cActiveX\u201d o cualquier otro dispositivo l\u00f3gico o secuencia de caracteres que causen o sean susceptibles de causar cualquier tipo de alteraci\u00f3n en los sistemas inform\u00e1ticos de la Corporaci\u00f3n o de terceros.<\/p>\n\n\n\n<p>El Usuario mantendr\u00e1 indemne a la Corporaci\u00f3n frente a cualquier posible reclamaci\u00f3n, multa, pena o sanci\u00f3n que pudiera verse obligada a soportar como consecuencia del incumplimiento por parte del Usuario de cualquiera de las normas de utilizaci\u00f3n previamente indicadas, reserv\u00e1ndose, adem\u00e1s, la Corporaci\u00f3n el derecho a solicitar la indemnizaci\u00f3n por da\u00f1os y perjuicios que corresponda.<\/p>\n\n\n\n<h3 class=\"wp-block-heading\"><strong>2.3 Contenidos y servicios enlazados a trav\u00e9s del Sitio Web<\/strong><\/h3>\n\n\n\n<p>El Sitio Web puede contener dispositivos t\u00e9cnicos de enlace, directorios e incluso herramientas de b\u00fasqueda que permitan al Usuario acceder a otras p\u00e1ginas y portales de Internet (en adelante, \u201cSitios Enlazados\u201d).<\/p>\n\n\n\n<p>La Corporaci\u00f3n no ser\u00e1 responsable de los contenidos y servicios suministrados en los Sitios Enlazados. En el supuesto de que el Usuario considere que existe un Sitio Enlazado con contenidos il\u00edcitos o inadecuados, puede comunicarlo a la Corporaci\u00f3n. En estos casos, la Corporaci\u00f3n solo ser\u00e1 responsable de los contenidos y servicios suministrados en los Sitios Enlazados en la medida en que tenga conocimiento efectivo de su licitud y no haya desactivado el enlace a los mismos con la diligencia debida.<\/p>\n\n\n\n<p>En ning\u00fan caso, la existencia de Sitios Enlazados debe presuponer la formalizaci\u00f3n de acuerdos entre la Corporaci\u00f3n y los responsables o titulares de estos, ni tampoco la recomendaci\u00f3n, promoci\u00f3n o identificaci\u00f3n de los Sitios Enlazados y\/o sus contenidos por parte de la Corporaci\u00f3n.<\/p>\n\n\n\n<p>Salvo que se indique expresamente lo contrario en el Sitio Web, la Corporaci\u00f3n no conoce los contenidos y servicios de los Sitios Enlazados y, por tanto, no se hace responsable por los da\u00f1os y perjuicios que \u00e9stos puedan causar al Usuario o a cualquier tercero.<\/p>\n\n\n\n<h3 class=\"wp-block-heading\"><strong>2.4 Propiedad intelectual e industrial<\/strong><\/h3>\n\n\n\n<p>Todos los contenidos del Sitio Web entendiendo por tales , a t\u00edtulo meramente enunciativo pero no exhaustivo, los textos, fotograf\u00edas, gr\u00e1ficos, im\u00e1genes, iconos, tecnolog\u00eda, software, enlaces &nbsp;y otros &nbsp;contenidos audiovisuales o sonoros, as\u00ed como su dise\u00f1o gr\u00e1fico y c\u00f3digos fuente, son propiedad intelectual de la Corporaci\u00f3n &nbsp;o de terceros licenciantes, sin que pueda entenderse cedido al Usuario ninguno de los derechos de explotaci\u00f3n reconocidos por la normativa vigente en materia de propiedad intelectual sobre los mismos.<\/p>\n\n\n\n<p>Asimismo, las marcas, nombres comerciales y nombres de dominio y otros signos distintivos publicados en el Sitio Web son titularidad de la Corporaci\u00f3n o de terceros cedentes y\/o licenciantes y\/o colaboradores que cuentan con la oportuna autorizaci\u00f3n para tal fin, sin que pueda entenderse cedido al Usuario ning\u00fan derecho sobre los mismos.<\/p>\n\n\n\n<p>Cualquier reproducci\u00f3n, distribuci\u00f3n, comunicaci\u00f3n p\u00fablica, transformaci\u00f3n o cualquier otra actividad similar o an\u00e1loga relativa a los contenidos que no haya sido expresamente autorizada por sus titulares constituye una infracci\u00f3n de los derechos de propiedad intelectual e industrial protegidos por la normativa aplicable, pudiendo el titular de los derechos instar el cese de la actividad il\u00edcita y exigir la indemnizaci\u00f3n de los da\u00f1os materiales y morales causados, sin perjuicio de otras acciones que pudieran corresponder.<\/p>\n\n\n\n<h3 class=\"wp-block-heading\"><strong>2.5 Responsabilidad y garant\u00edas<\/strong><\/h3>\n\n\n\n<p>La Corporaci\u00f3n declara que ha adoptado las medidas necesarias que, dentro de sus posibilidades y el estado de la tecnolog\u00eda, permitan el correcto funcionamiento de su Sitio Web, as\u00ed como la ausencia de virus y componentes da\u00f1inos. Sin embargo, no puede hacerse responsable de las siguientes situaciones, que se enumeran a t\u00edtulo enunciativo, pero no limitativo:<\/p>\n\n\n\n<ul class=\"wp-block-list\">\n<li>La continuidad y disponibilidad de los contenidos.<\/li>\n\n\n\n<li>La ausencia de errores en dichos contenidos ni la correcci\u00f3n de cualquier defecto que pudiera ocurrir.<\/li>\n\n\n\n<li>La ausencia de virus y\/o dem\u00e1s componentes da\u00f1inos.<\/li>\n\n\n\n<li>Los da\u00f1os o perjuicios que cause cualquier persona que vulnere los sistemas de seguridad de la Corporaci\u00f3n.<\/li>\n\n\n\n<li>El uso que los Usuarios puedan hacer de los contenidos incluidos en el Sitio Web. En consecuencia, la Corporaci\u00f3n no garantiza que el uso que los Usuarios puedan hacer de los contenidos que en su caso se incluyan en el Sitio Web, se ajusten al presente Aviso Legal, ni que el uso del Sitio Web se realice de forma diligente.<\/li>\n\n\n\n<li>Los contenidos a los que el Usuario pueda acceder a trav\u00e9s de enlaces no autorizados o introducidos por Usuarios mediante comentarios o herramientas similares.<\/li>\n\n\n\n<li>La introducci\u00f3n de datos err\u00f3neos por parte del Usuario o de un tercero.<br><\/li>\n<\/ul>\n\n\n\n<p><\/p>\n\n\n\n<p>La Corporaci\u00f3n:<\/p>\n\n\n\n<ul class=\"wp-block-list\">\n<li>Podr\u00e1 suspender temporalmente y sin previo aviso, la accesibilidad al Sitio Web debido a operaciones de mantenimiento, reparaci\u00f3n, actualizaci\u00f3n o mejora. No obstante, siempre que las circunstancias lo permitan, la Corporaci\u00f3n comunicar\u00e1 al Usuario, con antelaci\u00f3n suficiente, la fecha prevista para la suspensi\u00f3n de los contenidos.<\/li>\n\n\n\n<li>\u00a0Eliminar\u00e1 o, en su caso, bloquear\u00e1 aquellos contenidos que pudieran afectar o ser contrarios a la legislaci\u00f3n vigente, los derechos de terceros o la moral y orden p\u00fablico.<br><\/li>\n<\/ul>\n\n\n\n<p>La Corporaci\u00f3n no garantiza que la informaci\u00f3n publicada sea precisa ni completa. Por lo tanto, el Usuario debe confirmar que la informaci\u00f3n publicada es correcta y completa antes de tomar cualquier decisi\u00f3n relacionada con cualquier servicio o contenido descrito en el Sitio Web, consult\u00e1ndolo en caso de duda con la Corporaci\u00f3n. <\/p>\n\n\n\n<p>En consecuencia, el Usuario asume que, en caso de tomar decisiones basadas en la informaci\u00f3n suministrada en el Sitio Web, la responsabilidad ser\u00e1 exclusivamente suya, sin que pueda realizar reclamaci\u00f3n alguna a la Corporaci\u00f3n por las consecuencias de las decisiones adoptadas.<\/p>\n\n\n\n<h3 class=\"wp-block-heading\"><strong>2.6 Cookies<\/strong><\/h3>\n\n\n\n<p>La Corporaci\u00f3n utiliza cookies en su Sitio Web. Para obtener m\u00e1s informaci\u00f3n consulta nuestra <a href=\"https:\/\/fundacioesteve.mortensen.cat\/es\/politica-de-cookies\/\">Pol\u00edtica de Cookies.<\/a><\/p>\n\n\n\n<h3 class=\"wp-block-heading\">2. 7 Protecci\u00f3n de Datos<\/h3>\n\n\n\n<p>Los datos personales recogidos en los formularios u otros documentos de solicitud de informaci\u00f3n ser\u00e1n tratados por la Corporaci\u00f3n de conformidad con lo establecido en la <a href=\"https:\/\/fundacioesteve.mortensen.cat\/es\/politica-de-privacidad\/\">Pol\u00edtica de Privacidad<\/a>. En el caso de formularios de registro, acceso u otros formularios o documentos similares, el Usuario se compromete a proporcionar los datos solicitados de forma precisa, veraz, completa y actualizada. En caso contrario, la Corporaci\u00f3n podr\u00e1, seg\u00fan corresponda, denegar el registro o el acceso al Usuario, o denegar el servicio espec\u00edfico solicitado.<\/p>\n\n\n\n<h2 class=\"wp-block-heading\"><strong>3. Quejas, reclamaciones y solicitudes de informaci\u00f3n<\/strong><\/h2>\n\n\n\n<p>El Usuario puede dirigir sus quejas, reclamaciones y\/o solicitudes de informaci\u00f3n a la Corporaci\u00f3n, utilizando para ello cualquiera de las siguientes v\u00edas:<\/p>\n\n\n\n<ul class=\"wp-block-list\">\n<li>Enviando un escrito a Passeig de la Zona Franca, 109, 4\u00aa Planta, 08038 \u2013 Barcelona.<\/li>\n\n\n\n<li>Enviando un correo electr\u00f3nico a la direcci\u00f3n: <a href=\"mailto:info@antoniestevesubirana.com\">info@antoniestevesubirana.com<\/a><\/li>\n\n\n\n<li>Llamando al tel\u00e9fono +34\u00a0 93\u00a0446\u00a060\u00a000<br><br><\/li>\n<\/ul>\n\n\n\n<h2 class=\"wp-block-heading\"><strong>4. Nulidad e ineficacia de las cl\u00e1usulas<\/strong><\/h2>\n\n\n\n<p>Si cualquier cl\u00e1usula incluida en este Aviso Legal fuese declarada total o parcialmente nula o ineficaz, tal nulidad o ineficacia tan s\u00f3lo afectar\u00e1 a dicha disposici\u00f3n o a la parte de la misma que resulte nula o ineficaz, subsistiendo este Aviso Legal en todo lo dem\u00e1s y consider\u00e1ndose tal disposici\u00f3n total o parcialmente por no incluida.<\/p>\n\n\n\n<h2 class=\"wp-block-heading\"><strong>5. Legislaci\u00f3n aplicable y jurisdicci\u00f3n competente<\/strong><\/h2>\n\n\n\n<p>El presente Aviso Legal se regir\u00e1 e interpretar\u00e1 de conformidad con la legislaci\u00f3n espa\u00f1ola. Para la resoluci\u00f3n de cualquier controversia que pudiera derivarse del acceso o uso del Sitio web, las partes se someten a los juzgados y tribunales de Barcelona, salvo que la normativa aplicable establezca un fuero imperativo distinto.<\/p>\n\n\n\n<h2 class=\"wp-block-heading\"><strong>6. Modificaci\u00f3n de las condiciones<\/strong><\/h2>\n\n\n\n<p>La Corporaci\u00f3n se reserva expresamente el derecho a modificar total o parcialmente, sin necesidad de previo aviso, el contenido de cualquiera de las condiciones descritas en el Aviso Legal.<\/p>\n\n\n\n<p>El presente Aviso Legal produce efectos desde el momento de su publicaci\u00f3n. El Usuario reconoce y acepta que es su responsabilidad revisar peri\u00f3dicamente el presente Aviso Legal, ya que este puede sufrir modificaciones.<\/p>\n\n\n\n<p><em>\u00daltima actualizaci\u00f3n: Marzo de 202<\/em>6<\/p>\n","protected":false},"excerpt":{"rendered":"<p>Este Aviso Legal (en adelante, \u201cel Aviso Legal\u201d) rige el acceso y la utilizaci\u00f3n del sitio web accesible a trav\u00e9s del nombre de dominio www.fundacioesteve.mortensen.cat y sus subdominios (en adelante, \u201cel Sitio Web\u201d). El simple acceso al Sitio Web atribuye a quien lo realiza la condici\u00f3n de usuario del mismo (en adelante, \u201cel Usuario\u201d). En [&hellip;]<\/p>\n","protected":false},"author":1,"featured_media":0,"parent":0,"menu_order":0,"comment_status":"closed","ping_status":"closed","template":"template-legals.blade.php","meta":{"_acf_changed":false,"footnotes":""},"basics_global_taxonomy":[],"class_list":["post-663","page","type-page","status-publish","hentry"],"acf":[],"yoast_head":"<!-- This site is optimized with the Yoast SEO plugin v27.5 - https:\/\/yoast.com\/product\/yoast-seo-wordpress\/ -->\n<title>Dr. Antoni Esteve i Subirana | CI\u00c8NCIA - Aviso legal<\/title>\n<meta name=\"robots\" content=\"noindex, follow, max-snippet:-1, max-image-preview:large, max-video-preview:-1\" \/>\n<meta property=\"og:locale\" content=\"es_ES\" \/>\n<meta property=\"og:type\" content=\"article\" \/>\n<meta property=\"og:title\" content=\"Dr. Antoni Esteve i Subirana | CI\u00c8NCIA - Aviso legal\" \/>\n<meta property=\"og:description\" content=\"Este Aviso Legal (en adelante, \u201cel Aviso Legal\u201d) rige el acceso y la utilizaci\u00f3n del sitio web accesible a trav\u00e9s del nombre de dominio www.fundacioesteve.mortensen.cat y sus subdominios (en adelante, \u201cel Sitio Web\u201d). El simple acceso al Sitio Web atribuye a quien lo realiza la condici\u00f3n de usuario del mismo (en adelante, \u201cel Usuario\u201d). En [&hellip;]\" \/>\n<meta property=\"og:url\" content=\"https:\/\/esteve.org\/avis-legal\/\" \/>\n<meta property=\"og:site_name\" content=\"Dr. Antoni Esteve i Subirana | CI\u00c8NCIA\" \/>\n<meta property=\"article:modified_time\" content=\"2026-03-09T14:17:45+00:00\" \/>\n<meta name=\"twitter:card\" content=\"summary_large_image\" \/>\n<meta name=\"twitter:label1\" content=\"Est. reading time\" \/>\n\t<meta name=\"twitter:data1\" content=\"10 minutes\" \/>\n<script type=\"application\/ld+json\" class=\"yoast-schema-graph\">{\"@context\":\"https:\\\/\\\/schema.org\",\"@graph\":[{\"@type\":\"WebPage\",\"@id\":\"https:\\\/\\\/esteve.org\\\/avis-legal\\\/\",\"url\":\"https:\\\/\\\/esteve.org\\\/avis-legal\\\/\",\"name\":\"Dr. Antoni Esteve i Subirana | CI\u00c8NCIA - Aviso legal\",\"isPartOf\":{\"@id\":\"https:\\\/\\\/esteve.org\\\/#website\"},\"datePublished\":\"2024-05-15T09:33:26+00:00\",\"dateModified\":\"2026-03-09T14:17:45+00:00\",\"inLanguage\":\"es-ES\",\"potentialAction\":[{\"@type\":\"ReadAction\",\"target\":[\"https:\\\/\\\/esteve.org\\\/avis-legal\\\/\"]}]},{\"@type\":\"WebSite\",\"@id\":\"https:\\\/\\\/esteve.org\\\/#website\",\"url\":\"https:\\\/\\\/esteve.org\\\/\",\"name\":\"Fundaci\u00f3 Dr. Antoni Esteve\",\"description\":\"\",\"potentialAction\":[{\"@type\":\"SearchAction\",\"target\":{\"@type\":\"EntryPoint\",\"urlTemplate\":\"https:\\\/\\\/esteve.org\\\/?s={search_term_string}\"},\"query-input\":{\"@type\":\"PropertyValueSpecification\",\"valueRequired\":true,\"valueName\":\"search_term_string\"}}],\"inLanguage\":\"es-ES\"}]}<\/script>\n<!-- \/ Yoast SEO plugin. -->","yoast_head_json":{"title":"Dr. Antoni Esteve i Subirana | CI\u00c8NCIA - Aviso legal","robots":{"index":"noindex","follow":"follow","max-snippet":"max-snippet:-1","max-image-preview":"max-image-preview:large","max-video-preview":"max-video-preview:-1"},"og_locale":"es_ES","og_type":"article","og_title":"Dr. Antoni Esteve i Subirana | CI\u00c8NCIA - Aviso legal","og_description":"Este Aviso Legal (en adelante, \u201cel Aviso Legal\u201d) rige el acceso y la utilizaci\u00f3n del sitio web accesible a trav\u00e9s del nombre de dominio www.fundacioesteve.mortensen.cat y sus subdominios (en adelante, \u201cel Sitio Web\u201d). El simple acceso al Sitio Web atribuye a quien lo realiza la condici\u00f3n de usuario del mismo (en adelante, \u201cel Usuario\u201d). En [&hellip;]","og_url":"https:\/\/esteve.org\/avis-legal\/","og_site_name":"Dr. Antoni Esteve i Subirana | CI\u00c8NCIA","article_modified_time":"2026-03-09T14:17:45+00:00","twitter_card":"summary_large_image","twitter_misc":{"Est. reading time":"10 minutes"},"schema":{"@context":"https:\/\/schema.org","@graph":[{"@type":"WebPage","@id":"https:\/\/esteve.org\/avis-legal\/","url":"https:\/\/esteve.org\/avis-legal\/","name":"Dr. Antoni Esteve i Subirana | CI\u00c8NCIA - Aviso legal","isPartOf":{"@id":"https:\/\/esteve.org\/#website"},"datePublished":"2024-05-15T09:33:26+00:00","dateModified":"2026-03-09T14:17:45+00:00","inLanguage":"es-ES","potentialAction":[{"@type":"ReadAction","target":["https:\/\/esteve.org\/avis-legal\/"]}]},{"@type":"WebSite","@id":"https:\/\/esteve.org\/#website","url":"https:\/\/esteve.org\/","name":"Fundaci\u00f3 Dr. Antoni Esteve","description":"","potentialAction":[{"@type":"SearchAction","target":{"@type":"EntryPoint","urlTemplate":"https:\/\/esteve.org\/?s={search_term_string}"},"query-input":{"@type":"PropertyValueSpecification","valueRequired":true,"valueName":"search_term_string"}}],"inLanguage":"es-ES"}]}},"_links":{"self":[{"href":"https:\/\/fundacioesteve.mortensen.cat\/es\/wp-json\/wp\/v2\/pages\/663","targetHints":{"allow":["GET"]}}],"collection":[{"href":"https:\/\/fundacioesteve.mortensen.cat\/es\/wp-json\/wp\/v2\/pages"}],"about":[{"href":"https:\/\/fundacioesteve.mortensen.cat\/es\/wp-json\/wp\/v2\/types\/page"}],"author":[{"embeddable":true,"href":"https:\/\/fundacioesteve.mortensen.cat\/es\/wp-json\/wp\/v2\/users\/1"}],"replies":[{"embeddable":true,"href":"https:\/\/fundacioesteve.mortensen.cat\/es\/wp-json\/wp\/v2\/comments?post=663"}],"version-history":[{"count":6,"href":"https:\/\/fundacioesteve.mortensen.cat\/es\/wp-json\/wp\/v2\/pages\/663\/revisions"}],"predecessor-version":[{"id":2305,"href":"https:\/\/fundacioesteve.mortensen.cat\/es\/wp-json\/wp\/v2\/pages\/663\/revisions\/2305"}],"wp:attachment":[{"href":"https:\/\/fundacioesteve.mortensen.cat\/es\/wp-json\/wp\/v2\/media?parent=663"}],"wp:term":[{"taxonomy":"basics_global_taxonomy","embeddable":true,"href":"https:\/\/fundacioesteve.mortensen.cat\/es\/wp-json\/wp\/v2\/basics_global_taxonomy?post=663"}],"curies":[{"name":"wp","href":"https:\/\/api.w.org\/{rel}","templated":true}]}}