{"id":692,"date":"2024-05-28T15:14:18","date_gmt":"2024-05-28T15:14:18","guid":{"rendered":"https:\/\/fundacioesteve.mortensen.cat\/premis\/"},"modified":"2026-02-16T14:56:21","modified_gmt":"2026-02-16T14:56:21","slug":"premios","status":"publish","type":"page","link":"https:\/\/fundacioesteve.mortensen.cat\/es\/premios\/","title":{"rendered":"Premios"},"content":{"rendered":"<section class=\"flex flex-col py-4 container-fluid gap-y-3 lg:py-8\">\n        <h1 class=\"desk-h1 mbl-h1\">Premios<\/h1>\n\n  <\/section>\n  \n      <div class=\"  bg-white \">\n      <div class=\"flex py-6 container-fluid\">\n        <div class=\"w-full  md:w-2\/3 xl:w-1\/2 flex flex-col gap-y-4 prose-a:text-red-500 prose-a:transition prose-a:duration-150 prose-a:ease-in-out hover:prose-a:underline prose-a:underline-offset-2 prose-a:decoration-black\">\n          <p>La Fundaci\u00f3n Dr. Antoni Esteve ha fomentado dos tipolog\u00edas de premios:<\/p>\n\n        <\/div>\n      <\/div>\n    <\/div>\n  \n\n<section class=\"grid grid-cols-12 py-10 container-fluid gap-x-8 gap-y-6 lg:gap-y-10 \">\n    <div class=\"col-span-full\">\n      <h2 class=\"desk-h2 mbl-h2\">Premio de Investigaci\u00f3n<br>Fundaci\u00f3n Dr. Antoni Esteve<\/h2>\n    <\/div>\n    <div class=\"col-span-full md:col-span-6 md:col-start-5 lg:col-span-5 lg:col-start-6\">\n      <div class=\"prose-p:pb-4 prose-a:text-red-500 prose-a:transition prose-a:duration-150 prose-a:ease-in-out hover:prose-a:underline prose-a:underline-offset-2 prose-a:decoration-black\"><p>El Premio de Investigaci\u00f3n naci\u00f3 en 1989 con la voluntad de estimular una investigaci\u00f3n de calidad y reconocer la excelencia cient\u00edfica en el \u00e1mbito de la farmacolog\u00eda. A lo largo de sus 18 ediciones, el galard\u00f3n distingu\u00eda el <strong>mejor art\u00edculo cient\u00edfico de investigaci\u00f3n farmacol\u00f3gica publicado por un autor o autora de nacionalidad espa\u00f1ola en una revista internacional de prestigio<\/strong>.<\/p>\n<p>Un jurado internacional e independiente era el encargado de seleccionar las propuestas ganadoras y evaluar trabajos de cualquier \u00e1mbito de la farmacolog\u00eda b\u00e1sica y\/o cl\u00ednica \u2014desde el dise\u00f1o y la s\u00edntesis de nuevos compuestos hasta el desarrollo gal\u00e9nico, la evaluaci\u00f3n cl\u00ednica o de laboratorio, el uso, etc\u00e9tera. El premio ten\u00eda una dotaci\u00f3n de 25.000 \u20ac.<\/p>\n<p>Originado bajo el legado cient\u00edfico del Dr. Antoni Esteve i Subirana, este premio mantuvo siempre su compromiso con la calidad, el rigor y el impulso del talento investigador.<\/p>\n<p>&nbsp;<\/p>\n<\/div>\n    <\/div>\n  <\/section>\n\n\n<section class=\"grid grid-cols-12 py-10 container-fluid gap-x-8 gap-y-6 lg:gap-y-10  bg-white \">\n    <div class=\"col-span-full\">\n      <h2 class=\"desk-h2 mbl-h2\">Premio <br>de Periodismo de Salud<\/h2>\n    <\/div>\n    <div class=\"col-span-full md:col-span-6 md:col-start-5 lg:col-span-5 lg:col-start-6\">\n      <div class=\"prose-p:pb-4 prose-a:text-red-500 prose-a:transition prose-a:duration-150 prose-a:ease-in-out hover:prose-a:underline prose-a:underline-offset-2 prose-a:decoration-black\"><p>La Fundaci\u00f3n Dr. Antoni Esteve concedi\u00f3 en 2022 y 2023 el <strong>Premio de Periodismo de Salud, <\/strong>organizado en colaboraci\u00f3n con la Associaci\u00f3 Catalana de Comunicaci\u00f3 Cient\u00edfica. El galard\u00f3n reconoc\u00eda la excelencia de un art\u00edculo period\u00edstico sobre salud firmado por un periodista iberoamericano.<\/p>\n<\/div>\n    <\/div>\n  <\/section>\n","protected":false},"excerpt":{"rendered":"","protected":false},"author":1,"featured_media":0,"parent":0,"menu_order":0,"comment_status":"closed","ping_status":"closed","template":"","meta":{"_acf_changed":false,"footnotes":""},"basics_global_taxonomy":[],"class_list":["post-692","page","type-page","status-publish","hentry"],"acf":[],"yoast_head":"<!-- This site is optimized with the Yoast SEO plugin v27.5 - https:\/\/yoast.com\/product\/yoast-seo-wordpress\/ -->\n<title>Dr. Antoni Esteve i Subirana | CI\u00c8NCIA - Premios<\/title>\n<meta name=\"description\" content=\"La Fundaci\u00f3 Dr. Antoni Esteve estimula una recerca de qualitat en farmacologia a trav\u00e9s dels Premis de Recerca des de 1989.\" \/>\n<meta name=\"robots\" content=\"noindex, follow, max-snippet:-1, max-image-preview:large, max-video-preview:-1\" \/>\n<meta property=\"og:locale\" content=\"es_ES\" \/>\n<meta property=\"og:type\" content=\"article\" \/>\n<meta property=\"og:title\" content=\"Dr. Antoni Esteve i Subirana | CI\u00c8NCIA - Premios\" \/>\n<meta property=\"og:description\" content=\"La Fundaci\u00f3 Dr. Antoni Esteve estimula una recerca de qualitat en farmacologia a trav\u00e9s dels Premis de Recerca des de 1989.\" \/>\n<meta property=\"og:url\" content=\"https:\/\/esteve.org\/premis\/\" \/>\n<meta property=\"og:site_name\" content=\"Dr. Antoni Esteve i Subirana | CI\u00c8NCIA\" \/>\n<meta property=\"article:modified_time\" content=\"2026-02-16T14:56:21+00:00\" \/>\n<meta name=\"twitter:card\" content=\"summary_large_image\" \/>\n<meta name=\"twitter:label1\" content=\"Est. reading time\" \/>\n\t<meta name=\"twitter:data1\" content=\"4 minutes\" \/>\n<script type=\"application\/ld+json\" class=\"yoast-schema-graph\">{\"@context\":\"https:\\\/\\\/schema.org\",\"@graph\":[{\"@type\":\"WebPage\",\"@id\":\"https:\\\/\\\/esteve.org\\\/premis\\\/\",\"url\":\"https:\\\/\\\/esteve.org\\\/premis\\\/\",\"name\":\"Dr. Antoni Esteve i Subirana | CI\u00c8NCIA - Premios\",\"isPartOf\":{\"@id\":\"https:\\\/\\\/esteve.org\\\/#website\"},\"datePublished\":\"2024-05-28T15:14:18+00:00\",\"dateModified\":\"2026-02-16T14:56:21+00:00\",\"description\":\"La Fundaci\u00f3 Dr. Antoni Esteve estimula una recerca de qualitat en farmacologia a trav\u00e9s dels Premis de Recerca des de 1989.\",\"inLanguage\":\"es-ES\",\"potentialAction\":[{\"@type\":\"ReadAction\",\"target\":[\"https:\\\/\\\/esteve.org\\\/premis\\\/\"]}]},{\"@type\":\"WebSite\",\"@id\":\"https:\\\/\\\/esteve.org\\\/#website\",\"url\":\"https:\\\/\\\/esteve.org\\\/\",\"name\":\"Fundaci\u00f3 Dr. Antoni Esteve\",\"description\":\"\",\"potentialAction\":[{\"@type\":\"SearchAction\",\"target\":{\"@type\":\"EntryPoint\",\"urlTemplate\":\"https:\\\/\\\/esteve.org\\\/?s={search_term_string}\"},\"query-input\":{\"@type\":\"PropertyValueSpecification\",\"valueRequired\":true,\"valueName\":\"search_term_string\"}}],\"inLanguage\":\"es-ES\"}]}<\/script>\n<!-- \/ Yoast SEO plugin. -->","yoast_head_json":{"title":"Dr. Antoni Esteve i Subirana | CI\u00c8NCIA - Premios","description":"La Fundaci\u00f3 Dr. Antoni Esteve estimula una recerca de qualitat en farmacologia a trav\u00e9s dels Premis de Recerca des de 1989.","robots":{"index":"noindex","follow":"follow","max-snippet":"max-snippet:-1","max-image-preview":"max-image-preview:large","max-video-preview":"max-video-preview:-1"},"og_locale":"es_ES","og_type":"article","og_title":"Dr. Antoni Esteve i Subirana | CI\u00c8NCIA - Premios","og_description":"La Fundaci\u00f3 Dr. Antoni Esteve estimula una recerca de qualitat en farmacologia a trav\u00e9s dels Premis de Recerca des de 1989.","og_url":"https:\/\/esteve.org\/premis\/","og_site_name":"Dr. Antoni Esteve i Subirana | CI\u00c8NCIA","article_modified_time":"2026-02-16T14:56:21+00:00","twitter_card":"summary_large_image","twitter_misc":{"Est. reading time":"4 minutes"},"schema":{"@context":"https:\/\/schema.org","@graph":[{"@type":"WebPage","@id":"https:\/\/esteve.org\/premis\/","url":"https:\/\/esteve.org\/premis\/","name":"Dr. Antoni Esteve i Subirana | CI\u00c8NCIA - Premios","isPartOf":{"@id":"https:\/\/esteve.org\/#website"},"datePublished":"2024-05-28T15:14:18+00:00","dateModified":"2026-02-16T14:56:21+00:00","description":"La Fundaci\u00f3 Dr. Antoni Esteve estimula una recerca de qualitat en farmacologia a trav\u00e9s dels Premis de Recerca des de 1989.","inLanguage":"es-ES","potentialAction":[{"@type":"ReadAction","target":["https:\/\/esteve.org\/premis\/"]}]},{"@type":"WebSite","@id":"https:\/\/esteve.org\/#website","url":"https:\/\/esteve.org\/","name":"Fundaci\u00f3 Dr. Antoni Esteve","description":"","potentialAction":[{"@type":"SearchAction","target":{"@type":"EntryPoint","urlTemplate":"https:\/\/esteve.org\/?s={search_term_string}"},"query-input":{"@type":"PropertyValueSpecification","valueRequired":true,"valueName":"search_term_string"}}],"inLanguage":"es-ES"}]}},"_links":{"self":[{"href":"https:\/\/fundacioesteve.mortensen.cat\/es\/wp-json\/wp\/v2\/pages\/692","targetHints":{"allow":["GET"]}}],"collection":[{"href":"https:\/\/fundacioesteve.mortensen.cat\/es\/wp-json\/wp\/v2\/pages"}],"about":[{"href":"https:\/\/fundacioesteve.mortensen.cat\/es\/wp-json\/wp\/v2\/types\/page"}],"author":[{"embeddable":true,"href":"https:\/\/fundacioesteve.mortensen.cat\/es\/wp-json\/wp\/v2\/users\/1"}],"replies":[{"embeddable":true,"href":"https:\/\/fundacioesteve.mortensen.cat\/es\/wp-json\/wp\/v2\/comments?post=692"}],"version-history":[{"count":14,"href":"https:\/\/fundacioesteve.mortensen.cat\/es\/wp-json\/wp\/v2\/pages\/692\/revisions"}],"predecessor-version":[{"id":2285,"href":"https:\/\/fundacioesteve.mortensen.cat\/es\/wp-json\/wp\/v2\/pages\/692\/revisions\/2285"}],"wp:attachment":[{"href":"https:\/\/fundacioesteve.mortensen.cat\/es\/wp-json\/wp\/v2\/media?parent=692"}],"wp:term":[{"taxonomy":"basics_global_taxonomy","embeddable":true,"href":"https:\/\/fundacioesteve.mortensen.cat\/es\/wp-json\/wp\/v2\/basics_global_taxonomy?post=692"}],"curies":[{"name":"wp","href":"https:\/\/api.w.org\/{rel}","templated":true}]}}