{"id":696,"date":"2024-05-15T15:35:01","date_gmt":"2024-05-15T15:35:01","guid":{"rendered":"https:\/\/fundacioesteve.mortensen.cat\/portada-2\/"},"modified":"2026-02-16T11:43:06","modified_gmt":"2026-02-16T11:43:06","slug":"portada-2","status":"publish","type":"page","link":"https:\/\/fundacioesteve.mortensen.cat\/es\/","title":{"rendered":"Portada"},"content":{"rendered":"<div class=\"container-fluid\">\n  <section\n    class=\"items-center justify-between hidden w-full wrap-hero lg:flex\">\n    <article class=\"relative grid w-full grid-flow-row gap-4 overflow-hidden hero-home md:grid-cols-12 md:gap-8\">\n      <div class=\"relative flex flex-col justify-center order-2 gap-y-6 col-span-full md:col-span-5 md:order-1\">\n\n        <div class=\"flex flex-col items-center justify-center h-[50%]\">\n\n                      \n            <div class=\"slider-home-text active\" data-index=\"0\">\n              <h2 class=\"order-1 font-serif text-xl text-balance md:text-2xl lg:text-3xl\">\n                C\u00c1TEDRA UB \u2013 Dr. Antoni Esteve Subirana de Investigaci\u00f3n en Farmacolog\u00eda\n              <\/h2>\n              <div class=\"order-3 mt-1 text-base prose text-current md:order-2 lg:max-w-md lg:text-lg\">\n                \n              <\/div>\n                              <div class=\"order-2 mt-6 md:order-3\">\n                  <a href=\"https:\/\/fundacioesteve.mortensen.cat\/es\/catedra\/\" class=\" text-lg text-red-500 hover:text-black underline underline-offset-4 decoration-black group-hover:text-white group-hover:decoration-white align wp-block-hero-slider-block\">\n  M\u00e1s informaci\u00f3n\n<\/a>\n                <\/div>\n                          <\/div>\n                  <\/div>\n        <div class=\"relative flex justify-start w-full pt-6 gap-x-3\">\n          <div class=\"swiper-button-prev\">\n            <svg class=\"w-4 h-4 text-black\" xmlns=\"http:\/\/www.w3.org\/2000\/svg\" fill=\"none\" viewBox=\"0 0 25 25\">\n\n<path fill=\"#BB3E3E\" d=\"M8.325 11.5H20.5v2H8.325l5.6 5.6-1.425 1.4-8-8 8-8 1.425 1.4-5.6 5.6Z\"\/>\n\n<\/svg>\n          <\/div>\n          <div class=\"swiper-button-next\">\n            <svg class=\"w-4 h-4 text-black rotate-180\" xmlns=\"http:\/\/www.w3.org\/2000\/svg\" fill=\"none\" viewBox=\"0 0 25 25\">\n\n<path fill=\"#BB3E3E\" d=\"M8.325 11.5H20.5v2H8.325l5.6 5.6-1.425 1.4-8-8 8-8 1.425 1.4-5.6 5.6Z\"\/>\n\n<\/svg>\n          <\/div>\n        <\/div>\n        <div class=\"w-full\">\n          <div class=\"swiper-pagination\"><\/div>\n        <\/div>\n\n      <\/div>\n\n      <div class=\"order-1 col-span-full md:order-2 md:col-span-6 md:col-end-13 lg:col-span-7\">\n        <div class=\"swiper swiper-home\">\n          <div class=\"swiper-wrapper justify-stretch\">\n\n                          \n              <div class=\"h-auto swiper-slide\">\n                <div class=\"relative h-full overflow-hidden\">\n                  <img loading=\"lazy\" decoding=\"async\" width=\"1000\" height=\"662\" src=\"https:\/\/fundacioesteve.mortensen.cat\/app\/uploads\/2025\/09\/vestibul_principal_nou_2.jpg\" class=\"w-full h-full object-cover\" alt=\"\" srcset=\"https:\/\/fundacioesteve.mortensen.cat\/app\/uploads\/2025\/09\/vestibul_principal_nou_2.jpg 1000w, https:\/\/fundacioesteve.mortensen.cat\/app\/uploads\/2025\/09\/vestibul_principal_nou_2-300x199.jpg 300w, https:\/\/fundacioesteve.mortensen.cat\/app\/uploads\/2025\/09\/vestibul_principal_nou_2-768x508.jpg 768w\" sizes=\"auto, (max-width: 1000px) 100vw, 1000px\" \/>\n\n                                      <a class=\"inset\" href=\"https:\/\/fundacioesteve.mortensen.cat\/es\/catedra\/\"><\/a>\n                                  <\/div>\n              <\/div>\n                      <\/div>\n        <\/div>\n      <\/div>\n\n    <\/article>\n  <\/section>\n\n  <section\n    class=\"flex flex-col items-center justify-center overflow-x-hidden bg-white wrap-hero lg:hidden \">\n    <article class=\"w-full py-4 hero-home-mobile\">\n      <div class=\"w-full overflow-hidden swiper-home-mobile\">\n        <div class=\"items-stretch swiper-wrapper\">\n                                  <div class=\"swiper-slide relative !flex !h-auto flex-col overflow-hidden\">\n              <figure class=\"relative overflow-hidden bg-black group\">\n\n                <img loading=\"lazy\" decoding=\"async\" width=\"1000\" height=\"662\" src=\"https:\/\/fundacioesteve.mortensen.cat\/app\/uploads\/2025\/09\/vestibul_principal_nou_2.jpg\" class=\"cover group-hover:opacity-70\" alt=\"\" srcset=\"https:\/\/fundacioesteve.mortensen.cat\/app\/uploads\/2025\/09\/vestibul_principal_nou_2.jpg 1000w, https:\/\/fundacioesteve.mortensen.cat\/app\/uploads\/2025\/09\/vestibul_principal_nou_2-300x199.jpg 300w, https:\/\/fundacioesteve.mortensen.cat\/app\/uploads\/2025\/09\/vestibul_principal_nou_2-768x508.jpg 768w\" sizes=\"auto, (max-width: 1000px) 100vw, 1000px\" \/>\n                <div class=\"absolute inset-x-0 bottom-0 z-20 h-1\/3 bg-gradient-to-t from-white to-transparent\">\n                <\/div>\n              <\/figure>\n              <div class=\"flex-1 px-4 py-6\">\n                <h2 class=\"order-1 mt-4 font-serif text-2xl text-balance\">\n                  C\u00c1TEDRA UB \u2013 Dr. Antoni Esteve Subirana de Investigaci\u00f3n en Farmacolog\u00eda\n                <\/h2>\n                <div class=\"order-3 mt-1 text-base text-current md:order-2\">\n                  <p>\n                    \n                  <\/p>\n                <\/div>\n              <\/div>\n                              <a class=\"inset\" href=\"https:\/\/fundacioesteve.mortensen.cat\/es\/catedra\/\"><\/a>\n                          <\/div>\n                  <\/div>\n\n        <div class=\"relative flex items-center justify-between order-3 w-full gap-8 pt-3 col-span-full\">\n          <div class=\"swiper-pagination\"><\/div>\n          <div class=\"flex items-center justify-center gap-8\">\n            <div class=\"swiper-button-prev\">\n              <svg class=\"w-auto h-4 text-black\" xmlns=\"http:\/\/www.w3.org\/2000\/svg\" fill=\"none\" viewBox=\"0 0 25 25\">\n\n<path fill=\"#BB3E3E\" d=\"M8.325 11.5H20.5v2H8.325l5.6 5.6-1.425 1.4-8-8 8-8 1.425 1.4-5.6 5.6Z\"\/>\n\n<\/svg>\n            <\/div>\n            <div class=\"swiper-button-next\">\n              <svg class=\"w-auto h-4 text-black rotate-180\" xmlns=\"http:\/\/www.w3.org\/2000\/svg\" fill=\"none\" viewBox=\"0 0 25 25\">\n\n<path fill=\"#BB3E3E\" d=\"M8.325 11.5H20.5v2H8.325l5.6 5.6-1.425 1.4-8-8 8-8 1.425 1.4-5.6 5.6Z\"\/>\n\n<\/svg>\n            <\/div>\n          <\/div>\n\n        <\/div>\n      <\/div>\n    <\/article>\n  <\/section>\n\n<\/div>\n\n\n<section class=\"\">\n          <div class=\"container-fluid\">\n            <div class=\"grid grid-cols-12 py-8 lg:py-20 gap-x-8 gap-y-6\">\n  <div class=\"flex flex-col col-span-full md:col-span-6 lg:col-span-5 gap-y-4\">\n        <h2 class=\"desk-h1 mbl-h1\">Dr. Antoni Esteve Subirana<\/h2>\n            <div class=\"pb-2 lg:pb-8 default-text\"><p>Su esp\u00edritu emprendedor y su vocaci\u00f3n por la farmacolog\u00eda lo llevaron a crear las primeras especialidades originales en la segunda planta de la farmacia que su familia ten\u00eda desde hac\u00eda cinco generaciones.<\/p>\n<\/div>\n            <a href=\"https:\/\/fundacioesteve.mortensen.cat\/es\/antoni-esteve-subirana\/\" class=\" text-lg text-red-500 hover:text-black underline underline-offset-4 decoration-black group-hover:text-white group-hover:decoration-white align wp-block-call-to-action-block\">\n  Conoce al doctor Antoni Esteve Subirana\n<\/a>\n      <\/div>\n  <div class=\"col-span-full md:col-span-5 md:col-end-13\">\n        <img loading=\"lazy\" decoding=\"async\" width=\"535\" height=\"401\" src=\"https:\/\/fundacioesteve.mortensen.cat\/app\/uploads\/2024\/05\/doctor-CTA.jpg\" class=\"w-full h-auto\" alt=\"\" srcset=\"https:\/\/fundacioesteve.mortensen.cat\/app\/uploads\/2024\/05\/doctor-CTA.jpg 535w, https:\/\/fundacioesteve.mortensen.cat\/app\/uploads\/2024\/05\/doctor-CTA-300x225.jpg 300w\" sizes=\"auto, (max-width: 535px) 100vw, 535px\" \/>\n      <\/div>\n<\/div>\n          <\/div>\n        <\/section>\n        \n\n<section class=\"grid grid-cols-12 py-4 container-fluid gap-x-8 categories-cards\">\n          <div class=\"flex items-center justify-between pb-4 col-span-full\">\n\n        <h2 class=\"uppercase desk-text mbl-text\">\n          ACTUACIONES\n        <\/h2>\n\n                \n      <\/div>\n    \n                <div class=\"relative py-2 col-span-full md:col-span-6 lg:col-span-4 lg:py-8 group category-card\"  data-categoria=\"generamos\">\n\n        <div class=\"relative flex flex-col justify-end w-full overflow-hidden bg-white aspect-square\">\n\n          <img loading=\"lazy\" decoding=\"async\" width=\"1269\" height=\"1326\" src=\"https:\/\/fundacioesteve.mortensen.cat\/app\/uploads\/2024\/06\/generem.jpg\" class=\"absolute w-full h-auto object-contain object-top\" alt=\"\" srcset=\"https:\/\/fundacioesteve.mortensen.cat\/app\/uploads\/2024\/06\/generem.jpg 1269w, https:\/\/fundacioesteve.mortensen.cat\/app\/uploads\/2024\/06\/generem-287x300.jpg 287w, https:\/\/fundacioesteve.mortensen.cat\/app\/uploads\/2024\/06\/generem-980x1024.jpg 980w, https:\/\/fundacioesteve.mortensen.cat\/app\/uploads\/2024\/06\/generem-768x802.jpg 768w\" sizes=\"auto, (max-width: 1269px) 100vw, 1269px\" \/>\n\n          <div class=\"card-content relative bottom-0 z-10 p-6 2xl:h-[43%] group-hover:text-white transition-all duration-300 ease-in-out pointer-events-none\">\n            <h3 class=\"mt-4 desk-h3 mbl-h3\">Generamos Ciencia<\/h3>\n            <p class=\"mt-2 text-sm\">Organizamos conferencias, simposios, mesas redondas y jornadas para ofrecer un espacio de debate cient\u00edfico donde compartir y contrastar conocimiento en temas relevantes de la farmacolog\u00eda.<\/p>\n          <\/div>\n          <div\n            class=\"card-gradient absolute inset-0 bg-gradient-to-t from-white from-35% lg:from-40% xl:from-35% 2xl:from-30% to-transparent group-hover:from-red-500 transition-all duration-300 ease-in-out\">\n          <\/div>\n        <\/div>\n        <a href=\"https:\/\/fundacioesteve.mortensen.cat\/es\/actuaciones\/?categoria=generamos&#038;page=1\" class=\"absolute inset-0\"><\/a>\n      <\/div>\n                <div class=\"relative py-2 col-span-full md:col-span-6 lg:col-span-4 lg:py-8 group category-card\"  data-categoria=\"comunicamos\">\n\n        <div class=\"relative flex flex-col justify-end w-full overflow-hidden bg-white aspect-square\">\n\n          <img loading=\"lazy\" decoding=\"async\" width=\"1269\" height=\"1326\" src=\"https:\/\/fundacioesteve.mortensen.cat\/app\/uploads\/2024\/06\/comuniquem.jpg\" class=\"absolute w-full h-auto object-contain object-top\" alt=\"\" srcset=\"https:\/\/fundacioesteve.mortensen.cat\/app\/uploads\/2024\/06\/comuniquem.jpg 1269w, https:\/\/fundacioesteve.mortensen.cat\/app\/uploads\/2024\/06\/comuniquem-287x300.jpg 287w, https:\/\/fundacioesteve.mortensen.cat\/app\/uploads\/2024\/06\/comuniquem-980x1024.jpg 980w, https:\/\/fundacioesteve.mortensen.cat\/app\/uploads\/2024\/06\/comuniquem-768x802.jpg 768w\" sizes=\"auto, (max-width: 1269px) 100vw, 1269px\" \/>\n\n          <div class=\"card-content relative bottom-0 z-10 p-6 2xl:h-[43%] group-hover:text-white transition-all duration-300 ease-in-out pointer-events-none\">\n            <h3 class=\"mt-4 desk-h3 mbl-h3\">Comunicamos Ciencia<\/h3>\n            <p class=\"mt-2 text-sm\">Impartimos cursos, debates y jornadas donde la ciencia y el periodismo convergen para mejorar la comunicaci\u00f3n, la transferencia y la divulgaci\u00f3n del conocimiento cient\u00edfico.<\/p>\n          <\/div>\n          <div\n            class=\"card-gradient absolute inset-0 bg-gradient-to-t from-white from-35% lg:from-40% xl:from-35% 2xl:from-30% to-transparent group-hover:from-red-500 transition-all duration-300 ease-in-out\">\n          <\/div>\n        <\/div>\n        <a href=\"https:\/\/fundacioesteve.mortensen.cat\/es\/actuaciones\/?categoria=comunicamos&#038;page=1\" class=\"absolute inset-0\"><\/a>\n      <\/div>\n                <div class=\"relative py-2 col-span-full md:col-span-6 lg:col-span-4 lg:py-8 group category-card\"  data-categoria=\"culturalizamos\">\n\n        <div class=\"relative flex flex-col justify-end w-full overflow-hidden bg-white aspect-square\">\n\n          <img loading=\"lazy\" decoding=\"async\" width=\"1269\" height=\"1326\" src=\"https:\/\/fundacioesteve.mortensen.cat\/app\/uploads\/2024\/06\/culturitzem.jpg\" class=\"absolute w-full h-auto object-contain object-top\" alt=\"\" srcset=\"https:\/\/fundacioesteve.mortensen.cat\/app\/uploads\/2024\/06\/culturitzem.jpg 1269w, https:\/\/fundacioesteve.mortensen.cat\/app\/uploads\/2024\/06\/culturitzem-287x300.jpg 287w, https:\/\/fundacioesteve.mortensen.cat\/app\/uploads\/2024\/06\/culturitzem-980x1024.jpg 980w, https:\/\/fundacioesteve.mortensen.cat\/app\/uploads\/2024\/06\/culturitzem-768x802.jpg 768w\" sizes=\"auto, (max-width: 1269px) 100vw, 1269px\" \/>\n\n          <div class=\"card-content relative bottom-0 z-10 p-6 2xl:h-[43%] group-hover:text-white transition-all duration-300 ease-in-out pointer-events-none\">\n            <h3 class=\"mt-4 desk-h3 mbl-h3\">Culturalizamos Ciencia<\/h3>\n            <p class=\"mt-2 text-sm\">Acercamos la ciencia a la sociedad a trav\u00e9s de acciones inclusivas y divulgativas donde la ciencia y la cultura interact\u00faan, con una atenci\u00f3n especial al uso del lenguaje cient\u00edfico en catal\u00e1n.<\/p>\n          <\/div>\n          <div\n            class=\"card-gradient absolute inset-0 bg-gradient-to-t from-white from-35% lg:from-40% xl:from-35% 2xl:from-30% to-transparent group-hover:from-red-500 transition-all duration-300 ease-in-out\">\n          <\/div>\n        <\/div>\n        <a href=\"https:\/\/fundacioesteve.mortensen.cat\/es\/actuaciones\/?categoria=culturalizamos&#038;page=1\" class=\"absolute inset-0\"><\/a>\n      <\/div>\n      <\/section>\n\n\n<section class=\"  bg-red-500 text-white \">\n    <div class=\" container-fluid\">\n      <div class=\"relative grid w-full h-full grid-cols-12 py-40 gap-x-8\">\n        <div class=\"flex flex-col items-center col-span-full md:col-span-6 md:col-start-4 gap-y-4\">\n                      <h2 class=\"font-serif text-xl italic text-center lg:text-2xl\">Dos deseos vocacionalmente sentidos, investigaci\u00f3n y calidad, han presidido siempre nuestra actividad profesional<\/h2>\n                                <div class=\"py-6 text-center desk-text-bold \">Dr. Antoni Esteve Subirana<\/div>\n                  <\/div>\n        <div class=\"absolute left-0 -bottom-7  text-grey-50 \">\n          <svg class=\"w-40 h-40\" xmlns=\"http:\/\/www.w3.org\/2000\/svg\" fill=\"none\" viewBox=\"0 0 166 122\"><path fill=\"currentColor\" d=\"M24.695 44.566c0-10.628 8.385-19.325 18.895-19.851V5C22.218 5.527 5 23.077 5 44.566v72.754h66.982V50.318H24.695v-5.752ZM161.002 50.318h-47.288v-5.752c0-10.628 8.385-19.325 18.896-19.851V5C111.218 5.527 94 23.077 94 44.566v72.754h67.002V50.318Z\"\/><\/svg>\n        <\/div>\n        <div class=\"absolute right-0 -top-7  text-grey-50 \">\n          <svg class=\"w-40 h-40 rotate-180\" xmlns=\"http:\/\/www.w3.org\/2000\/svg\" fill=\"none\" viewBox=\"0 0 166 122\"><path fill=\"currentColor\" d=\"M24.695 44.566c0-10.628 8.385-19.325 18.895-19.851V5C22.218 5.527 5 23.077 5 44.566v72.754h66.982V50.318H24.695v-5.752ZM161.002 50.318h-47.288v-5.752c0-10.628 8.385-19.325 18.896-19.851V5C111.218 5.527 94 23.077 94 44.566v72.754h67.002V50.318Z\"\/><\/svg>\n        <\/div>\n      <\/div>\n    <\/div>\n\n  <\/section>\n\n\n<section class=\"w-full\">\n          <div class=\"container-fluid relative flex h-screen items-center justify-center gap-x-8 gap-y-6 py-8 lg:py-40 -mt-[1px]\">\n      <div class=\"absolute inset-0 z-0 w-full h-full\">\n      <img loading=\"lazy\" decoding=\"async\" width=\"1440\" height=\"810\" src=\"https:\/\/fundacioesteve.mortensen.cat\/app\/uploads\/2024\/05\/Farmacia-Esteve-CTA.jpg\" class=\"w-full h-full object-cover\" alt=\"\" srcset=\"https:\/\/fundacioesteve.mortensen.cat\/app\/uploads\/2024\/05\/Farmacia-Esteve-CTA.jpg 1440w, https:\/\/fundacioesteve.mortensen.cat\/app\/uploads\/2024\/05\/Farmacia-Esteve-CTA-300x169.jpg 300w, https:\/\/fundacioesteve.mortensen.cat\/app\/uploads\/2024\/05\/Farmacia-Esteve-CTA-1024x576.jpg 1024w, https:\/\/fundacioesteve.mortensen.cat\/app\/uploads\/2024\/05\/Farmacia-Esteve-CTA-768x432.jpg 768w\" sizes=\"auto, (max-width: 1440px) 100vw, 1440px\" \/>\n    <\/div>\n    <div class=\"relative z-10 flex flex-col col-span-full gap-y-4 md:col-span-6 lg:col-span-5\">\n          <h2 class=\"text-center text-white desk-h1 mbl-h1\">Historia<\/h2>\n              <div class=\"max-w-md pb-2 text-center text-white default-text lg:pb-8\"><p>Durante m\u00e1s de 40 a\u00f1os, la Fundaci\u00f3n Dr. Antoni Esteve impuls\u00f3 iniciativas de investigaci\u00f3n y divulgaci\u00f3n cient\u00edfica en el \u00e1mbito de la farmacolog\u00eda, contribuyendo a preservar y proyectar el legado del Dr. Antoni Esteve Subirana.<\/p>\n<p>&nbsp;<\/p>\n<p>Hoy, este legado pervive a trav\u00e9s de <em>Dr. Antoni Esteve i Subirana Ci\u00e8ncia<\/em>, que da continuidad al proyecto.<\/p>\n<\/div>\n              <a href=\"https:\/\/fundacioesteve.mortensen.cat\/es\/quienes-somos\/historia\/\" class=\" text-lg text-white hover:decoration-red-500 underline underline-offset-4 decoration-white  text-center\">\n  Conoce nuestra historia\n<\/a>\n      <\/div>\n\n<\/div>\n        <\/section>\n        ","protected":false},"excerpt":{"rendered":"","protected":false},"author":1,"featured_media":0,"parent":0,"menu_order":0,"comment_status":"closed","ping_status":"closed","template":"","meta":{"_acf_changed":false,"footnotes":""},"basics_global_taxonomy":[],"class_list":["post-696","page","type-page","status-publish","hentry"],"acf":[],"yoast_head":"<!-- This site is optimized with the Yoast SEO plugin v27.5 - https:\/\/yoast.com\/product\/yoast-seo-wordpress\/ -->\n<title>Dr. Antoni Esteve i Subirana | CI\u00c8NCIA - Inici<\/title>\n<meta name=\"description\" content=\"La Fundaci\u00f3 Dr. Antoni Esteve treballa per promoure la recerca farmacol\u00f2gica tant a nivell nacional com internacional.\" \/>\n<meta name=\"robots\" content=\"noindex, follow, max-snippet:-1, max-image-preview:large, max-video-preview:-1\" \/>\n<meta property=\"og:locale\" content=\"es_ES\" \/>\n<meta property=\"og:type\" content=\"article\" \/>\n<meta property=\"og:title\" content=\"Dr. Antoni Esteve i Subirana | CI\u00c8NCIA - Inici\" \/>\n<meta property=\"og:description\" content=\"La Fundaci\u00f3 Dr. Antoni Esteve treballa per promoure la recerca farmacol\u00f2gica tant a nivell nacional com internacional.\" \/>\n<meta property=\"og:url\" content=\"https:\/\/esteve.org\/es\/\" \/>\n<meta property=\"og:site_name\" content=\"Dr. Antoni Esteve i Subirana | CI\u00c8NCIA\" \/>\n<meta property=\"article:modified_time\" content=\"2026-02-16T11:43:06+00:00\" \/>\n<meta name=\"twitter:card\" content=\"summary_large_image\" \/>\n<meta name=\"twitter:label1\" content=\"Est. reading time\" \/>\n\t<meta name=\"twitter:data1\" content=\"2 minutes\" \/>\n<script type=\"application\/ld+json\" class=\"yoast-schema-graph\">{\"@context\":\"https:\\\/\\\/schema.org\",\"@graph\":[{\"@type\":\"WebPage\",\"@id\":\"https:\\\/\\\/esteve.org\\\/es\\\/\",\"url\":\"https:\\\/\\\/esteve.org\\\/es\\\/\",\"name\":\"Dr. Antoni Esteve i Subirana | CI\u00c8NCIA - Inici\",\"isPartOf\":{\"@id\":\"https:\\\/\\\/esteve.org\\\/#website\"},\"datePublished\":\"2024-05-15T15:35:01+00:00\",\"dateModified\":\"2026-02-16T11:43:06+00:00\",\"description\":\"La Fundaci\u00f3 Dr. Antoni Esteve treballa per promoure la recerca farmacol\u00f2gica tant a nivell nacional com internacional.\",\"inLanguage\":\"es-ES\",\"potentialAction\":[{\"@type\":\"ReadAction\",\"target\":[\"https:\\\/\\\/esteve.org\\\/es\\\/\"]}]},{\"@type\":\"WebSite\",\"@id\":\"https:\\\/\\\/esteve.org\\\/#website\",\"url\":\"https:\\\/\\\/esteve.org\\\/\",\"name\":\"Fundaci\u00f3 Dr. Antoni Esteve\",\"description\":\"\",\"potentialAction\":[{\"@type\":\"SearchAction\",\"target\":{\"@type\":\"EntryPoint\",\"urlTemplate\":\"https:\\\/\\\/esteve.org\\\/?s={search_term_string}\"},\"query-input\":{\"@type\":\"PropertyValueSpecification\",\"valueRequired\":true,\"valueName\":\"search_term_string\"}}],\"inLanguage\":\"es-ES\"}]}<\/script>\n<!-- \/ Yoast SEO plugin. -->","yoast_head_json":{"title":"Dr. Antoni Esteve i Subirana | CI\u00c8NCIA - Inici","description":"La Fundaci\u00f3 Dr. Antoni Esteve treballa per promoure la recerca farmacol\u00f2gica tant a nivell nacional com internacional.","robots":{"index":"noindex","follow":"follow","max-snippet":"max-snippet:-1","max-image-preview":"max-image-preview:large","max-video-preview":"max-video-preview:-1"},"og_locale":"es_ES","og_type":"article","og_title":"Dr. Antoni Esteve i Subirana | CI\u00c8NCIA - Inici","og_description":"La Fundaci\u00f3 Dr. Antoni Esteve treballa per promoure la recerca farmacol\u00f2gica tant a nivell nacional com internacional.","og_url":"https:\/\/esteve.org\/es\/","og_site_name":"Dr. Antoni Esteve i Subirana | CI\u00c8NCIA","article_modified_time":"2026-02-16T11:43:06+00:00","twitter_card":"summary_large_image","twitter_misc":{"Est. reading time":"2 minutes"},"schema":{"@context":"https:\/\/schema.org","@graph":[{"@type":"WebPage","@id":"https:\/\/esteve.org\/es\/","url":"https:\/\/esteve.org\/es\/","name":"Dr. Antoni Esteve i Subirana | CI\u00c8NCIA - Inici","isPartOf":{"@id":"https:\/\/esteve.org\/#website"},"datePublished":"2024-05-15T15:35:01+00:00","dateModified":"2026-02-16T11:43:06+00:00","description":"La Fundaci\u00f3 Dr. Antoni Esteve treballa per promoure la recerca farmacol\u00f2gica tant a nivell nacional com internacional.","inLanguage":"es-ES","potentialAction":[{"@type":"ReadAction","target":["https:\/\/esteve.org\/es\/"]}]},{"@type":"WebSite","@id":"https:\/\/esteve.org\/#website","url":"https:\/\/esteve.org\/","name":"Fundaci\u00f3 Dr. Antoni Esteve","description":"","potentialAction":[{"@type":"SearchAction","target":{"@type":"EntryPoint","urlTemplate":"https:\/\/esteve.org\/?s={search_term_string}"},"query-input":{"@type":"PropertyValueSpecification","valueRequired":true,"valueName":"search_term_string"}}],"inLanguage":"es-ES"}]}},"_links":{"self":[{"href":"https:\/\/fundacioesteve.mortensen.cat\/es\/wp-json\/wp\/v2\/pages\/696","targetHints":{"allow":["GET"]}}],"collection":[{"href":"https:\/\/fundacioesteve.mortensen.cat\/es\/wp-json\/wp\/v2\/pages"}],"about":[{"href":"https:\/\/fundacioesteve.mortensen.cat\/es\/wp-json\/wp\/v2\/types\/page"}],"author":[{"embeddable":true,"href":"https:\/\/fundacioesteve.mortensen.cat\/es\/wp-json\/wp\/v2\/users\/1"}],"replies":[{"embeddable":true,"href":"https:\/\/fundacioesteve.mortensen.cat\/es\/wp-json\/wp\/v2\/comments?post=696"}],"version-history":[{"count":25,"href":"https:\/\/fundacioesteve.mortensen.cat\/es\/wp-json\/wp\/v2\/pages\/696\/revisions"}],"predecessor-version":[{"id":2279,"href":"https:\/\/fundacioesteve.mortensen.cat\/es\/wp-json\/wp\/v2\/pages\/696\/revisions\/2279"}],"wp:attachment":[{"href":"https:\/\/fundacioesteve.mortensen.cat\/es\/wp-json\/wp\/v2\/media?parent=696"}],"wp:term":[{"taxonomy":"basics_global_taxonomy","embeddable":true,"href":"https:\/\/fundacioesteve.mortensen.cat\/es\/wp-json\/wp\/v2\/basics_global_taxonomy?post=696"}],"curies":[{"name":"wp","href":"https:\/\/api.w.org\/{rel}","templated":true}]}}